{"id":458528,"date":"2025-11-28T10:16:31","date_gmt":"2025-11-28T10:16:31","guid":{"rendered":"https:\/\/stylingagenten.com\/no\/produkt\/hugo-boss-boss-bottled-beyond-deo-spray-150ml\/"},"modified":"2026-04-08T20:48:50","modified_gmt":"2026-04-08T20:48:50","slug":"hugo-boss-boss-bottled-beyond-deo-spray-150ml","status":"publish","type":"product","link":"https:\/\/stylingagenten.com\/no\/produkt\/hugo-boss-boss-bottled-beyond-deo-spray-150ml\/","title":{"rendered":"Hugo Boss Boss Bottled Beyond Deo Spray 150ml"},"content":{"rendered":"<p>Hugo Boss Boss Bottled Beyond Deo Spray er en effektiv og forfriskende deodorant for menn, som gir opptil 48 timers beskyttelse mot lukt. Den maskuline duften kombinerer livlig ingef\u00e6r med sofistikert l\u00e6r for en langvarig og energisk duftopplevelse. Formelen gir en umiddelbar kj\u00f8lende effekt, er sk\u00e5nsom mot sensitiv hud og etterlater ingen synlige rester. Den elegante sprayflasken i svart og gunmetal matcher signaturduften BOSS Bottled Beyond Eau de Parfum og fullf\u00f8rer duftopplevelsen. Perfekt for en aktiv livsstil der komfort m\u00f8ter stil.<\/p>\n<p>150ml<\/p>\n","protected":false},"excerpt":{"rendered":"<p>Hugo Boss Boss Bottled Beyond Deo Spray er en effektiv og forfriskende deodorant for menn, som gir opptil 48 timers beskyttelse mot lukt. Den maskuline duften kombinerer livlig ingef\u00e6r med sofistikert l\u00e6r for en langvarig og energisk duftopplevelse. Formelen gir en umiddelbar kj\u00f8lende effekt, er sk\u00e5nsom mot sensitiv hud og etterlater ingen synlige rester. Den [&hellip;]<\/p>\n","protected":false},"featured_media":458527,"comment_status":"open","ping_status":"closed","template":"","meta":{"_trash_the_other_posts":false},"product_brand":[],"product_cat":[722,735,1000],"product_tag":[],"berocket_brand":[1339],"class_list":{"0":"post-458528","1":"product","2":"type-product","3":"status-publish","4":"has-post-thumbnail","6":"product_cat-deospray-herre","7":"product_cat-kampanje","8":"product_cat-kampanjetilbud-for-ham","9":"pa_brand-hugo-boss","10":"berocket_brand-hugo-boss","12":"first","13":"instock","14":"sale","15":"taxable","16":"shipping-taxable","17":"purchasable","18":"product-type-simple"},"_links":{"self":[{"href":"https:\/\/stylingagenten.com\/no\/wp-json\/wp\/v2\/product\/458528","targetHints":{"allow":["GET"]}}],"collection":[{"href":"https:\/\/stylingagenten.com\/no\/wp-json\/wp\/v2\/product"}],"about":[{"href":"https:\/\/stylingagenten.com\/no\/wp-json\/wp\/v2\/types\/product"}],"replies":[{"embeddable":true,"href":"https:\/\/stylingagenten.com\/no\/wp-json\/wp\/v2\/comments?post=458528"}],"version-history":[{"count":0,"href":"https:\/\/stylingagenten.com\/no\/wp-json\/wp\/v2\/product\/458528\/revisions"}],"wp:featuredmedia":[{"embeddable":true,"href":"https:\/\/stylingagenten.com\/no\/wp-json\/wp\/v2\/media\/458527"}],"wp:attachment":[{"href":"https:\/\/stylingagenten.com\/no\/wp-json\/wp\/v2\/media?parent=458528"}],"wp:term":[{"taxonomy":"product_brand","embeddable":true,"href":"https:\/\/stylingagenten.com\/no\/wp-json\/wp\/v2\/product_brand?post=458528"},{"taxonomy":"product_cat","embeddable":true,"href":"https:\/\/stylingagenten.com\/no\/wp-json\/wp\/v2\/product_cat?post=458528"},{"taxonomy":"product_tag","embeddable":true,"href":"https:\/\/stylingagenten.com\/no\/wp-json\/wp\/v2\/product_tag?post=458528"},{"taxonomy":"berocket_brand","embeddable":true,"href":"https:\/\/stylingagenten.com\/no\/wp-json\/wp\/v2\/berocket_brand?post=458528"}],"curies":[{"name":"wp","href":"https:\/\/api.w.org\/{rel}","templated":true}]}}