{"id":458390,"date":"2025-11-27T13:30:44","date_gmt":"2025-11-27T13:30:44","guid":{"rendered":"https:\/\/stylingagenten.com\/no\/produkt\/dkny-24-7-edp-50ml\/"},"modified":"2026-03-26T21:31:40","modified_gmt":"2026-03-26T21:31:40","slug":"dkny-24-7-edp-50ml","status":"publish","type":"product","link":"https:\/\/stylingagenten.com\/no\/produkt\/dkny-24-7-edp-50ml\/","title":{"rendered":"DKNY 24\/7 Edp 50ml"},"content":{"rendered":"<p>DKNY 24\/7 \u2013 en teksturert blomsterduft inspirert av byen som aldri sover. Tr\u00e5 inn i New Yorks pulserende rytme med DKNY 24\/7 Eau de Parfum, en duft like dynamisk som byen selv. Denne unike blandingen fanger den ustoppelige energien i metropolen der dr\u00f8mmer skapes fra morgen til kveld. Opplev den oppkvikkende rusen p\u00e5 Times Square med et elektrisk utbrudd av rosa pepper. N\u00e5r duften utvikler seg, blomstrer et rosenhjerte som speiler byens mangefasetterte karakter. Til slutt, i den langvarige omfavnelsen av sedertre og musk, legemliggj\u00f8res byens varige sofistikering og styrke. DKNY 24\/7 er mer enn en duft; det er en hyllest til de som lever livet uten grenser \u2013 alltid klar, alltid i bevegelse, alltid p\u00e5.<\/p>\n<p>Toppnoter: Elektrisk rosa pepper<br \/>Hjertenoter: Blomstrende rose<br \/>Basnoter: Sedertre, Musk<\/p>\n<p>50ml<\/p>\n","protected":false},"excerpt":{"rendered":"<p>DKNY 24\/7 \u2013 en teksturert blomsterduft inspirert av byen som aldri sover. Tr\u00e5 inn i New Yorks pulserende rytme med DKNY 24\/7 Eau de Parfum, en duft like dynamisk som byen selv. Denne unike blandingen fanger den ustoppelige energien i metropolen der dr\u00f8mmer skapes fra morgen til kveld. Opplev den oppkvikkende rusen p\u00e5 Times Square [&hellip;]<\/p>\n","protected":false},"featured_media":458388,"comment_status":"open","ping_status":"closed","template":"","meta":{"_trash_the_other_posts":false},"product_brand":[],"product_cat":[706,735,999],"product_tag":[],"berocket_brand":[1291],"class_list":{"0":"post-458390","1":"product","2":"type-product","3":"status-publish","4":"has-post-thumbnail","6":"product_cat-eau-de-parfum-dame","7":"product_cat-kampanje","8":"product_cat-kampanjetilbud-for-henne","9":"pa_brand-dkny","10":"berocket_brand-dkny","12":"first","13":"instock","14":"sale","15":"taxable","16":"shipping-taxable","17":"purchasable","18":"product-type-simple"},"_links":{"self":[{"href":"https:\/\/stylingagenten.com\/no\/wp-json\/wp\/v2\/product\/458390","targetHints":{"allow":["GET"]}}],"collection":[{"href":"https:\/\/stylingagenten.com\/no\/wp-json\/wp\/v2\/product"}],"about":[{"href":"https:\/\/stylingagenten.com\/no\/wp-json\/wp\/v2\/types\/product"}],"replies":[{"embeddable":true,"href":"https:\/\/stylingagenten.com\/no\/wp-json\/wp\/v2\/comments?post=458390"}],"version-history":[{"count":0,"href":"https:\/\/stylingagenten.com\/no\/wp-json\/wp\/v2\/product\/458390\/revisions"}],"wp:featuredmedia":[{"embeddable":true,"href":"https:\/\/stylingagenten.com\/no\/wp-json\/wp\/v2\/media\/458388"}],"wp:attachment":[{"href":"https:\/\/stylingagenten.com\/no\/wp-json\/wp\/v2\/media?parent=458390"}],"wp:term":[{"taxonomy":"product_brand","embeddable":true,"href":"https:\/\/stylingagenten.com\/no\/wp-json\/wp\/v2\/product_brand?post=458390"},{"taxonomy":"product_cat","embeddable":true,"href":"https:\/\/stylingagenten.com\/no\/wp-json\/wp\/v2\/product_cat?post=458390"},{"taxonomy":"product_tag","embeddable":true,"href":"https:\/\/stylingagenten.com\/no\/wp-json\/wp\/v2\/product_tag?post=458390"},{"taxonomy":"berocket_brand","embeddable":true,"href":"https:\/\/stylingagenten.com\/no\/wp-json\/wp\/v2\/berocket_brand?post=458390"}],"curies":[{"name":"wp","href":"https:\/\/api.w.org\/{rel}","templated":true}]}}