{"id":458375,"date":"2025-11-27T13:30:28","date_gmt":"2025-11-27T13:30:28","guid":{"rendered":"https:\/\/stylingagenten.com\/no\/produkt\/giftset-chloe-edp-50ml-body-lotion-100ml\/"},"modified":"2026-03-26T21:30:20","modified_gmt":"2026-03-26T21:30:20","slug":"giftset-chloe-edp-50ml-body-lotion-100ml","status":"publish","type":"product","link":"https:\/\/stylingagenten.com\/no\/produkt\/giftset-chloe-edp-50ml-body-lotion-100ml\/","title":{"rendered":"Giftset Chlo\u00e9 Edp 50ml + Body Lotion 100ml"},"content":{"rendered":"<p>Feir sesongens magi med Chlo\u00e9 EdP &amp; Body Lotion Gavesett \u2013 en elegant julegave som hyller motehusets ikoniske uttrykk og tidl\u00f8se femininitet. Gaveesken er pyntet med gyldne blomster som minner om glitrende h\u00f8ytidsdekorasjoner \u2013 en invitasjon til \u00e5 feire med glede, stil og duft. Inne skjuler Chlo\u00e9s signaturkreasjon seg i form av en Eau de Parfum og en matchende body lotion. Duften er en moderne tolkning av rosen \u2013 frisk, luftig og sofistikert \u2013 innkapslet i den ikoniske glassflasken med viftebrett og h\u00e5ndbundet sl\u00f8yfe. Sammen skaper duften og lotionen en luksuri\u00f8s opplevelse som blir p\u00e5 huden.<\/p>\n<p>Gavesettet inneholder:<\/p>\n<p>Chlo\u00e9 Eau de Parfum 50 ml<\/p>\n<p>Chlo\u00e9 Body Lotion 100 ml<\/p>\n","protected":false},"excerpt":{"rendered":"<p>Feir sesongens magi med Chlo\u00e9 EdP &amp; Body Lotion Gavesett \u2013 en elegant julegave som hyller motehusets ikoniske uttrykk og tidl\u00f8se femininitet. Gaveesken er pyntet med gyldne blomster som minner om glitrende h\u00f8ytidsdekorasjoner \u2013 en invitasjon til \u00e5 feire med glede, stil og duft. Inne skjuler Chlo\u00e9s signaturkreasjon seg i form av en Eau de [&hellip;]<\/p>\n","protected":false},"featured_media":458373,"comment_status":"open","ping_status":"closed","template":"","meta":{"_trash_the_other_posts":false},"product_brand":[],"product_cat":[544,735,999],"product_tag":[],"berocket_brand":[1101],"class_list":{"0":"post-458375","1":"product","2":"type-product","3":"status-publish","4":"has-post-thumbnail","6":"product_cat-gave-parfyme-dame","7":"product_cat-kampanje","8":"product_cat-kampanjetilbud-for-henne","9":"pa_brand-chloe","10":"berocket_brand-chloe","12":"first","13":"instock","14":"sale","15":"taxable","16":"shipping-taxable","17":"purchasable","18":"product-type-simple"},"_links":{"self":[{"href":"https:\/\/stylingagenten.com\/no\/wp-json\/wp\/v2\/product\/458375","targetHints":{"allow":["GET"]}}],"collection":[{"href":"https:\/\/stylingagenten.com\/no\/wp-json\/wp\/v2\/product"}],"about":[{"href":"https:\/\/stylingagenten.com\/no\/wp-json\/wp\/v2\/types\/product"}],"replies":[{"embeddable":true,"href":"https:\/\/stylingagenten.com\/no\/wp-json\/wp\/v2\/comments?post=458375"}],"version-history":[{"count":0,"href":"https:\/\/stylingagenten.com\/no\/wp-json\/wp\/v2\/product\/458375\/revisions"}],"wp:featuredmedia":[{"embeddable":true,"href":"https:\/\/stylingagenten.com\/no\/wp-json\/wp\/v2\/media\/458373"}],"wp:attachment":[{"href":"https:\/\/stylingagenten.com\/no\/wp-json\/wp\/v2\/media?parent=458375"}],"wp:term":[{"taxonomy":"product_brand","embeddable":true,"href":"https:\/\/stylingagenten.com\/no\/wp-json\/wp\/v2\/product_brand?post=458375"},{"taxonomy":"product_cat","embeddable":true,"href":"https:\/\/stylingagenten.com\/no\/wp-json\/wp\/v2\/product_cat?post=458375"},{"taxonomy":"product_tag","embeddable":true,"href":"https:\/\/stylingagenten.com\/no\/wp-json\/wp\/v2\/product_tag?post=458375"},{"taxonomy":"berocket_brand","embeddable":true,"href":"https:\/\/stylingagenten.com\/no\/wp-json\/wp\/v2\/berocket_brand?post=458375"}],"curies":[{"name":"wp","href":"https:\/\/api.w.org\/{rel}","templated":true}]}}