{"id":449880,"date":"2025-11-04T09:19:00","date_gmt":"2025-11-04T09:19:00","guid":{"rendered":"https:\/\/stylingagenten.com\/no\/produkt\/bjork-tamja-hair-oil-50ml\/"},"modified":"2026-03-31T04:18:48","modified_gmt":"2026-03-31T04:18:48","slug":"bjork-tamja-hair-oil-50ml","status":"publish","type":"product","link":"https:\/\/stylingagenten.com\/no\/produkt\/bjork-tamja-hair-oil-50ml\/","title":{"rendered":"Bj\u00f6rk T\u00c4MJA Hair Oil 50ml"},"content":{"rendered":"<p>Bj\u00f6rk T\u00c4MJA Hair Oil er en n\u00e6rende h\u00e5rolje beriket med sheasm\u00f8r, solsikke- og jojobaolje som tilf\u00f8rer fuktighet, mykgj\u00f8r og temmer frizz. Inneholder ogs\u00e5 havreolje rik p\u00e5 ceramider, som forebygger slitasje og gir glans. Oljen har UV- og varmebeskyttelse, beskytter mot luftfuktighet og inneholder vitamin E og rosmarinblads\u00adekstrakt for sterkere h\u00e5r mot ytre forurensning.<\/p>\n<p>50 ml<\/p>\n","protected":false},"excerpt":{"rendered":"<p>Bj\u00f6rk T\u00c4MJA Hair Oil er en n\u00e6rende h\u00e5rolje beriket med sheasm\u00f8r, solsikke- og jojobaolje som tilf\u00f8rer fuktighet, mykgj\u00f8r og temmer frizz. Inneholder ogs\u00e5 havreolje rik p\u00e5 ceramider, som forebygger slitasje og gir glans. Oljen har UV- og varmebeskyttelse, beskytter mot luftfuktighet og inneholder vitamin E og rosmarinblads\u00adekstrakt for sterkere h\u00e5r mot ytre forurensning. 50 ml<\/p>\n","protected":false},"featured_media":449879,"comment_status":"open","ping_status":"closed","template":"","meta":{"_trash_the_other_posts":false},"product_brand":[],"product_cat":[610],"product_tag":[],"berocket_brand":[1418],"class_list":{"0":"post-449880","1":"product","2":"type-product","3":"status-publish","4":"has-post-thumbnail","6":"product_cat-hare-olje","7":"pa_brand-bjork","8":"berocket_brand-bjork","10":"first","11":"instock","12":"sale","13":"taxable","14":"shipping-taxable","15":"purchasable","16":"product-type-simple"},"_links":{"self":[{"href":"https:\/\/stylingagenten.com\/no\/wp-json\/wp\/v2\/product\/449880","targetHints":{"allow":["GET"]}}],"collection":[{"href":"https:\/\/stylingagenten.com\/no\/wp-json\/wp\/v2\/product"}],"about":[{"href":"https:\/\/stylingagenten.com\/no\/wp-json\/wp\/v2\/types\/product"}],"replies":[{"embeddable":true,"href":"https:\/\/stylingagenten.com\/no\/wp-json\/wp\/v2\/comments?post=449880"}],"version-history":[{"count":0,"href":"https:\/\/stylingagenten.com\/no\/wp-json\/wp\/v2\/product\/449880\/revisions"}],"wp:featuredmedia":[{"embeddable":true,"href":"https:\/\/stylingagenten.com\/no\/wp-json\/wp\/v2\/media\/449879"}],"wp:attachment":[{"href":"https:\/\/stylingagenten.com\/no\/wp-json\/wp\/v2\/media?parent=449880"}],"wp:term":[{"taxonomy":"product_brand","embeddable":true,"href":"https:\/\/stylingagenten.com\/no\/wp-json\/wp\/v2\/product_brand?post=449880"},{"taxonomy":"product_cat","embeddable":true,"href":"https:\/\/stylingagenten.com\/no\/wp-json\/wp\/v2\/product_cat?post=449880"},{"taxonomy":"product_tag","embeddable":true,"href":"https:\/\/stylingagenten.com\/no\/wp-json\/wp\/v2\/product_tag?post=449880"},{"taxonomy":"berocket_brand","embeddable":true,"href":"https:\/\/stylingagenten.com\/no\/wp-json\/wp\/v2\/berocket_brand?post=449880"}],"curies":[{"name":"wp","href":"https:\/\/api.w.org\/{rel}","templated":true}]}}