{"id":449874,"date":"2025-11-04T09:18:44","date_gmt":"2025-11-04T09:18:44","guid":{"rendered":"https:\/\/stylingagenten.com\/no\/produkt\/bjork-tamja-multi-use-leave-in-tamer-75ml\/"},"modified":"2026-03-26T21:30:55","modified_gmt":"2026-03-26T21:30:55","slug":"bjork-tamja-multi-use-leave-in-tamer-75ml","status":"publish","type":"product","link":"https:\/\/stylingagenten.com\/no\/produkt\/bjork-tamja-multi-use-leave-in-tamer-75ml\/","title":{"rendered":"Bj\u00f6rk T\u00c4MJA Multi Use Leave In Tamer 75ml"},"content":{"rendered":"<p>Bj\u00f6rk T\u00c4MJA Multi Use Leave In Tamer er en multifunksjonell leave-in krem med UV-beskyttelse som temmer h\u00e5ret og etterlater det silkemykt. Sk\u00e5nsom, n\u00e6ringsrik og vektl\u00f8s formel som pleier, reparerer og beskytter h\u00e5ret mot skader fra varmeverkt\u00f8y. Gir frizzfritt h\u00e5r med vakker glans som varer hele dagen. Har en frisk og fruktig duft med innslag av vannmelon.<\/p>\n<p>75 ml<\/p>\n","protected":false},"excerpt":{"rendered":"<p>Bj\u00f6rk T\u00c4MJA Multi Use Leave In Tamer er en multifunksjonell leave-in krem med UV-beskyttelse som temmer h\u00e5ret og etterlater det silkemykt. Sk\u00e5nsom, n\u00e6ringsrik og vektl\u00f8s formel som pleier, reparerer og beskytter h\u00e5ret mot skader fra varmeverkt\u00f8y. Gir frizzfritt h\u00e5r med vakker glans som varer hele dagen. Har en frisk og fruktig duft med innslag av [&hellip;]<\/p>\n","protected":false},"featured_media":449873,"comment_status":"open","ping_status":"closed","template":"","meta":{"_trash_the_other_posts":false},"product_brand":[],"product_cat":[615],"product_tag":[],"berocket_brand":[1418],"class_list":{"0":"post-449874","1":"product","2":"type-product","3":"status-publish","4":"has-post-thumbnail","6":"product_cat-harserum","7":"pa_brand-bjork","8":"berocket_brand-bjork","10":"first","11":"instock","12":"sale","13":"taxable","14":"shipping-taxable","15":"purchasable","16":"product-type-simple"},"_links":{"self":[{"href":"https:\/\/stylingagenten.com\/no\/wp-json\/wp\/v2\/product\/449874","targetHints":{"allow":["GET"]}}],"collection":[{"href":"https:\/\/stylingagenten.com\/no\/wp-json\/wp\/v2\/product"}],"about":[{"href":"https:\/\/stylingagenten.com\/no\/wp-json\/wp\/v2\/types\/product"}],"replies":[{"embeddable":true,"href":"https:\/\/stylingagenten.com\/no\/wp-json\/wp\/v2\/comments?post=449874"}],"version-history":[{"count":0,"href":"https:\/\/stylingagenten.com\/no\/wp-json\/wp\/v2\/product\/449874\/revisions"}],"wp:featuredmedia":[{"embeddable":true,"href":"https:\/\/stylingagenten.com\/no\/wp-json\/wp\/v2\/media\/449873"}],"wp:attachment":[{"href":"https:\/\/stylingagenten.com\/no\/wp-json\/wp\/v2\/media?parent=449874"}],"wp:term":[{"taxonomy":"product_brand","embeddable":true,"href":"https:\/\/stylingagenten.com\/no\/wp-json\/wp\/v2\/product_brand?post=449874"},{"taxonomy":"product_cat","embeddable":true,"href":"https:\/\/stylingagenten.com\/no\/wp-json\/wp\/v2\/product_cat?post=449874"},{"taxonomy":"product_tag","embeddable":true,"href":"https:\/\/stylingagenten.com\/no\/wp-json\/wp\/v2\/product_tag?post=449874"},{"taxonomy":"berocket_brand","embeddable":true,"href":"https:\/\/stylingagenten.com\/no\/wp-json\/wp\/v2\/berocket_brand?post=449874"}],"curies":[{"name":"wp","href":"https:\/\/api.w.org\/{rel}","templated":true}]}}