{"id":449718,"date":"2025-11-03T14:25:08","date_gmt":"2025-11-03T14:25:08","guid":{"rendered":"https:\/\/stylingagenten.com\/no\/produkt\/ralph-lauren-polo-sport-fresh-edt-125ml\/"},"modified":"2026-04-11T13:38:32","modified_gmt":"2026-04-11T13:38:32","slug":"ralph-lauren-polo-sport-fresh-edt-125ml","status":"publish","type":"product","link":"https:\/\/stylingagenten.com\/no\/produkt\/ralph-lauren-polo-sport-fresh-edt-125ml\/","title":{"rendered":"Ralph Lauren Polo Sport Fresh Edt 125ml"},"content":{"rendered":"<p>Ralph Lauren Polo Sport Fresh Eau de Toilette er en aromatisk unisexduft som gir ny energi til den ikoniske Polo Sport-klassikeren. Denne forfriskende sitrusduften \u00e5pner med et glitrende utbrudd av saftig mandarin, g\u00e5r over i kraftige irisnoter og avsluttes med en intens akkord av frostet tre med mynte. Perfekt for deg som \u00f8nsker \u00e5 oppleve kraften i en moderne tolkning av en tidl\u00f8s favoritt. En EdT som passer like godt til hverdagsbruk som til spesielle anledninger.<\/p>\n<p>125ml<\/p>\n","protected":false},"excerpt":{"rendered":"<p>Ralph Lauren Polo Sport Fresh Eau de Toilette er en aromatisk unisexduft som gir ny energi til den ikoniske Polo Sport-klassikeren. Denne forfriskende sitrusduften \u00e5pner med et glitrende utbrudd av saftig mandarin, g\u00e5r over i kraftige irisnoter og avsluttes med en intens akkord av frostet tre med mynte. Perfekt for deg som \u00f8nsker \u00e5 oppleve [&hellip;]<\/p>\n","protected":false},"featured_media":449715,"comment_status":"open","ping_status":"closed","template":"","meta":{"_trash_the_other_posts":false},"product_brand":[],"product_cat":[730,735,1000],"product_tag":[],"berocket_brand":[1015],"class_list":{"0":"post-449718","1":"product","2":"type-product","3":"status-publish","4":"has-post-thumbnail","6":"product_cat-eau-de-toilette-unisex","7":"product_cat-kampanje","8":"product_cat-kampanjetilbud-for-ham","9":"pa_brand-ralph-lauren","10":"berocket_brand-ralph-lauren","12":"first","13":"instock","14":"sale","15":"taxable","16":"shipping-taxable","17":"purchasable","18":"product-type-simple"},"_links":{"self":[{"href":"https:\/\/stylingagenten.com\/no\/wp-json\/wp\/v2\/product\/449718","targetHints":{"allow":["GET"]}}],"collection":[{"href":"https:\/\/stylingagenten.com\/no\/wp-json\/wp\/v2\/product"}],"about":[{"href":"https:\/\/stylingagenten.com\/no\/wp-json\/wp\/v2\/types\/product"}],"replies":[{"embeddable":true,"href":"https:\/\/stylingagenten.com\/no\/wp-json\/wp\/v2\/comments?post=449718"}],"version-history":[{"count":0,"href":"https:\/\/stylingagenten.com\/no\/wp-json\/wp\/v2\/product\/449718\/revisions"}],"wp:featuredmedia":[{"embeddable":true,"href":"https:\/\/stylingagenten.com\/no\/wp-json\/wp\/v2\/media\/449715"}],"wp:attachment":[{"href":"https:\/\/stylingagenten.com\/no\/wp-json\/wp\/v2\/media?parent=449718"}],"wp:term":[{"taxonomy":"product_brand","embeddable":true,"href":"https:\/\/stylingagenten.com\/no\/wp-json\/wp\/v2\/product_brand?post=449718"},{"taxonomy":"product_cat","embeddable":true,"href":"https:\/\/stylingagenten.com\/no\/wp-json\/wp\/v2\/product_cat?post=449718"},{"taxonomy":"product_tag","embeddable":true,"href":"https:\/\/stylingagenten.com\/no\/wp-json\/wp\/v2\/product_tag?post=449718"},{"taxonomy":"berocket_brand","embeddable":true,"href":"https:\/\/stylingagenten.com\/no\/wp-json\/wp\/v2\/berocket_brand?post=449718"}],"curies":[{"name":"wp","href":"https:\/\/api.w.org\/{rel}","templated":true}]}}