{"id":449706,"date":"2025-11-03T14:24:43","date_gmt":"2025-11-03T14:24:43","guid":{"rendered":"https:\/\/stylingagenten.com\/no\/produkt\/gucci-bloom-profumo-di-fiori-edp-100ml\/"},"modified":"2026-04-03T12:38:33","modified_gmt":"2026-04-03T12:38:33","slug":"gucci-bloom-profumo-di-fiori-edp-100ml","status":"publish","type":"product","link":"https:\/\/stylingagenten.com\/no\/produkt\/gucci-bloom-profumo-di-fiori-edp-100ml\/","title":{"rendered":"Gucci Bloom Profumo di Fiori Edp 100ml"},"content":{"rendered":"<p>Gucci Bloom Profumo di Fiori Edp tar deg med til dr\u00f8mmenes hage. En naturlig, gr\u00f8nn duft for kvinner som v\u00e5ger \u00e5 blomstre og v\u00e6re seg selv. Magnetisk og vanedannende, med essens av tuberose og jasminknopper, samt absolutt av arabisk jasmin for en mer umiddelbar effekt. Den nye parfymen lanseres med en visjon\u00e6r kampanje som lar oss f\u00f8lge fire fortryllende kvinner i et surrealistisk milj\u00f8 der magien st\u00e5r i full blomst.<\/p>\n<p>100ml<\/p>\n","protected":false},"excerpt":{"rendered":"<p>Gucci Bloom Profumo di Fiori Edp tar deg med til dr\u00f8mmenes hage. En naturlig, gr\u00f8nn duft for kvinner som v\u00e5ger \u00e5 blomstre og v\u00e6re seg selv. Magnetisk og vanedannende, med essens av tuberose og jasminknopper, samt absolutt av arabisk jasmin for en mer umiddelbar effekt. Den nye parfymen lanseres med en visjon\u00e6r kampanje som lar [&hellip;]<\/p>\n","protected":false},"featured_media":449703,"comment_status":"open","ping_status":"closed","template":"","meta":{"_trash_the_other_posts":false},"product_brand":[],"product_cat":[706,735,999],"product_tag":[],"berocket_brand":[1329],"class_list":{"0":"post-449706","1":"product","2":"type-product","3":"status-publish","4":"has-post-thumbnail","6":"product_cat-eau-de-parfum-dame","7":"product_cat-kampanje","8":"product_cat-kampanjetilbud-for-henne","9":"pa_brand-gucci","10":"berocket_brand-gucci","12":"first","13":"outofstock","14":"sale","15":"taxable","16":"shipping-taxable","17":"purchasable","18":"product-type-simple"},"_links":{"self":[{"href":"https:\/\/stylingagenten.com\/no\/wp-json\/wp\/v2\/product\/449706","targetHints":{"allow":["GET"]}}],"collection":[{"href":"https:\/\/stylingagenten.com\/no\/wp-json\/wp\/v2\/product"}],"about":[{"href":"https:\/\/stylingagenten.com\/no\/wp-json\/wp\/v2\/types\/product"}],"replies":[{"embeddable":true,"href":"https:\/\/stylingagenten.com\/no\/wp-json\/wp\/v2\/comments?post=449706"}],"version-history":[{"count":0,"href":"https:\/\/stylingagenten.com\/no\/wp-json\/wp\/v2\/product\/449706\/revisions"}],"wp:featuredmedia":[{"embeddable":true,"href":"https:\/\/stylingagenten.com\/no\/wp-json\/wp\/v2\/media\/449703"}],"wp:attachment":[{"href":"https:\/\/stylingagenten.com\/no\/wp-json\/wp\/v2\/media?parent=449706"}],"wp:term":[{"taxonomy":"product_brand","embeddable":true,"href":"https:\/\/stylingagenten.com\/no\/wp-json\/wp\/v2\/product_brand?post=449706"},{"taxonomy":"product_cat","embeddable":true,"href":"https:\/\/stylingagenten.com\/no\/wp-json\/wp\/v2\/product_cat?post=449706"},{"taxonomy":"product_tag","embeddable":true,"href":"https:\/\/stylingagenten.com\/no\/wp-json\/wp\/v2\/product_tag?post=449706"},{"taxonomy":"berocket_brand","embeddable":true,"href":"https:\/\/stylingagenten.com\/no\/wp-json\/wp\/v2\/berocket_brand?post=449706"}],"curies":[{"name":"wp","href":"https:\/\/api.w.org\/{rel}","templated":true}]}}