{"id":448372,"date":"2025-10-22T12:54:16","date_gmt":"2025-10-22T12:54:16","guid":{"rendered":"https:\/\/stylingagenten.com\/no\/produkt\/oribe-invisible-defence-universal-protectant-spray-175ml\/"},"modified":"2026-04-08T15:32:07","modified_gmt":"2026-04-08T15:32:07","slug":"oribe-invisible-defence-universal-protectant-spray-175ml","status":"publish","type":"product","link":"https:\/\/stylingagenten.com\/no\/produkt\/oribe-invisible-defence-universal-protectant-spray-175ml\/","title":{"rendered":"Oribe Invisible Defence Universal Protectant Spray 175ml"},"content":{"rendered":"<p>Oribe Invisible Defence Universal Spray gir din daglige dose universell beskyttelse. Denne vektl\u00f8se misten beskytter h\u00e5ret mot varmeskader opptil 230\u00b0C, UV-str\u00e5ler og forurensning, samtidig som den tilf\u00f8rer fuktighet. Si farvel til t\u00f8rrhet, fargefalming og frizz.<\/p>\n<p>175ml<\/p>\n","protected":false},"excerpt":{"rendered":"<p>Oribe Invisible Defence Universal Spray gir din daglige dose universell beskyttelse. Denne vektl\u00f8se misten beskytter h\u00e5ret mot varmeskader opptil 230\u00b0C, UV-str\u00e5ler og forurensning, samtidig som den tilf\u00f8rer fuktighet. Si farvel til t\u00f8rrhet, fargefalming og frizz. 175ml<\/p>\n","protected":false},"featured_media":448371,"comment_status":"open","ping_status":"closed","template":"","meta":{"_trash_the_other_posts":false},"product_brand":[],"product_cat":[624],"product_tag":[],"berocket_brand":[6706],"class_list":{"0":"post-448372","1":"product","2":"type-product","3":"status-publish","4":"has-post-thumbnail","6":"product_cat-varmebeskyttelse","7":"pa_brand-oribe","8":"berocket_brand-oribe","10":"first","11":"instock","12":"sale","13":"taxable","14":"shipping-taxable","15":"purchasable","16":"product-type-simple"},"_links":{"self":[{"href":"https:\/\/stylingagenten.com\/no\/wp-json\/wp\/v2\/product\/448372","targetHints":{"allow":["GET"]}}],"collection":[{"href":"https:\/\/stylingagenten.com\/no\/wp-json\/wp\/v2\/product"}],"about":[{"href":"https:\/\/stylingagenten.com\/no\/wp-json\/wp\/v2\/types\/product"}],"replies":[{"embeddable":true,"href":"https:\/\/stylingagenten.com\/no\/wp-json\/wp\/v2\/comments?post=448372"}],"version-history":[{"count":0,"href":"https:\/\/stylingagenten.com\/no\/wp-json\/wp\/v2\/product\/448372\/revisions"}],"wp:featuredmedia":[{"embeddable":true,"href":"https:\/\/stylingagenten.com\/no\/wp-json\/wp\/v2\/media\/448371"}],"wp:attachment":[{"href":"https:\/\/stylingagenten.com\/no\/wp-json\/wp\/v2\/media?parent=448372"}],"wp:term":[{"taxonomy":"product_brand","embeddable":true,"href":"https:\/\/stylingagenten.com\/no\/wp-json\/wp\/v2\/product_brand?post=448372"},{"taxonomy":"product_cat","embeddable":true,"href":"https:\/\/stylingagenten.com\/no\/wp-json\/wp\/v2\/product_cat?post=448372"},{"taxonomy":"product_tag","embeddable":true,"href":"https:\/\/stylingagenten.com\/no\/wp-json\/wp\/v2\/product_tag?post=448372"},{"taxonomy":"berocket_brand","embeddable":true,"href":"https:\/\/stylingagenten.com\/no\/wp-json\/wp\/v2\/berocket_brand?post=448372"}],"curies":[{"name":"wp","href":"https:\/\/api.w.org\/{rel}","templated":true}]}}