{"id":446803,"date":"2025-09-30T11:37:43","date_gmt":"2025-09-30T11:37:43","guid":{"rendered":"https:\/\/stylingagenten.com\/no\/produkt\/kevin-murphy-killer-curls-rinse-250ml\/"},"modified":"2026-04-08T15:30:50","modified_gmt":"2026-04-08T15:30:50","slug":"kevin-murphy-killer-curls-rinse-250ml","status":"publish","type":"product","link":"https:\/\/stylingagenten.com\/no\/produkt\/kevin-murphy-killer-curls-rinse-250ml\/","title":{"rendered":"Kevin Murphy Killer Curls Rinse 250ml"},"content":{"rendered":"<p>Kevin Murphy Killer Curls Rinse er en n\u00e6rende havremelk-balsam som fukter og styrker i dybden, og reduserer sannsynligheten for h\u00e5rbrudd. Beskytter mot fargetap og forbedrer teksturen for myke og fleksible kr\u00f8ller med glans og definisjon.<\/p>\n<p>EGENSKAPER &amp; FORDELER<\/p>\n<p>Fuktighetsgivende og n\u00e6rende<\/p>\n<p>Forbedrer teksturen<\/p>\n<p>Fremhever glansen<\/p>\n<p>Ideell for b\u00e5de naturlig kr\u00f8llete og permanentet h\u00e5r<\/p>\n<p>Styrkende<\/p>\n<p>Fargesikker<\/p>\n<p>Vegansk<\/p>\n<p>250ml<\/p>\n","protected":false},"excerpt":{"rendered":"<p>Kevin Murphy Killer Curls Rinse er en n\u00e6rende havremelk-balsam som fukter og styrker i dybden, og reduserer sannsynligheten for h\u00e5rbrudd. Beskytter mot fargetap og forbedrer teksturen for myke og fleksible kr\u00f8ller med glans og definisjon. EGENSKAPER &amp; FORDELER Fuktighetsgivende og n\u00e6rende Forbedrer teksturen Fremhever glansen Ideell for b\u00e5de naturlig kr\u00f8llete og permanentet h\u00e5r Styrkende Fargesikker [&hellip;]<\/p>\n","protected":false},"featured_media":446801,"comment_status":"open","ping_status":"closed","template":"","meta":{"_trash_the_other_posts":false},"product_brand":[],"product_cat":[587],"product_tag":[],"berocket_brand":[1165],"class_list":{"0":"post-446803","1":"product","2":"type-product","3":"status-publish","4":"has-post-thumbnail","6":"product_cat-balsam","7":"pa_brand-kevin-murphy","8":"berocket_brand-kevin-murphy","10":"first","11":"instock","12":"taxable","13":"shipping-taxable","14":"purchasable","15":"product-type-simple"},"_links":{"self":[{"href":"https:\/\/stylingagenten.com\/no\/wp-json\/wp\/v2\/product\/446803","targetHints":{"allow":["GET"]}}],"collection":[{"href":"https:\/\/stylingagenten.com\/no\/wp-json\/wp\/v2\/product"}],"about":[{"href":"https:\/\/stylingagenten.com\/no\/wp-json\/wp\/v2\/types\/product"}],"replies":[{"embeddable":true,"href":"https:\/\/stylingagenten.com\/no\/wp-json\/wp\/v2\/comments?post=446803"}],"version-history":[{"count":0,"href":"https:\/\/stylingagenten.com\/no\/wp-json\/wp\/v2\/product\/446803\/revisions"}],"wp:featuredmedia":[{"embeddable":true,"href":"https:\/\/stylingagenten.com\/no\/wp-json\/wp\/v2\/media\/446801"}],"wp:attachment":[{"href":"https:\/\/stylingagenten.com\/no\/wp-json\/wp\/v2\/media?parent=446803"}],"wp:term":[{"taxonomy":"product_brand","embeddable":true,"href":"https:\/\/stylingagenten.com\/no\/wp-json\/wp\/v2\/product_brand?post=446803"},{"taxonomy":"product_cat","embeddable":true,"href":"https:\/\/stylingagenten.com\/no\/wp-json\/wp\/v2\/product_cat?post=446803"},{"taxonomy":"product_tag","embeddable":true,"href":"https:\/\/stylingagenten.com\/no\/wp-json\/wp\/v2\/product_tag?post=446803"},{"taxonomy":"berocket_brand","embeddable":true,"href":"https:\/\/stylingagenten.com\/no\/wp-json\/wp\/v2\/berocket_brand?post=446803"}],"curies":[{"name":"wp","href":"https:\/\/api.w.org\/{rel}","templated":true}]}}