{"id":446800,"date":"2025-09-30T11:37:42","date_gmt":"2025-09-30T11:37:42","guid":{"rendered":"https:\/\/stylingagenten.com\/no\/produkt\/american-crew-firm-hold-styling-gel-100ml\/"},"modified":"2026-04-13T13:38:51","modified_gmt":"2026-04-13T13:38:51","slug":"american-crew-firm-hold-styling-gel-100ml","status":"publish","type":"product","link":"https:\/\/stylingagenten.com\/no\/produkt\/american-crew-firm-hold-styling-gel-100ml\/","title":{"rendered":"American Crew Firm Hold Styling Gel 100ml"},"content":{"rendered":"<p>American Crew Firm Hold Gel er det perfekte valget for deg som \u00f8nsker b\u00e5de kraftig hold og h\u00f8y glans i h\u00e5ret. Denne lette stylinggelen er beriket med vitamin B5 som f\u00e5r h\u00e5ret til \u00e5 se tykkere ut samtidig som den tilf\u00f8rer ekstra glans. Den alkoholfrie formelen med lav pH beskytter hodebunnen mot utt\u00f8rking og gir deg kontroll over frisyren hele dagen.<\/p>\n<p>100ml<\/p>\n","protected":false},"excerpt":{"rendered":"<p>American Crew Firm Hold Gel er det perfekte valget for deg som \u00f8nsker b\u00e5de kraftig hold og h\u00f8y glans i h\u00e5ret. Denne lette stylinggelen er beriket med vitamin B5 som f\u00e5r h\u00e5ret til \u00e5 se tykkere ut samtidig som den tilf\u00f8rer ekstra glans. Den alkoholfrie formelen med lav pH beskytter hodebunnen mot utt\u00f8rking og gir [&hellip;]<\/p>\n","protected":false},"featured_media":446799,"comment_status":"open","ping_status":"closed","template":"","meta":{"_trash_the_other_posts":false},"product_brand":[],"product_cat":[701],"product_tag":[],"berocket_brand":[1071],"class_list":{"0":"post-446800","1":"product","2":"type-product","3":"status-publish","4":"has-post-thumbnail","6":"product_cat-hargel","7":"pa_brand-american-crew","8":"berocket_brand-american-crew","10":"first","11":"outofstock","12":"sale","13":"taxable","14":"shipping-taxable","15":"purchasable","16":"product-type-simple"},"_links":{"self":[{"href":"https:\/\/stylingagenten.com\/no\/wp-json\/wp\/v2\/product\/446800","targetHints":{"allow":["GET"]}}],"collection":[{"href":"https:\/\/stylingagenten.com\/no\/wp-json\/wp\/v2\/product"}],"about":[{"href":"https:\/\/stylingagenten.com\/no\/wp-json\/wp\/v2\/types\/product"}],"replies":[{"embeddable":true,"href":"https:\/\/stylingagenten.com\/no\/wp-json\/wp\/v2\/comments?post=446800"}],"version-history":[{"count":0,"href":"https:\/\/stylingagenten.com\/no\/wp-json\/wp\/v2\/product\/446800\/revisions"}],"wp:featuredmedia":[{"embeddable":true,"href":"https:\/\/stylingagenten.com\/no\/wp-json\/wp\/v2\/media\/446799"}],"wp:attachment":[{"href":"https:\/\/stylingagenten.com\/no\/wp-json\/wp\/v2\/media?parent=446800"}],"wp:term":[{"taxonomy":"product_brand","embeddable":true,"href":"https:\/\/stylingagenten.com\/no\/wp-json\/wp\/v2\/product_brand?post=446800"},{"taxonomy":"product_cat","embeddable":true,"href":"https:\/\/stylingagenten.com\/no\/wp-json\/wp\/v2\/product_cat?post=446800"},{"taxonomy":"product_tag","embeddable":true,"href":"https:\/\/stylingagenten.com\/no\/wp-json\/wp\/v2\/product_tag?post=446800"},{"taxonomy":"berocket_brand","embeddable":true,"href":"https:\/\/stylingagenten.com\/no\/wp-json\/wp\/v2\/berocket_brand?post=446800"}],"curies":[{"name":"wp","href":"https:\/\/api.w.org\/{rel}","templated":true}]}}