{"id":446782,"date":"2025-09-30T11:36:57","date_gmt":"2025-09-30T11:36:57","guid":{"rendered":"https:\/\/stylingagenten.com\/no\/produkt\/paul-mitchell-clear-sensitive-styling-glaze-150ml\/"},"modified":"2026-04-08T15:31:03","modified_gmt":"2026-04-08T15:31:03","slug":"paul-mitchell-clear-sensitive-styling-glaze-150ml","status":"publish","type":"product","link":"https:\/\/stylingagenten.com\/no\/produkt\/paul-mitchell-clear-sensitive-styling-glaze-150ml\/","title":{"rendered":"Paul Mitchell Clear Sensitive Styling Glaze 150ml"},"content":{"rendered":"<p>Paul Mitchell Clear Sensitive Styling Glaze former h\u00e5ret med mykt hold og minne.<br \/>Style h\u00e5ret med et mykt hold som kan aktiveres p\u00e5 nytt med vann eller varme \u2013 perfekt for \u00e5 endre looken din uten \u00e5 irritere sensitiv hodebunn eller hud. Paul Mitchell Clear Styling Glaze er bevisst formulert med kun 7 n\u00f8dvendige ingredienser, helt uten fargestoffer eller parfyme, og er dermatologisk testet for sensitiv hud. Perfekt for deg med sensitivitet.<\/p>\n<p>150ml<\/p>\n","protected":false},"excerpt":{"rendered":"<p>Paul Mitchell Clear Sensitive Styling Glaze former h\u00e5ret med mykt hold og minne.Style h\u00e5ret med et mykt hold som kan aktiveres p\u00e5 nytt med vann eller varme \u2013 perfekt for \u00e5 endre looken din uten \u00e5 irritere sensitiv hodebunn eller hud. Paul Mitchell Clear Styling Glaze er bevisst formulert med kun 7 n\u00f8dvendige ingredienser, helt [&hellip;]<\/p>\n","protected":false},"featured_media":446779,"comment_status":"open","ping_status":"closed","template":"","meta":{"_trash_the_other_posts":false},"product_brand":[],"product_cat":[546],"product_tag":[],"berocket_brand":[1053],"class_list":{"0":"post-446782","1":"product","2":"type-product","3":"status-publish","4":"has-post-thumbnail","6":"product_cat-harstyling","7":"pa_brand-paul-mitchell","8":"berocket_brand-paul-mitchell","10":"first","11":"instock","12":"sale","13":"taxable","14":"shipping-taxable","15":"purchasable","16":"product-type-simple"},"_links":{"self":[{"href":"https:\/\/stylingagenten.com\/no\/wp-json\/wp\/v2\/product\/446782","targetHints":{"allow":["GET"]}}],"collection":[{"href":"https:\/\/stylingagenten.com\/no\/wp-json\/wp\/v2\/product"}],"about":[{"href":"https:\/\/stylingagenten.com\/no\/wp-json\/wp\/v2\/types\/product"}],"replies":[{"embeddable":true,"href":"https:\/\/stylingagenten.com\/no\/wp-json\/wp\/v2\/comments?post=446782"}],"version-history":[{"count":0,"href":"https:\/\/stylingagenten.com\/no\/wp-json\/wp\/v2\/product\/446782\/revisions"}],"wp:featuredmedia":[{"embeddable":true,"href":"https:\/\/stylingagenten.com\/no\/wp-json\/wp\/v2\/media\/446779"}],"wp:attachment":[{"href":"https:\/\/stylingagenten.com\/no\/wp-json\/wp\/v2\/media?parent=446782"}],"wp:term":[{"taxonomy":"product_brand","embeddable":true,"href":"https:\/\/stylingagenten.com\/no\/wp-json\/wp\/v2\/product_brand?post=446782"},{"taxonomy":"product_cat","embeddable":true,"href":"https:\/\/stylingagenten.com\/no\/wp-json\/wp\/v2\/product_cat?post=446782"},{"taxonomy":"product_tag","embeddable":true,"href":"https:\/\/stylingagenten.com\/no\/wp-json\/wp\/v2\/product_tag?post=446782"},{"taxonomy":"berocket_brand","embeddable":true,"href":"https:\/\/stylingagenten.com\/no\/wp-json\/wp\/v2\/berocket_brand?post=446782"}],"curies":[{"name":"wp","href":"https:\/\/api.w.org\/{rel}","templated":true}]}}