{"id":446778,"date":"2025-09-30T11:36:49","date_gmt":"2025-09-30T11:36:49","guid":{"rendered":"https:\/\/stylingagenten.com\/no\/produkt\/paul-mitchell-tea-tree-special-detox-foaming-salt-scrub-184g\/"},"modified":"2026-04-08T15:31:17","modified_gmt":"2026-04-08T15:31:17","slug":"paul-mitchell-tea-tree-special-detox-foaming-salt-scrub-184g","status":"publish","type":"product","link":"https:\/\/stylingagenten.com\/no\/produkt\/paul-mitchell-tea-tree-special-detox-foaming-salt-scrub-184g\/","title":{"rendered":"Paul Mitchell Tea Tree Special Detox Foaming Salt Scrub 184g"},"content":{"rendered":"<p>Fjern urenheter umiddelbart med denne kremete skummende skrubben. Paul Mitchell Tea Tree Special Detox Foaming Salt Scrub er en antioksidantrik blanding av vulkansk aske, Himalayasalt og fransk gr\u00f8nn leire som eksfolierer hodebunnen og fjerner produktrester, d\u00f8de hudflak og overfl\u00f8dig olje. Etterlater hodebunnen myk, frisk og fornyet.<\/p>\n<p>184g<\/p>\n","protected":false},"excerpt":{"rendered":"<p>Fjern urenheter umiddelbart med denne kremete skummende skrubben. Paul Mitchell Tea Tree Special Detox Foaming Salt Scrub er en antioksidantrik blanding av vulkansk aske, Himalayasalt og fransk gr\u00f8nn leire som eksfolierer hodebunnen og fjerner produktrester, d\u00f8de hudflak og overfl\u00f8dig olje. Etterlater hodebunnen myk, frisk og fornyet. 184g<\/p>\n","protected":false},"featured_media":446775,"comment_status":"open","ping_status":"closed","template":"","meta":{"_trash_the_other_posts":false},"product_brand":[],"product_cat":[620],"product_tag":[],"berocket_brand":[1053],"class_list":{"0":"post-446778","1":"product","2":"type-product","3":"status-publish","4":"has-post-thumbnail","6":"product_cat-harmaske","7":"pa_brand-paul-mitchell","8":"berocket_brand-paul-mitchell","10":"first","11":"instock","12":"sale","13":"taxable","14":"shipping-taxable","15":"purchasable","16":"product-type-simple"},"_links":{"self":[{"href":"https:\/\/stylingagenten.com\/no\/wp-json\/wp\/v2\/product\/446778","targetHints":{"allow":["GET"]}}],"collection":[{"href":"https:\/\/stylingagenten.com\/no\/wp-json\/wp\/v2\/product"}],"about":[{"href":"https:\/\/stylingagenten.com\/no\/wp-json\/wp\/v2\/types\/product"}],"replies":[{"embeddable":true,"href":"https:\/\/stylingagenten.com\/no\/wp-json\/wp\/v2\/comments?post=446778"}],"version-history":[{"count":0,"href":"https:\/\/stylingagenten.com\/no\/wp-json\/wp\/v2\/product\/446778\/revisions"}],"wp:featuredmedia":[{"embeddable":true,"href":"https:\/\/stylingagenten.com\/no\/wp-json\/wp\/v2\/media\/446775"}],"wp:attachment":[{"href":"https:\/\/stylingagenten.com\/no\/wp-json\/wp\/v2\/media?parent=446778"}],"wp:term":[{"taxonomy":"product_brand","embeddable":true,"href":"https:\/\/stylingagenten.com\/no\/wp-json\/wp\/v2\/product_brand?post=446778"},{"taxonomy":"product_cat","embeddable":true,"href":"https:\/\/stylingagenten.com\/no\/wp-json\/wp\/v2\/product_cat?post=446778"},{"taxonomy":"product_tag","embeddable":true,"href":"https:\/\/stylingagenten.com\/no\/wp-json\/wp\/v2\/product_tag?post=446778"},{"taxonomy":"berocket_brand","embeddable":true,"href":"https:\/\/stylingagenten.com\/no\/wp-json\/wp\/v2\/berocket_brand?post=446778"}],"curies":[{"name":"wp","href":"https:\/\/api.w.org\/{rel}","templated":true}]}}