{"id":446771,"date":"2025-09-30T11:36:33","date_gmt":"2025-09-30T11:36:33","guid":{"rendered":"https:\/\/stylingagenten.com\/no\/produkt\/paul-mitchell-clear-essential-shampoo-300ml\/"},"modified":"2026-04-08T15:31:18","modified_gmt":"2026-04-08T15:31:18","slug":"paul-mitchell-clear-essential-shampoo-300ml","status":"publish","type":"product","link":"https:\/\/stylingagenten.com\/no\/produkt\/paul-mitchell-clear-essential-shampoo-300ml\/","title":{"rendered":"Paul Mitchell Clear Essential Shampoo 300ml"},"content":{"rendered":"<p>Paul Mitchell Clear Essential Shampoo er en lett og effektiv sjampo spesielt utviklet for daglig bruk p\u00e5 sensitiv hodebunn og hud. Med kun \u00e5tte n\u00f8ye utvalgte ingredienser, helt uten fargestoffer og dufter, rengj\u00f8r denne sjampoen h\u00e5ret sk\u00e5nsomt uten \u00e5 for\u00e5rsake irritasjon.<\/p>\n<p>Sjampoen er dermatologisk testet og fargebevarende, noe som gj\u00f8r den ideell for personer med sensitiv hud eller de som \u00f8nsker en ren og mild h\u00e5rpleierutine. Paul Mitchell Clear Essential Shampoo etterlater h\u00e5ret friskt, rent og lett \u00e5 h\u00e5ndtere, samtidig som den beskytter hodebunnen.<\/p>\n<p>300ml<\/p>\n","protected":false},"excerpt":{"rendered":"<p>Paul Mitchell Clear Essential Shampoo er en lett og effektiv sjampo spesielt utviklet for daglig bruk p\u00e5 sensitiv hodebunn og hud. Med kun \u00e5tte n\u00f8ye utvalgte ingredienser, helt uten fargestoffer og dufter, rengj\u00f8r denne sjampoen h\u00e5ret sk\u00e5nsomt uten \u00e5 for\u00e5rsake irritasjon. Sjampoen er dermatologisk testet og fargebevarende, noe som gj\u00f8r den ideell for personer med [&hellip;]<\/p>\n","protected":false},"featured_media":446769,"comment_status":"open","ping_status":"closed","template":"","meta":{"_trash_the_other_posts":false},"product_brand":[],"product_cat":[563],"product_tag":[],"berocket_brand":[1053],"class_list":{"0":"post-446771","1":"product","2":"type-product","3":"status-publish","4":"has-post-thumbnail","6":"product_cat-sjampo","7":"pa_brand-paul-mitchell","8":"berocket_brand-paul-mitchell","10":"first","11":"instock","12":"sale","13":"taxable","14":"shipping-taxable","15":"purchasable","16":"product-type-simple"},"_links":{"self":[{"href":"https:\/\/stylingagenten.com\/no\/wp-json\/wp\/v2\/product\/446771","targetHints":{"allow":["GET"]}}],"collection":[{"href":"https:\/\/stylingagenten.com\/no\/wp-json\/wp\/v2\/product"}],"about":[{"href":"https:\/\/stylingagenten.com\/no\/wp-json\/wp\/v2\/types\/product"}],"replies":[{"embeddable":true,"href":"https:\/\/stylingagenten.com\/no\/wp-json\/wp\/v2\/comments?post=446771"}],"version-history":[{"count":0,"href":"https:\/\/stylingagenten.com\/no\/wp-json\/wp\/v2\/product\/446771\/revisions"}],"wp:featuredmedia":[{"embeddable":true,"href":"https:\/\/stylingagenten.com\/no\/wp-json\/wp\/v2\/media\/446769"}],"wp:attachment":[{"href":"https:\/\/stylingagenten.com\/no\/wp-json\/wp\/v2\/media?parent=446771"}],"wp:term":[{"taxonomy":"product_brand","embeddable":true,"href":"https:\/\/stylingagenten.com\/no\/wp-json\/wp\/v2\/product_brand?post=446771"},{"taxonomy":"product_cat","embeddable":true,"href":"https:\/\/stylingagenten.com\/no\/wp-json\/wp\/v2\/product_cat?post=446771"},{"taxonomy":"product_tag","embeddable":true,"href":"https:\/\/stylingagenten.com\/no\/wp-json\/wp\/v2\/product_tag?post=446771"},{"taxonomy":"berocket_brand","embeddable":true,"href":"https:\/\/stylingagenten.com\/no\/wp-json\/wp\/v2\/berocket_brand?post=446771"}],"curies":[{"name":"wp","href":"https:\/\/api.w.org\/{rel}","templated":true}]}}