{"id":445973,"date":"2025-09-19T07:27:41","date_gmt":"2025-09-19T07:27:41","guid":{"rendered":"https:\/\/stylingagenten.com\/no\/produkt\/milk_shake-curl-passion-defining-gel-200ml\/"},"modified":"2026-04-13T20:58:43","modified_gmt":"2026-04-13T20:58:43","slug":"milk_shake-curl-passion-defining-gel-200ml","status":"publish","type":"product","link":"https:\/\/stylingagenten.com\/no\/produkt\/milk_shake-curl-passion-defining-gel-200ml\/","title":{"rendered":"Milk_Shake Curl Passion Defining Gel 200ml"},"content":{"rendered":"<p>Milk_Shake Curl Passion Defining Gel er en ultra-definerende gel som gir fleksibel og naturlig hold til kr\u00f8llete h\u00e5r. Den beskytter mot h\u00f8y luftfuktighet, glatter h\u00e5ret og forsegler det ytterste h\u00e5rlaget, slik at h\u00e5ret blir mykt og str\u00e5lende. Ideell for f\u00f8ning med diffuser.<\/p>\n<p>200ml<\/p>\n","protected":false},"excerpt":{"rendered":"<p>Milk_Shake Curl Passion Defining Gel er en ultra-definerende gel som gir fleksibel og naturlig hold til kr\u00f8llete h\u00e5r. Den beskytter mot h\u00f8y luftfuktighet, glatter h\u00e5ret og forsegler det ytterste h\u00e5rlaget, slik at h\u00e5ret blir mykt og str\u00e5lende. Ideell for f\u00f8ning med diffuser. 200ml<\/p>\n","protected":false},"featured_media":445972,"comment_status":"open","ping_status":"closed","template":"","meta":{"_trash_the_other_posts":false},"product_brand":[],"product_cat":[701],"product_tag":[],"berocket_brand":[1085],"class_list":{"0":"post-445973","1":"product","2":"type-product","3":"status-publish","4":"has-post-thumbnail","6":"product_cat-hargel","7":"pa_brand-milk_shake","8":"berocket_brand-milk_shake","10":"first","11":"instock","12":"sale","13":"taxable","14":"shipping-taxable","15":"purchasable","16":"product-type-simple"},"_links":{"self":[{"href":"https:\/\/stylingagenten.com\/no\/wp-json\/wp\/v2\/product\/445973","targetHints":{"allow":["GET"]}}],"collection":[{"href":"https:\/\/stylingagenten.com\/no\/wp-json\/wp\/v2\/product"}],"about":[{"href":"https:\/\/stylingagenten.com\/no\/wp-json\/wp\/v2\/types\/product"}],"replies":[{"embeddable":true,"href":"https:\/\/stylingagenten.com\/no\/wp-json\/wp\/v2\/comments?post=445973"}],"version-history":[{"count":0,"href":"https:\/\/stylingagenten.com\/no\/wp-json\/wp\/v2\/product\/445973\/revisions"}],"wp:featuredmedia":[{"embeddable":true,"href":"https:\/\/stylingagenten.com\/no\/wp-json\/wp\/v2\/media\/445972"}],"wp:attachment":[{"href":"https:\/\/stylingagenten.com\/no\/wp-json\/wp\/v2\/media?parent=445973"}],"wp:term":[{"taxonomy":"product_brand","embeddable":true,"href":"https:\/\/stylingagenten.com\/no\/wp-json\/wp\/v2\/product_brand?post=445973"},{"taxonomy":"product_cat","embeddable":true,"href":"https:\/\/stylingagenten.com\/no\/wp-json\/wp\/v2\/product_cat?post=445973"},{"taxonomy":"product_tag","embeddable":true,"href":"https:\/\/stylingagenten.com\/no\/wp-json\/wp\/v2\/product_tag?post=445973"},{"taxonomy":"berocket_brand","embeddable":true,"href":"https:\/\/stylingagenten.com\/no\/wp-json\/wp\/v2\/berocket_brand?post=445973"}],"curies":[{"name":"wp","href":"https:\/\/api.w.org\/{rel}","templated":true}]}}