{"id":445695,"date":"2025-09-18T12:48:53","date_gmt":"2025-09-18T12:48:53","guid":{"rendered":"https:\/\/stylingagenten.com\/no\/produkt\/tom-ford-black-orchid-edp-50ml\/"},"modified":"2026-04-08T15:31:18","modified_gmt":"2026-04-08T15:31:18","slug":"tom-ford-black-orchid-edp-50ml","status":"publish","type":"product","link":"https:\/\/stylingagenten.com\/no\/produkt\/tom-ford-black-orchid-edp-50ml\/","title":{"rendered":"Tom Ford Black Orchid Edp 50ml"},"content":{"rendered":"<p>Tom Ford Black Orchid Edp er en luksuri\u00f8s og sensuell duft med rike, m\u00f8rke akkorder av svart orkid\u00e9 og krydder. TOM FORDs Black Orchid er b\u00e5de moderne og tidl\u00f8s. I en svart glassflaske gir Black Orchid et uforglemmelig inntrykk av ikonisk stil og verdensomspennende glamour.<\/p>\n<p>Duftnoter: Svart tr\u00f8ffel, Bergamot, Svart orkid\u00e9, Svart plomme, Svart gourmand-akkord, Patchouli<\/p>\n<p>50ml<\/p>\n","protected":false},"excerpt":{"rendered":"<p>Tom Ford Black Orchid Edp er en luksuri\u00f8s og sensuell duft med rike, m\u00f8rke akkorder av svart orkid\u00e9 og krydder. TOM FORDs Black Orchid er b\u00e5de moderne og tidl\u00f8s. I en svart glassflaske gir Black Orchid et uforglemmelig inntrykk av ikonisk stil og verdensomspennende glamour. Duftnoter: Svart tr\u00f8ffel, Bergamot, Svart orkid\u00e9, Svart plomme, Svart gourmand-akkord, [&hellip;]<\/p>\n","protected":false},"featured_media":445692,"comment_status":"open","ping_status":"closed","template":"","meta":{"_trash_the_other_posts":false},"product_brand":[],"product_cat":[729,735,999],"product_tag":[],"berocket_brand":[1158],"class_list":{"0":"post-445695","1":"product","2":"type-product","3":"status-publish","4":"has-post-thumbnail","6":"product_cat-eau-de-parfum-unisex","7":"product_cat-kampanje","8":"product_cat-kampanjetilbud-for-henne","9":"pa_brand-tom-ford","10":"berocket_brand-tom-ford","12":"first","13":"instock","14":"sale","15":"taxable","16":"shipping-taxable","17":"purchasable","18":"product-type-simple"},"_links":{"self":[{"href":"https:\/\/stylingagenten.com\/no\/wp-json\/wp\/v2\/product\/445695","targetHints":{"allow":["GET"]}}],"collection":[{"href":"https:\/\/stylingagenten.com\/no\/wp-json\/wp\/v2\/product"}],"about":[{"href":"https:\/\/stylingagenten.com\/no\/wp-json\/wp\/v2\/types\/product"}],"replies":[{"embeddable":true,"href":"https:\/\/stylingagenten.com\/no\/wp-json\/wp\/v2\/comments?post=445695"}],"version-history":[{"count":0,"href":"https:\/\/stylingagenten.com\/no\/wp-json\/wp\/v2\/product\/445695\/revisions"}],"wp:featuredmedia":[{"embeddable":true,"href":"https:\/\/stylingagenten.com\/no\/wp-json\/wp\/v2\/media\/445692"}],"wp:attachment":[{"href":"https:\/\/stylingagenten.com\/no\/wp-json\/wp\/v2\/media?parent=445695"}],"wp:term":[{"taxonomy":"product_brand","embeddable":true,"href":"https:\/\/stylingagenten.com\/no\/wp-json\/wp\/v2\/product_brand?post=445695"},{"taxonomy":"product_cat","embeddable":true,"href":"https:\/\/stylingagenten.com\/no\/wp-json\/wp\/v2\/product_cat?post=445695"},{"taxonomy":"product_tag","embeddable":true,"href":"https:\/\/stylingagenten.com\/no\/wp-json\/wp\/v2\/product_tag?post=445695"},{"taxonomy":"berocket_brand","embeddable":true,"href":"https:\/\/stylingagenten.com\/no\/wp-json\/wp\/v2\/berocket_brand?post=445695"}],"curies":[{"name":"wp","href":"https:\/\/api.w.org\/{rel}","templated":true}]}}