{"id":445605,"date":"2025-09-18T12:46:55","date_gmt":"2025-09-18T12:46:55","guid":{"rendered":"https:\/\/stylingagenten.com\/no\/produkt\/abercrombie-fitch-fierce-cologne-edc-100ml\/"},"modified":"2026-03-11T22:01:00","modified_gmt":"2026-03-11T22:01:00","slug":"abercrombie-fitch-fierce-cologne-edc-100ml","status":"publish","type":"product","link":"https:\/\/stylingagenten.com\/no\/produkt\/abercrombie-fitch-fierce-cologne-edc-100ml\/","title":{"rendered":"Abercrombie &amp; Fitch Fierce Cologne Edc 100ml"},"content":{"rendered":"<p>FIERCE PARFYME: EN DUFT AV STYRKE OG F\u00d8LSOMHET<br \/>Bli med i det nye narrativet og m\u00f8t din Fierce! Omfavn den treaktige, aromatiske duften som skiller seg ut i alle folkemengder og legemliggj\u00f8r b\u00e5de styrke og f\u00f8lsomhet. La den friske havsbrisen styrke sansene dine, det varme sandeltreet jorde din tilstedev\u00e6relse og det sensuelle muskeltreet etterlate et uforglemmelig spor. Fierce er ikke bare en duft; det er en opplevelse, en uttalelse, en erkl\u00e6ring om individualitet.<\/p>\n<p>Toppnoter: Marine Breeze \u2013 En forfriskende b\u00f8lge av marin bris gir umiddelbar energi, frisker opp sansene og fremkaller havets skarpe og rene essens.<br \/>Hjertenoter: Sandeltre \u2013 Duftens hjerte varmes opp av den rike, treaktige duften av sandeltre, som gir dybde og en f\u00f8lelse av tidl\u00f8s eleganse.<br \/>Bunnoter: Muskeltre \u2013 Bunnotene av sensuelt muskeltre gir en langvarig, intim finish som er b\u00e5de kraftfull og forf\u00f8rende, og etterlater et minneverdig inntrykk.<\/p>\n<p>100ml<\/p>\n","protected":false},"excerpt":{"rendered":"<p>FIERCE PARFYME: EN DUFT AV STYRKE OG F\u00d8LSOMHETBli med i det nye narrativet og m\u00f8t din Fierce! Omfavn den treaktige, aromatiske duften som skiller seg ut i alle folkemengder og legemliggj\u00f8r b\u00e5de styrke og f\u00f8lsomhet. La den friske havsbrisen styrke sansene dine, det varme sandeltreet jorde din tilstedev\u00e6relse og det sensuelle muskeltreet etterlate et uforglemmelig [&hellip;]<\/p>\n","protected":false},"featured_media":445602,"comment_status":"open","ping_status":"closed","template":"","meta":{"_trash_the_other_posts":false},"product_brand":[],"product_cat":[710,735,1000],"product_tag":[],"berocket_brand":[1278],"class_list":{"0":"post-445605","1":"product","2":"type-product","3":"status-publish","4":"has-post-thumbnail","6":"product_cat-eau-de-cologne-herr","7":"product_cat-kampanje","8":"product_cat-kampanjetilbud-for-ham","9":"pa_brand-abercrombie-fitch","10":"berocket_brand-abercrombie-fitch","12":"first","13":"instock","14":"sale","15":"taxable","16":"shipping-taxable","17":"purchasable","18":"product-type-simple"},"_links":{"self":[{"href":"https:\/\/stylingagenten.com\/no\/wp-json\/wp\/v2\/product\/445605","targetHints":{"allow":["GET"]}}],"collection":[{"href":"https:\/\/stylingagenten.com\/no\/wp-json\/wp\/v2\/product"}],"about":[{"href":"https:\/\/stylingagenten.com\/no\/wp-json\/wp\/v2\/types\/product"}],"replies":[{"embeddable":true,"href":"https:\/\/stylingagenten.com\/no\/wp-json\/wp\/v2\/comments?post=445605"}],"version-history":[{"count":0,"href":"https:\/\/stylingagenten.com\/no\/wp-json\/wp\/v2\/product\/445605\/revisions"}],"wp:featuredmedia":[{"embeddable":true,"href":"https:\/\/stylingagenten.com\/no\/wp-json\/wp\/v2\/media\/445602"}],"wp:attachment":[{"href":"https:\/\/stylingagenten.com\/no\/wp-json\/wp\/v2\/media?parent=445605"}],"wp:term":[{"taxonomy":"product_brand","embeddable":true,"href":"https:\/\/stylingagenten.com\/no\/wp-json\/wp\/v2\/product_brand?post=445605"},{"taxonomy":"product_cat","embeddable":true,"href":"https:\/\/stylingagenten.com\/no\/wp-json\/wp\/v2\/product_cat?post=445605"},{"taxonomy":"product_tag","embeddable":true,"href":"https:\/\/stylingagenten.com\/no\/wp-json\/wp\/v2\/product_tag?post=445605"},{"taxonomy":"berocket_brand","embeddable":true,"href":"https:\/\/stylingagenten.com\/no\/wp-json\/wp\/v2\/berocket_brand?post=445605"}],"curies":[{"name":"wp","href":"https:\/\/api.w.org\/{rel}","templated":true}]}}