{"id":436680,"date":"2025-08-28T21:35:56","date_gmt":"2025-08-28T21:35:56","guid":{"rendered":"https:\/\/staging2.stylingagenten.com\/no\/produkt\/max-factor-kohl-pencil-040-taupe\/"},"modified":"2026-04-09T13:48:47","modified_gmt":"2026-04-09T13:48:47","slug":"max-factor-kohl-pencil-040-taupe","status":"publish","type":"product","link":"https:\/\/stylingagenten.com\/no\/produkt\/max-factor-kohl-pencil-040-taupe\/","title":{"rendered":"Max Factor Kohl Pencil 040 Taupe"},"content":{"rendered":"<p>F\u00e5 et dypt og fortryllende blikk. Max Factor Kohl Pencil lar deg markere \u00f8ynene dine p\u00e5 sekunder. Takket v\u00e6re den myke spissen er det enkelt \u00e5 tegne fine og uttrykksfulle linjer. Det er opp til deg om du vil ramme inn hele \u00f8yet, bare tegne den \u00f8vre linjen eller skape en r\u00f8ykfylt sminkeeffekt.<\/p>\n","protected":false},"excerpt":{"rendered":"<p>F\u00e5 et dypt og fortryllende blikk. Max Factor Kohl Pencil lar deg markere \u00f8ynene dine p\u00e5 sekunder. Takket v\u00e6re den myke spissen er det enkelt \u00e5 tegne fine og uttrykksfulle linjer. Det er opp til deg om du vil ramme inn hele \u00f8yet, bare tegne den \u00f8vre linjen eller skape en r\u00f8ykfylt sminkeeffekt.<\/p>\n","protected":false},"featured_media":436677,"comment_status":"open","ping_status":"closed","template":"","meta":{"_trash_the_other_posts":false},"product_brand":[],"product_cat":[568],"product_tag":[],"berocket_brand":[1013],"class_list":{"0":"post-436680","1":"product","2":"type-product","3":"status-publish","4":"has-post-thumbnail","6":"product_cat-eyeliner-kajal","7":"pa_brand-max-factor","8":"pa_variant-040-taupe","9":"berocket_brand-max-factor","11":"first","12":"instock","13":"sale","14":"taxable","15":"shipping-taxable","16":"purchasable","17":"product-type-simple"},"_links":{"self":[{"href":"https:\/\/stylingagenten.com\/no\/wp-json\/wp\/v2\/product\/436680","targetHints":{"allow":["GET"]}}],"collection":[{"href":"https:\/\/stylingagenten.com\/no\/wp-json\/wp\/v2\/product"}],"about":[{"href":"https:\/\/stylingagenten.com\/no\/wp-json\/wp\/v2\/types\/product"}],"replies":[{"embeddable":true,"href":"https:\/\/stylingagenten.com\/no\/wp-json\/wp\/v2\/comments?post=436680"}],"version-history":[{"count":0,"href":"https:\/\/stylingagenten.com\/no\/wp-json\/wp\/v2\/product\/436680\/revisions"}],"wp:featuredmedia":[{"embeddable":true,"href":"https:\/\/stylingagenten.com\/no\/wp-json\/wp\/v2\/media\/436677"}],"wp:attachment":[{"href":"https:\/\/stylingagenten.com\/no\/wp-json\/wp\/v2\/media?parent=436680"}],"wp:term":[{"taxonomy":"product_brand","embeddable":true,"href":"https:\/\/stylingagenten.com\/no\/wp-json\/wp\/v2\/product_brand?post=436680"},{"taxonomy":"product_cat","embeddable":true,"href":"https:\/\/stylingagenten.com\/no\/wp-json\/wp\/v2\/product_cat?post=436680"},{"taxonomy":"product_tag","embeddable":true,"href":"https:\/\/stylingagenten.com\/no\/wp-json\/wp\/v2\/product_tag?post=436680"},{"taxonomy":"berocket_brand","embeddable":true,"href":"https:\/\/stylingagenten.com\/no\/wp-json\/wp\/v2\/berocket_brand?post=436680"}],"curies":[{"name":"wp","href":"https:\/\/api.w.org\/{rel}","templated":true}]}}