{"id":436390,"date":"2025-08-25T10:58:30","date_gmt":"2025-08-25T10:58:30","guid":{"rendered":"https:\/\/staging2.stylingagenten.com\/no\/produkt\/ralph-lauren-polo-67-edt-40ml\/"},"modified":"2026-04-07T19:58:39","modified_gmt":"2026-04-07T19:58:39","slug":"ralph-lauren-polo-67-edt-40ml","status":"publish","type":"product","link":"https:\/\/stylingagenten.com\/no\/produkt\/ralph-lauren-polo-67-edt-40ml\/","title":{"rendered":"Ralph Lauren Polo 67 Edt 40ml"},"content":{"rendered":"<p>Ralph Lauren Polo 67 Eau de Toilette er en dristig og klar duft for mannen som t\u00f8r \u00e5 dr\u00f8mme. Innslag av tre og sitrus skaper en fengslende blanding som redefinerer friskhet.<\/p>\n<p>Ralph Lauren Polo 67 er sensuell, str\u00e5lende og varm. Duften \u00e5pner med en forfriskende kombinasjon av kalabrisk bergamott og ananas. I hjertet finner vi solvarme og avhengighetsskapende aromatiske noter i kontrast til geranium og salvie. Jordn\u00e6r vetiver og treaktige nyanser av patchouli gir duften et kraftfullt og sofistikert preg.<\/p>\n<p>N\u00e5r storheten kaller, svar med besluttsomhet. Ralph Lauren Polo 67 Eau de Toilette.<\/p>\n<p>Denne elegante duften inneholder fem b\u00e6rekraftig utvunnede ingredienser: kalabrisk bergamott, lavandin-hjerte, geranium, salvie-essens og vetiver fra Haiti.<\/p>\n<p>40ml<\/p>\n","protected":false},"excerpt":{"rendered":"<p>Ralph Lauren Polo 67 Eau de Toilette er en dristig og klar duft for mannen som t\u00f8r \u00e5 dr\u00f8mme. Innslag av tre og sitrus skaper en fengslende blanding som redefinerer friskhet. Ralph Lauren Polo 67 er sensuell, str\u00e5lende og varm. Duften \u00e5pner med en forfriskende kombinasjon av kalabrisk bergamott og ananas. I hjertet finner vi [&hellip;]<\/p>\n","protected":false},"featured_media":436367,"comment_status":"open","ping_status":"closed","template":"","meta":{"_trash_the_other_posts":false},"product_brand":[],"product_cat":[709,735,1000],"product_tag":[],"berocket_brand":[1015],"class_list":{"0":"post-436390","1":"product","2":"type-product","3":"status-publish","4":"has-post-thumbnail","6":"product_cat-eau-de-toilette-herre","7":"product_cat-kampanje","8":"product_cat-kampanjetilbud-for-ham","9":"pa_brand-ralph-lauren","10":"pa_variant-40ml","11":"berocket_brand-ralph-lauren","13":"first","14":"instock","15":"sale","16":"taxable","17":"shipping-taxable","18":"purchasable","19":"product-type-simple"},"_links":{"self":[{"href":"https:\/\/stylingagenten.com\/no\/wp-json\/wp\/v2\/product\/436390","targetHints":{"allow":["GET"]}}],"collection":[{"href":"https:\/\/stylingagenten.com\/no\/wp-json\/wp\/v2\/product"}],"about":[{"href":"https:\/\/stylingagenten.com\/no\/wp-json\/wp\/v2\/types\/product"}],"replies":[{"embeddable":true,"href":"https:\/\/stylingagenten.com\/no\/wp-json\/wp\/v2\/comments?post=436390"}],"version-history":[{"count":0,"href":"https:\/\/stylingagenten.com\/no\/wp-json\/wp\/v2\/product\/436390\/revisions"}],"wp:featuredmedia":[{"embeddable":true,"href":"https:\/\/stylingagenten.com\/no\/wp-json\/wp\/v2\/media\/436367"}],"wp:attachment":[{"href":"https:\/\/stylingagenten.com\/no\/wp-json\/wp\/v2\/media?parent=436390"}],"wp:term":[{"taxonomy":"product_brand","embeddable":true,"href":"https:\/\/stylingagenten.com\/no\/wp-json\/wp\/v2\/product_brand?post=436390"},{"taxonomy":"product_cat","embeddable":true,"href":"https:\/\/stylingagenten.com\/no\/wp-json\/wp\/v2\/product_cat?post=436390"},{"taxonomy":"product_tag","embeddable":true,"href":"https:\/\/stylingagenten.com\/no\/wp-json\/wp\/v2\/product_tag?post=436390"},{"taxonomy":"berocket_brand","embeddable":true,"href":"https:\/\/stylingagenten.com\/no\/wp-json\/wp\/v2\/berocket_brand?post=436390"}],"curies":[{"name":"wp","href":"https:\/\/api.w.org\/{rel}","templated":true}]}}