{"id":436362,"date":"2025-08-25T10:58:24","date_gmt":"2025-08-25T10:58:24","guid":{"rendered":"https:\/\/staging2.stylingagenten.com\/no\/produkt\/david-beckham-instinct-edp-75ml\/"},"modified":"2026-04-14T09:49:40","modified_gmt":"2026-04-14T09:49:40","slug":"david-beckham-instinct-edp-75ml","status":"publish","type":"product","link":"https:\/\/stylingagenten.com\/no\/produkt\/david-beckham-instinct-edp-75ml\/","title":{"rendered":"David Beckham Instinct Edp 75ml"},"content":{"rendered":"<p>David Beckham Fragrances presenterer Instinct, en kraftfull og langvarig Eau de Parfum for den energiske mannen som t\u00f8r \u00e5 f\u00f8lge sin intuisjon. Denne fengslende, maskuline sitrusduften er inspirert av Davids karismatiske personlighet og formidler en intens, dynamisk f\u00f8lelse.<\/p>\n<p>Den livlige duften \u00e5pner med en friskhet takket v\u00e6re en lys bergamottone. I hjertet finner vi krydret kardemomme som gir en rik varme, samt jordn\u00e6re toner av patchouli. Med sitt sofistikerte og rene design utstr\u00e5ler Instinct-flasken diskret eleganse.<\/p>\n<p>75ml<\/p>\n","protected":false},"excerpt":{"rendered":"<p>David Beckham Fragrances presenterer Instinct, en kraftfull og langvarig Eau de Parfum for den energiske mannen som t\u00f8r \u00e5 f\u00f8lge sin intuisjon. Denne fengslende, maskuline sitrusduften er inspirert av Davids karismatiske personlighet og formidler en intens, dynamisk f\u00f8lelse. Den livlige duften \u00e5pner med en friskhet takket v\u00e6re en lys bergamottone. I hjertet finner vi krydret [&hellip;]<\/p>\n","protected":false},"featured_media":436351,"comment_status":"open","ping_status":"closed","template":"","meta":{"_trash_the_other_posts":false},"product_brand":[],"product_cat":[708],"product_tag":[],"berocket_brand":[1281],"class_list":{"0":"post-436362","1":"product","2":"type-product","3":"status-publish","4":"has-post-thumbnail","6":"product_cat-eau-de-parfum-herr","7":"pa_brand-david-beckham","8":"berocket_brand-david-beckham","10":"first","11":"instock","12":"sale","13":"taxable","14":"shipping-taxable","15":"purchasable","16":"product-type-simple"},"_links":{"self":[{"href":"https:\/\/stylingagenten.com\/no\/wp-json\/wp\/v2\/product\/436362","targetHints":{"allow":["GET"]}}],"collection":[{"href":"https:\/\/stylingagenten.com\/no\/wp-json\/wp\/v2\/product"}],"about":[{"href":"https:\/\/stylingagenten.com\/no\/wp-json\/wp\/v2\/types\/product"}],"replies":[{"embeddable":true,"href":"https:\/\/stylingagenten.com\/no\/wp-json\/wp\/v2\/comments?post=436362"}],"version-history":[{"count":0,"href":"https:\/\/stylingagenten.com\/no\/wp-json\/wp\/v2\/product\/436362\/revisions"}],"wp:featuredmedia":[{"embeddable":true,"href":"https:\/\/stylingagenten.com\/no\/wp-json\/wp\/v2\/media\/436351"}],"wp:attachment":[{"href":"https:\/\/stylingagenten.com\/no\/wp-json\/wp\/v2\/media?parent=436362"}],"wp:term":[{"taxonomy":"product_brand","embeddable":true,"href":"https:\/\/stylingagenten.com\/no\/wp-json\/wp\/v2\/product_brand?post=436362"},{"taxonomy":"product_cat","embeddable":true,"href":"https:\/\/stylingagenten.com\/no\/wp-json\/wp\/v2\/product_cat?post=436362"},{"taxonomy":"product_tag","embeddable":true,"href":"https:\/\/stylingagenten.com\/no\/wp-json\/wp\/v2\/product_tag?post=436362"},{"taxonomy":"berocket_brand","embeddable":true,"href":"https:\/\/stylingagenten.com\/no\/wp-json\/wp\/v2\/berocket_brand?post=436362"}],"curies":[{"name":"wp","href":"https:\/\/api.w.org\/{rel}","templated":true}]}}