{"id":436242,"date":"2025-08-25T10:57:47","date_gmt":"2025-08-25T10:57:47","guid":{"rendered":"https:\/\/staging2.stylingagenten.com\/no\/produkt\/revlon-nutri-color-512-pearly-ash-brown-100ml\/"},"modified":"2026-04-12T08:47:33","modified_gmt":"2026-04-12T08:47:33","slug":"revlon-nutri-color-512-pearly-ash-brown-100ml","status":"publish","type":"product","link":"https:\/\/stylingagenten.com\/no\/produkt\/revlon-nutri-color-512-pearly-ash-brown-100ml\/","title":{"rendered":"Revlon Nutri Color 512 Pearly Ash Brown 100ml"},"content":{"rendered":"<p>Revlon Nutri Color for intens farge, pleie og glans.<br \/>\n<br \/>Med v\u00e5re klare nyanser t\u00f8r du \u00e5 g\u00e5 langt med den nye INSTA-PIC 3-i-1-teknologien: Intens farge, pleie og glans i en unik tekstur som \u00e5pner en verden av multikromatiske muligheter. Det er p\u00e5 tide \u00e5 se farge gjennom en ny linse. Zoom inn p\u00e5 pleie og zoom ut p\u00e5 farge og glans.<br \/>\n<br \/>NUTRI COLOR\u2122 FILTERS \u2013 Pleiende, intense farger!<\/p>\n<p>Farge: 512 Pearly Ash Brown<br \/>\n<br \/>100ml<\/p>\n","protected":false},"excerpt":{"rendered":"<p>Revlon Nutri Color for intens farge, pleie og glans. Med v\u00e5re klare nyanser t\u00f8r du \u00e5 g\u00e5 langt med den nye INSTA-PIC 3-i-1-teknologien: Intens farge, pleie og glans i en unik tekstur som \u00e5pner en verden av multikromatiske muligheter. Det er p\u00e5 tide \u00e5 se farge gjennom en ny linse. Zoom inn p\u00e5 pleie og [&hellip;]<\/p>\n","protected":false},"featured_media":436240,"comment_status":"open","ping_status":"closed","template":"","meta":{"_trash_the_other_posts":false},"product_brand":[],"product_cat":[602],"product_tag":[],"berocket_brand":[1040],"class_list":{"0":"post-436242","1":"product","2":"type-product","3":"status-publish","4":"has-post-thumbnail","6":"product_cat-fargebombe","7":"pa_brand-revlon","8":"berocket_brand-revlon","10":"first","11":"outofstock","12":"sale","13":"taxable","14":"shipping-taxable","15":"purchasable","16":"product-type-simple"},"_links":{"self":[{"href":"https:\/\/stylingagenten.com\/no\/wp-json\/wp\/v2\/product\/436242","targetHints":{"allow":["GET"]}}],"collection":[{"href":"https:\/\/stylingagenten.com\/no\/wp-json\/wp\/v2\/product"}],"about":[{"href":"https:\/\/stylingagenten.com\/no\/wp-json\/wp\/v2\/types\/product"}],"replies":[{"embeddable":true,"href":"https:\/\/stylingagenten.com\/no\/wp-json\/wp\/v2\/comments?post=436242"}],"version-history":[{"count":0,"href":"https:\/\/stylingagenten.com\/no\/wp-json\/wp\/v2\/product\/436242\/revisions"}],"wp:featuredmedia":[{"embeddable":true,"href":"https:\/\/stylingagenten.com\/no\/wp-json\/wp\/v2\/media\/436240"}],"wp:attachment":[{"href":"https:\/\/stylingagenten.com\/no\/wp-json\/wp\/v2\/media?parent=436242"}],"wp:term":[{"taxonomy":"product_brand","embeddable":true,"href":"https:\/\/stylingagenten.com\/no\/wp-json\/wp\/v2\/product_brand?post=436242"},{"taxonomy":"product_cat","embeddable":true,"href":"https:\/\/stylingagenten.com\/no\/wp-json\/wp\/v2\/product_cat?post=436242"},{"taxonomy":"product_tag","embeddable":true,"href":"https:\/\/stylingagenten.com\/no\/wp-json\/wp\/v2\/product_tag?post=436242"},{"taxonomy":"berocket_brand","embeddable":true,"href":"https:\/\/stylingagenten.com\/no\/wp-json\/wp\/v2\/berocket_brand?post=436242"}],"curies":[{"name":"wp","href":"https:\/\/api.w.org\/{rel}","templated":true}]}}