{"id":436204,"date":"2025-08-25T10:57:35","date_gmt":"2025-08-25T10:57:35","guid":{"rendered":"https:\/\/staging2.stylingagenten.com\/no\/produkt\/artdeco-high-performance-eyeshadow-stylo-16-benefit-pearl-brown\/"},"modified":"2026-02-16T14:26:05","modified_gmt":"2026-02-16T14:26:05","slug":"artdeco-high-performance-eyeshadow-stylo-16-benefit-pearl-brown","status":"publish","type":"product","link":"https:\/\/stylingagenten.com\/no\/produkt\/artdeco-high-performance-eyeshadow-stylo-16-benefit-pearl-brown\/","title":{"rendered":"Artdeco High Performance Eyeshadow Stylo 16 Benefit Pearl Brown"},"content":{"rendered":"<p>High Performance Eyeshadow Stylo \u2013 et allsidig 3-i-1-produkt som kombinerer \u00f8yenskygge, eyeliner og kajal i ett. Den h\u00f8ypigmenterte og lett p\u00e5f\u00f8rbare formelen gj\u00f8r det enkelt \u00e5 skape b\u00e5de klassiske og unike looks. Bare noen minutter etter p\u00e5f\u00f8ring blir produktet smudge-proof og vannfast, og holder seg p\u00e5 plass uten \u00e5 legge seg i \u00f8yelokksfoldene. Fargeutvalget spenner fra skimrende perlenyanser til sofistikerte halvmatte toner. Den myke, kremete teksturen glir lett p\u00e5 huden og er enkel \u00e5 tone ut, noe som gj\u00f8r det mulig for alle \u2013 ogs\u00e5 nybegynnere \u2013 \u00e5 oppn\u00e5 perfekte sotede \u00f8yne som varer i opptil 10 timer. Pennen har ogs\u00e5 en innebygd blyantspisser \u2013 et must i sminkepungen.<\/p>\n<p>-3-i-1: \u00f8yenskygge, eyeliner og kajal<br \/>\n<br \/>-Smudge-proof og vannfast<br \/>\n<br \/>-Lett \u00e5 p\u00e5f\u00f8re med kremete tekstur<br \/>\n<br \/>-Varer i opptil 10 timer<br \/>\n<br \/>-Innebygd blyantspisser<\/p>\n<p>Farge: 16 Benefit Pearl Brown<\/p>\n","protected":false},"excerpt":{"rendered":"<p>High Performance Eyeshadow Stylo \u2013 et allsidig 3-i-1-produkt som kombinerer \u00f8yenskygge, eyeliner og kajal i ett. Den h\u00f8ypigmenterte og lett p\u00e5f\u00f8rbare formelen gj\u00f8r det enkelt \u00e5 skape b\u00e5de klassiske og unike looks. Bare noen minutter etter p\u00e5f\u00f8ring blir produktet smudge-proof og vannfast, og holder seg p\u00e5 plass uten \u00e5 legge seg i \u00f8yelokksfoldene. Fargeutvalget spenner [&hellip;]<\/p>\n","protected":false},"featured_media":436184,"comment_status":"open","ping_status":"closed","template":"","meta":{"_trash_the_other_posts":false},"product_brand":[],"product_cat":[581],"product_tag":[],"berocket_brand":[1385],"class_list":{"0":"post-436204","1":"product","2":"type-product","3":"status-publish","4":"has-post-thumbnail","6":"product_cat-oyenskygge","7":"pa_brand-artdeco","8":"pa_variant-16-benefit-pearl-brown","9":"berocket_brand-artdeco","11":"first","12":"instock","13":"sale","14":"taxable","15":"shipping-taxable","16":"purchasable","17":"product-type-simple"},"_links":{"self":[{"href":"https:\/\/stylingagenten.com\/no\/wp-json\/wp\/v2\/product\/436204","targetHints":{"allow":["GET"]}}],"collection":[{"href":"https:\/\/stylingagenten.com\/no\/wp-json\/wp\/v2\/product"}],"about":[{"href":"https:\/\/stylingagenten.com\/no\/wp-json\/wp\/v2\/types\/product"}],"replies":[{"embeddable":true,"href":"https:\/\/stylingagenten.com\/no\/wp-json\/wp\/v2\/comments?post=436204"}],"version-history":[{"count":0,"href":"https:\/\/stylingagenten.com\/no\/wp-json\/wp\/v2\/product\/436204\/revisions"}],"wp:featuredmedia":[{"embeddable":true,"href":"https:\/\/stylingagenten.com\/no\/wp-json\/wp\/v2\/media\/436184"}],"wp:attachment":[{"href":"https:\/\/stylingagenten.com\/no\/wp-json\/wp\/v2\/media?parent=436204"}],"wp:term":[{"taxonomy":"product_brand","embeddable":true,"href":"https:\/\/stylingagenten.com\/no\/wp-json\/wp\/v2\/product_brand?post=436204"},{"taxonomy":"product_cat","embeddable":true,"href":"https:\/\/stylingagenten.com\/no\/wp-json\/wp\/v2\/product_cat?post=436204"},{"taxonomy":"product_tag","embeddable":true,"href":"https:\/\/stylingagenten.com\/no\/wp-json\/wp\/v2\/product_tag?post=436204"},{"taxonomy":"berocket_brand","embeddable":true,"href":"https:\/\/stylingagenten.com\/no\/wp-json\/wp\/v2\/berocket_brand?post=436204"}],"curies":[{"name":"wp","href":"https:\/\/api.w.org\/{rel}","templated":true}]}}