{"id":436176,"date":"2025-08-25T10:57:27","date_gmt":"2025-08-25T10:57:27","guid":{"rendered":"https:\/\/staging2.stylingagenten.com\/no\/produkt\/tom-ford-black-orchid-edp-100ml\/"},"modified":"2026-04-08T15:31:20","modified_gmt":"2026-04-08T15:31:20","slug":"tom-ford-black-orchid-edp-100ml","status":"publish","type":"product","link":"https:\/\/stylingagenten.com\/no\/produkt\/tom-ford-black-orchid-edp-100ml\/","title":{"rendered":"Tom Ford Black Orchid Edp 100ml"},"content":{"rendered":"<p>Tom Ford Black Orchid Edp er en luksuri\u00f8s og sensuell duft med rike, m\u00f8rke akkorder av svart orkid\u00e9 og krydder. TOM FORDs Black Orchid er b\u00e5de moderne og tidl\u00f8s. I en svart glassflaske gir Black Orchid et uforglemmelig inntrykk av ikonisk stil og verdensomspennende glamour.<\/p>\n<p>Duftnoter: Svart tr\u00f8ffel, bergamott, svart orkid\u00e9, svart plomme, svart gourmandakkord, patchouli<\/p>\n<p>100 ml<\/p>\n","protected":false},"excerpt":{"rendered":"<p>Tom Ford Black Orchid Edp er en luksuri\u00f8s og sensuell duft med rike, m\u00f8rke akkorder av svart orkid\u00e9 og krydder. TOM FORDs Black Orchid er b\u00e5de moderne og tidl\u00f8s. I en svart glassflaske gir Black Orchid et uforglemmelig inntrykk av ikonisk stil og verdensomspennende glamour. Duftnoter: Svart tr\u00f8ffel, bergamott, svart orkid\u00e9, svart plomme, svart gourmandakkord, [&hellip;]<\/p>\n","protected":false},"featured_media":436169,"comment_status":"open","ping_status":"closed","template":"","meta":{"_trash_the_other_posts":false},"product_brand":[],"product_cat":[706,735,999],"product_tag":[],"berocket_brand":[1158],"class_list":{"0":"post-436176","1":"product","2":"type-product","3":"status-publish","4":"has-post-thumbnail","6":"product_cat-eau-de-parfum-dame","7":"product_cat-kampanje","8":"product_cat-kampanjetilbud-for-henne","9":"pa_brand-tom-ford","10":"pa_variant-100ml","11":"berocket_brand-tom-ford","13":"first","14":"instock","15":"sale","16":"taxable","17":"shipping-taxable","18":"purchasable","19":"product-type-simple"},"_links":{"self":[{"href":"https:\/\/stylingagenten.com\/no\/wp-json\/wp\/v2\/product\/436176","targetHints":{"allow":["GET"]}}],"collection":[{"href":"https:\/\/stylingagenten.com\/no\/wp-json\/wp\/v2\/product"}],"about":[{"href":"https:\/\/stylingagenten.com\/no\/wp-json\/wp\/v2\/types\/product"}],"replies":[{"embeddable":true,"href":"https:\/\/stylingagenten.com\/no\/wp-json\/wp\/v2\/comments?post=436176"}],"version-history":[{"count":0,"href":"https:\/\/stylingagenten.com\/no\/wp-json\/wp\/v2\/product\/436176\/revisions"}],"wp:featuredmedia":[{"embeddable":true,"href":"https:\/\/stylingagenten.com\/no\/wp-json\/wp\/v2\/media\/436169"}],"wp:attachment":[{"href":"https:\/\/stylingagenten.com\/no\/wp-json\/wp\/v2\/media?parent=436176"}],"wp:term":[{"taxonomy":"product_brand","embeddable":true,"href":"https:\/\/stylingagenten.com\/no\/wp-json\/wp\/v2\/product_brand?post=436176"},{"taxonomy":"product_cat","embeddable":true,"href":"https:\/\/stylingagenten.com\/no\/wp-json\/wp\/v2\/product_cat?post=436176"},{"taxonomy":"product_tag","embeddable":true,"href":"https:\/\/stylingagenten.com\/no\/wp-json\/wp\/v2\/product_tag?post=436176"},{"taxonomy":"berocket_brand","embeddable":true,"href":"https:\/\/stylingagenten.com\/no\/wp-json\/wp\/v2\/berocket_brand?post=436176"}],"curies":[{"name":"wp","href":"https:\/\/api.w.org\/{rel}","templated":true}]}}