{"id":436171,"date":"2025-08-25T10:57:25","date_gmt":"2025-08-25T10:57:25","guid":{"rendered":"https:\/\/staging2.stylingagenten.com\/no\/produkt\/brave-new-hair-curls-for-dummies-curl-potion-50ml\/"},"modified":"2026-03-11T21:58:48","modified_gmt":"2026-03-11T21:58:48","slug":"brave-new-hair-curls-for-dummies-curl-potion-50ml","status":"publish","type":"product","link":"https:\/\/stylingagenten.com\/no\/produkt\/brave-new-hair-curls-for-dummies-curl-potion-50ml\/","title":{"rendered":"Brave. New. Hair. Curls For Dummies Curl Potion 50ml"},"content":{"rendered":"<p>Brave. New. Hair. Curls For Dummies Curl Potion er et varmebeskyttende produkt for \u00e5 lage kr\u00f8ller MED og UTEN varme.<\/p>\n<p>F\u00d8R F\u00d8NING for varmebeskyttelse: P\u00e5f\u00f8r produktet jevnt i h\u00e5rets lengder og tupper, og f\u00f8n h\u00e5ret.<br \/>\n<br \/>KR\u00d8LL MED VARME: Etter f\u00f8ning, p\u00e5f\u00f8r en liten mengde en gang til f\u00f8r du bruker stylingverkt\u00f8yet ditt for perfekte kr\u00f8ller og varmebeskyttelse.<br \/>\n<br \/>KR\u00d8LL UTEN VARME: Etter f\u00f8ning, p\u00e5f\u00f8r en liten mengde en gang til og lag kr\u00f8ller p\u00e5 \u00f8nsket m\u00e5te.<br \/>\n<br \/>Din perfekte produkt for \u00e5 skape kr\u00f8ller. For total beskyttelse, fukt, glans og mykhet.<br \/>\n<br \/>Passer for alle h\u00e5rtyper. Skal ikke skylles ut!<\/p>\n<p>Kun for utvendig bruk.<\/p>\n<p>50 ml<\/p>\n","protected":false},"excerpt":{"rendered":"<p>Brave. New. Hair. Curls For Dummies Curl Potion er et varmebeskyttende produkt for \u00e5 lage kr\u00f8ller MED og UTEN varme. F\u00d8R F\u00d8NING for varmebeskyttelse: P\u00e5f\u00f8r produktet jevnt i h\u00e5rets lengder og tupper, og f\u00f8n h\u00e5ret. KR\u00d8LL MED VARME: Etter f\u00f8ning, p\u00e5f\u00f8r en liten mengde en gang til f\u00f8r du bruker stylingverkt\u00f8yet ditt for perfekte kr\u00f8ller [&hellip;]<\/p>\n","protected":false},"featured_media":436168,"comment_status":"open","ping_status":"closed","template":"","meta":{"_trash_the_other_posts":false},"product_brand":[],"product_cat":[615],"product_tag":[],"berocket_brand":[1211],"class_list":{"0":"post-436171","1":"product","2":"type-product","3":"status-publish","4":"has-post-thumbnail","6":"product_cat-harserum","7":"pa_brand-brave-new-hair","8":"berocket_brand-brave-new-hair","10":"first","11":"instock","12":"taxable","13":"shipping-taxable","14":"purchasable","15":"product-type-simple"},"_links":{"self":[{"href":"https:\/\/stylingagenten.com\/no\/wp-json\/wp\/v2\/product\/436171","targetHints":{"allow":["GET"]}}],"collection":[{"href":"https:\/\/stylingagenten.com\/no\/wp-json\/wp\/v2\/product"}],"about":[{"href":"https:\/\/stylingagenten.com\/no\/wp-json\/wp\/v2\/types\/product"}],"replies":[{"embeddable":true,"href":"https:\/\/stylingagenten.com\/no\/wp-json\/wp\/v2\/comments?post=436171"}],"version-history":[{"count":0,"href":"https:\/\/stylingagenten.com\/no\/wp-json\/wp\/v2\/product\/436171\/revisions"}],"wp:featuredmedia":[{"embeddable":true,"href":"https:\/\/stylingagenten.com\/no\/wp-json\/wp\/v2\/media\/436168"}],"wp:attachment":[{"href":"https:\/\/stylingagenten.com\/no\/wp-json\/wp\/v2\/media?parent=436171"}],"wp:term":[{"taxonomy":"product_brand","embeddable":true,"href":"https:\/\/stylingagenten.com\/no\/wp-json\/wp\/v2\/product_brand?post=436171"},{"taxonomy":"product_cat","embeddable":true,"href":"https:\/\/stylingagenten.com\/no\/wp-json\/wp\/v2\/product_cat?post=436171"},{"taxonomy":"product_tag","embeddable":true,"href":"https:\/\/stylingagenten.com\/no\/wp-json\/wp\/v2\/product_tag?post=436171"},{"taxonomy":"berocket_brand","embeddable":true,"href":"https:\/\/stylingagenten.com\/no\/wp-json\/wp\/v2\/berocket_brand?post=436171"}],"curies":[{"name":"wp","href":"https:\/\/api.w.org\/{rel}","templated":true}]}}