{"id":436165,"date":"2025-08-25T10:57:22","date_gmt":"2025-08-25T10:57:22","guid":{"rendered":"https:\/\/staging2.stylingagenten.com\/no\/produkt\/brave-new-hair-curlon-styling-gel-100ml\/"},"modified":"2026-03-11T21:58:41","modified_gmt":"2026-03-11T21:58:41","slug":"brave-new-hair-curlon-styling-gel-100ml","status":"publish","type":"product","link":"https:\/\/stylingagenten.com\/no\/produkt\/brave-new-hair-curlon-styling-gel-100ml\/","title":{"rendered":"Brave. New. Hair. CurlOn Styling Gel 100ml"},"content":{"rendered":"<p>Brave. New. Hair. CurlOn Styling Gel er en stylinggel som gir langvarig hold for perfekte kr\u00f8ller. Inneholder agave-ferment som tilf\u00f8rer fuktighet og glans til h\u00e5ret. For perfekt definerte kr\u00f8ller, selv etter s\u00f8vn eller mye bevegelse.<\/p>\n<p>P\u00e5f\u00f8r jevnt i v\u00e5tt eller fuktig h\u00e5r etter leave-in-balsam eller andre stylingprodukter. Gre gjennom med en kam med brede tenner eller med fingrene. Style kr\u00f8llene som vanlig og f\u00f8n h\u00e5ret med en diffuser.<\/p>\n<p>100 ml<\/p>\n","protected":false},"excerpt":{"rendered":"<p>Brave. New. Hair. CurlOn Styling Gel er en stylinggel som gir langvarig hold for perfekte kr\u00f8ller. Inneholder agave-ferment som tilf\u00f8rer fuktighet og glans til h\u00e5ret. For perfekt definerte kr\u00f8ller, selv etter s\u00f8vn eller mye bevegelse. P\u00e5f\u00f8r jevnt i v\u00e5tt eller fuktig h\u00e5r etter leave-in-balsam eller andre stylingprodukter. Gre gjennom med en kam med brede tenner [&hellip;]<\/p>\n","protected":false},"featured_media":436164,"comment_status":"open","ping_status":"closed","template":"","meta":{"_trash_the_other_posts":false},"product_brand":[],"product_cat":[701],"product_tag":[],"berocket_brand":[1211],"class_list":{"0":"post-436165","1":"product","2":"type-product","3":"status-publish","4":"has-post-thumbnail","6":"product_cat-hargel","7":"pa_brand-brave-new-hair","8":"berocket_brand-brave-new-hair","10":"first","11":"instock","12":"taxable","13":"shipping-taxable","14":"purchasable","15":"product-type-simple"},"_links":{"self":[{"href":"https:\/\/stylingagenten.com\/no\/wp-json\/wp\/v2\/product\/436165","targetHints":{"allow":["GET"]}}],"collection":[{"href":"https:\/\/stylingagenten.com\/no\/wp-json\/wp\/v2\/product"}],"about":[{"href":"https:\/\/stylingagenten.com\/no\/wp-json\/wp\/v2\/types\/product"}],"replies":[{"embeddable":true,"href":"https:\/\/stylingagenten.com\/no\/wp-json\/wp\/v2\/comments?post=436165"}],"version-history":[{"count":0,"href":"https:\/\/stylingagenten.com\/no\/wp-json\/wp\/v2\/product\/436165\/revisions"}],"wp:featuredmedia":[{"embeddable":true,"href":"https:\/\/stylingagenten.com\/no\/wp-json\/wp\/v2\/media\/436164"}],"wp:attachment":[{"href":"https:\/\/stylingagenten.com\/no\/wp-json\/wp\/v2\/media?parent=436165"}],"wp:term":[{"taxonomy":"product_brand","embeddable":true,"href":"https:\/\/stylingagenten.com\/no\/wp-json\/wp\/v2\/product_brand?post=436165"},{"taxonomy":"product_cat","embeddable":true,"href":"https:\/\/stylingagenten.com\/no\/wp-json\/wp\/v2\/product_cat?post=436165"},{"taxonomy":"product_tag","embeddable":true,"href":"https:\/\/stylingagenten.com\/no\/wp-json\/wp\/v2\/product_tag?post=436165"},{"taxonomy":"berocket_brand","embeddable":true,"href":"https:\/\/stylingagenten.com\/no\/wp-json\/wp\/v2\/berocket_brand?post=436165"}],"curies":[{"name":"wp","href":"https:\/\/api.w.org\/{rel}","templated":true}]}}