{"id":436162,"date":"2025-08-25T10:57:20","date_gmt":"2025-08-25T10:57:20","guid":{"rendered":"https:\/\/staging2.stylingagenten.com\/no\/produkt\/brave-new-hair-solid-shampoo-bar-50g\/"},"modified":"2026-04-06T09:20:33","modified_gmt":"2026-04-06T09:20:33","slug":"brave-new-hair-solid-shampoo-bar-50g","status":"publish","type":"product","link":"https:\/\/stylingagenten.com\/no\/produkt\/brave-new-hair-solid-shampoo-bar-50g\/","title":{"rendered":"Brave. New. Hair. Solid Shampoo Bar 50g"},"content":{"rendered":"<p>Brave. New. Hair. Solid Shampoo Bar beriket med kokosolje og aloe vera, og passer for alle h\u00e5rtyper. Produktet rengj\u00f8r effektivt og, i motsetning til mange andre sjampoer, pleier og beskytter det h\u00e5ret. Den perfekte produktet \u00e5 ha i h\u00e5ndbagasjen \u2013 for vakkert og fuktet h\u00e5r, selv n\u00e5r du er p\u00e5 reisefot.<\/p>\n<p>50 g<\/p>\n","protected":false},"excerpt":{"rendered":"<p>Brave. New. Hair. Solid Shampoo Bar beriket med kokosolje og aloe vera, og passer for alle h\u00e5rtyper. Produktet rengj\u00f8r effektivt og, i motsetning til mange andre sjampoer, pleier og beskytter det h\u00e5ret. Den perfekte produktet \u00e5 ha i h\u00e5ndbagasjen \u2013 for vakkert og fuktet h\u00e5r, selv n\u00e5r du er p\u00e5 reisefot. 50 g<\/p>\n","protected":false},"featured_media":436160,"comment_status":"open","ping_status":"closed","template":"","meta":{"_trash_the_other_posts":false},"product_brand":[],"product_cat":[563],"product_tag":[],"berocket_brand":[1211],"class_list":{"0":"post-436162","1":"product","2":"type-product","3":"status-publish","4":"has-post-thumbnail","6":"product_cat-sjampo","7":"pa_brand-brave-new-hair","8":"berocket_brand-brave-new-hair","10":"first","11":"instock","12":"taxable","13":"shipping-taxable","14":"purchasable","15":"product-type-simple"},"_links":{"self":[{"href":"https:\/\/stylingagenten.com\/no\/wp-json\/wp\/v2\/product\/436162","targetHints":{"allow":["GET"]}}],"collection":[{"href":"https:\/\/stylingagenten.com\/no\/wp-json\/wp\/v2\/product"}],"about":[{"href":"https:\/\/stylingagenten.com\/no\/wp-json\/wp\/v2\/types\/product"}],"replies":[{"embeddable":true,"href":"https:\/\/stylingagenten.com\/no\/wp-json\/wp\/v2\/comments?post=436162"}],"version-history":[{"count":0,"href":"https:\/\/stylingagenten.com\/no\/wp-json\/wp\/v2\/product\/436162\/revisions"}],"wp:featuredmedia":[{"embeddable":true,"href":"https:\/\/stylingagenten.com\/no\/wp-json\/wp\/v2\/media\/436160"}],"wp:attachment":[{"href":"https:\/\/stylingagenten.com\/no\/wp-json\/wp\/v2\/media?parent=436162"}],"wp:term":[{"taxonomy":"product_brand","embeddable":true,"href":"https:\/\/stylingagenten.com\/no\/wp-json\/wp\/v2\/product_brand?post=436162"},{"taxonomy":"product_cat","embeddable":true,"href":"https:\/\/stylingagenten.com\/no\/wp-json\/wp\/v2\/product_cat?post=436162"},{"taxonomy":"product_tag","embeddable":true,"href":"https:\/\/stylingagenten.com\/no\/wp-json\/wp\/v2\/product_tag?post=436162"},{"taxonomy":"berocket_brand","embeddable":true,"href":"https:\/\/stylingagenten.com\/no\/wp-json\/wp\/v2\/berocket_brand?post=436162"}],"curies":[{"name":"wp","href":"https:\/\/api.w.org\/{rel}","templated":true}]}}