{"id":436142,"date":"2025-08-25T10:57:11","date_gmt":"2025-08-25T10:57:11","guid":{"rendered":"https:\/\/staging2.stylingagenten.com\/no\/produkt\/dkny-24-7-edp-100ml\/"},"modified":"2026-03-11T21:58:35","modified_gmt":"2026-03-11T21:58:35","slug":"dkny-24-7-edp-100ml","status":"publish","type":"product","link":"https:\/\/stylingagenten.com\/no\/produkt\/dkny-24-7-edp-100ml\/","title":{"rendered":"DKNY 24\/7 Edp 100ml"},"content":{"rendered":"<p>DKNY 24\/7 Eau de Parfum er en strukturert blomsterduft inspirert av byen som aldri sover. G\u00e5 inn i New Yorks pulserende rytme med 24\/7, en duft like dynamisk som byen selv. Denne unike blandingen fanger den ustoppelige energien i metropolen der dr\u00f8mmer skapes fra morgen til kveld. Opplev den spennende rusen p\u00e5 Times Square med en elektrisk eksplosjon av ros\u00e9pepper. N\u00e5r duften utvikler seg, springer et rosenhjerte ut og speiler byens mangefasetterte karakter. Og i den varige omfavnelsen av sedertre og musk f\u00e5r byens sofistikerte og sterke natur liv. DKNY 24\/7 er mer enn en duft; det er en hyllest til dem som lever uten grenser \u2013 alltid klare, alltid i bevegelse, alltid p\u00e5.<\/p>\n<p>Denne parfymen for kvinner er laget for dem som lever livet fullt ut, som ikke er redde for \u00e5 dr\u00f8mme stort, og som stadig jobber for \u00e5 n\u00e5 sine m\u00e5l. DKNY 24\/7 Eau de Parfum er din perfekte f\u00f8lgesvenn, enten du navigerer deg gjennom en travel arbeidsdag eller nyter et nattlig eventyr. Med hvert spray blir du minnet om byens uendelige muligheter og kraften i \u00e5 alltid v\u00e6re klar, alltid i bevegelse, alltid p\u00e5.<\/p>\n<p>Duftnoter:<br \/>Toppnoter: Elektrisk ros\u00e9pepper<br \/>Hjertenoter: Blomstrende rose<br \/>Bunnoter: Sedertre, Musk<\/p>\n<p>100 ml<\/p>\n","protected":false},"excerpt":{"rendered":"<p>DKNY 24\/7 Eau de Parfum er en strukturert blomsterduft inspirert av byen som aldri sover. G\u00e5 inn i New Yorks pulserende rytme med 24\/7, en duft like dynamisk som byen selv. Denne unike blandingen fanger den ustoppelige energien i metropolen der dr\u00f8mmer skapes fra morgen til kveld. Opplev den spennende rusen p\u00e5 Times Square med [&hellip;]<\/p>\n","protected":false},"featured_media":436137,"comment_status":"open","ping_status":"closed","template":"","meta":{"_trash_the_other_posts":false},"product_brand":[],"product_cat":[706,735,999],"product_tag":[],"berocket_brand":[1291],"class_list":{"0":"post-436142","1":"product","2":"type-product","3":"status-publish","4":"has-post-thumbnail","6":"product_cat-eau-de-parfum-dame","7":"product_cat-kampanje","8":"product_cat-kampanjetilbud-for-henne","9":"pa_brand-dkny","10":"berocket_brand-dkny","12":"first","13":"instock","14":"sale","15":"taxable","16":"shipping-taxable","17":"purchasable","18":"product-type-simple"},"_links":{"self":[{"href":"https:\/\/stylingagenten.com\/no\/wp-json\/wp\/v2\/product\/436142","targetHints":{"allow":["GET"]}}],"collection":[{"href":"https:\/\/stylingagenten.com\/no\/wp-json\/wp\/v2\/product"}],"about":[{"href":"https:\/\/stylingagenten.com\/no\/wp-json\/wp\/v2\/types\/product"}],"replies":[{"embeddable":true,"href":"https:\/\/stylingagenten.com\/no\/wp-json\/wp\/v2\/comments?post=436142"}],"version-history":[{"count":0,"href":"https:\/\/stylingagenten.com\/no\/wp-json\/wp\/v2\/product\/436142\/revisions"}],"wp:featuredmedia":[{"embeddable":true,"href":"https:\/\/stylingagenten.com\/no\/wp-json\/wp\/v2\/media\/436137"}],"wp:attachment":[{"href":"https:\/\/stylingagenten.com\/no\/wp-json\/wp\/v2\/media?parent=436142"}],"wp:term":[{"taxonomy":"product_brand","embeddable":true,"href":"https:\/\/stylingagenten.com\/no\/wp-json\/wp\/v2\/product_brand?post=436142"},{"taxonomy":"product_cat","embeddable":true,"href":"https:\/\/stylingagenten.com\/no\/wp-json\/wp\/v2\/product_cat?post=436142"},{"taxonomy":"product_tag","embeddable":true,"href":"https:\/\/stylingagenten.com\/no\/wp-json\/wp\/v2\/product_tag?post=436142"},{"taxonomy":"berocket_brand","embeddable":true,"href":"https:\/\/stylingagenten.com\/no\/wp-json\/wp\/v2\/berocket_brand?post=436142"}],"curies":[{"name":"wp","href":"https:\/\/api.w.org\/{rel}","templated":true}]}}