{"id":436051,"date":"2025-08-25T10:56:43","date_gmt":"2025-08-25T10:56:43","guid":{"rendered":"https:\/\/staging2.stylingagenten.com\/no\/produkt\/juliette-has-a-gun-lust-for-sun-edp-100ml\/"},"modified":"2026-03-23T21:27:45","modified_gmt":"2026-03-23T21:27:45","slug":"juliette-has-a-gun-lust-for-sun-edp-100ml","status":"publish","type":"product","link":"https:\/\/stylingagenten.com\/no\/produkt\/juliette-has-a-gun-lust-for-sun-edp-100ml\/","title":{"rendered":"Juliette Has A Gun Lust For Sun Edp 100ml"},"content":{"rendered":"<p>Juliette Has A Gun Lust For Sun EdP \u2013 I Juliettes spor blir hennes duft v\u00e6rende som en lett og sensuell ber\u00f8ring, en p\u00e5minnelse om hennes n\u00e6rv\u00e6r, str\u00e5lende av lys.<br \/>En blomstrende duft med noter av Ylang-Ylang, med et l\u00f8fte om solskinn gjennom sin ber\u00f8ring av monoi og kokos. Lust For Sun personifiserer sommeren i hver dr\u00e5pe.<br \/>En sensuell duft som minner om solstr\u00e5ler p\u00e5 varm, gyllen hud.<\/p>\n<p>TOPPNOTER: Fresia, Kokos, Bergamot<br \/>HJERTNOTER: Ylang-Ylang, Mono\u00ef, Appelsinblomst, Gardenia<br \/>BASNOTER: Vanilje, Ambroxan, Musk<\/p>\n<p>100ml<\/p>\n","protected":false},"excerpt":{"rendered":"<p>Juliette Has A Gun Lust For Sun EdP \u2013 I Juliettes spor blir hennes duft v\u00e6rende som en lett og sensuell ber\u00f8ring, en p\u00e5minnelse om hennes n\u00e6rv\u00e6r, str\u00e5lende av lys.En blomstrende duft med noter av Ylang-Ylang, med et l\u00f8fte om solskinn gjennom sin ber\u00f8ring av monoi og kokos. Lust For Sun personifiserer sommeren i hver [&hellip;]<\/p>\n","protected":false},"featured_media":436041,"comment_status":"open","ping_status":"closed","template":"","meta":{"_trash_the_other_posts":false},"product_brand":[],"product_cat":[706,735,999],"product_tag":[],"berocket_brand":[6700],"class_list":{"0":"post-436051","1":"product","2":"type-product","3":"status-publish","4":"has-post-thumbnail","6":"product_cat-eau-de-parfum-dame","7":"product_cat-kampanje","8":"product_cat-kampanjetilbud-for-henne","9":"pa_brand-juliette-has-a-gun","10":"berocket_brand-juliette-has-a-gun","12":"first","13":"instock","14":"sale","15":"taxable","16":"shipping-taxable","17":"purchasable","18":"product-type-simple"},"_links":{"self":[{"href":"https:\/\/stylingagenten.com\/no\/wp-json\/wp\/v2\/product\/436051","targetHints":{"allow":["GET"]}}],"collection":[{"href":"https:\/\/stylingagenten.com\/no\/wp-json\/wp\/v2\/product"}],"about":[{"href":"https:\/\/stylingagenten.com\/no\/wp-json\/wp\/v2\/types\/product"}],"replies":[{"embeddable":true,"href":"https:\/\/stylingagenten.com\/no\/wp-json\/wp\/v2\/comments?post=436051"}],"version-history":[{"count":0,"href":"https:\/\/stylingagenten.com\/no\/wp-json\/wp\/v2\/product\/436051\/revisions"}],"wp:featuredmedia":[{"embeddable":true,"href":"https:\/\/stylingagenten.com\/no\/wp-json\/wp\/v2\/media\/436041"}],"wp:attachment":[{"href":"https:\/\/stylingagenten.com\/no\/wp-json\/wp\/v2\/media?parent=436051"}],"wp:term":[{"taxonomy":"product_brand","embeddable":true,"href":"https:\/\/stylingagenten.com\/no\/wp-json\/wp\/v2\/product_brand?post=436051"},{"taxonomy":"product_cat","embeddable":true,"href":"https:\/\/stylingagenten.com\/no\/wp-json\/wp\/v2\/product_cat?post=436051"},{"taxonomy":"product_tag","embeddable":true,"href":"https:\/\/stylingagenten.com\/no\/wp-json\/wp\/v2\/product_tag?post=436051"},{"taxonomy":"berocket_brand","embeddable":true,"href":"https:\/\/stylingagenten.com\/no\/wp-json\/wp\/v2\/berocket_brand?post=436051"}],"curies":[{"name":"wp","href":"https:\/\/api.w.org\/{rel}","templated":true}]}}