{"id":435978,"date":"2025-08-25T10:56:15","date_gmt":"2025-08-25T10:56:15","guid":{"rendered":"https:\/\/staging2.stylingagenten.com\/no\/produkt\/armaf-ventana-pour-homme-edp-100ml\/"},"modified":"2026-04-02T23:18:33","modified_gmt":"2026-04-02T23:18:33","slug":"armaf-ventana-pour-homme-edp-100ml","status":"publish","type":"product","link":"https:\/\/stylingagenten.com\/no\/produkt\/armaf-ventana-pour-homme-edp-100ml\/","title":{"rendered":"Armaf Ventana Pour Homme Edp 100ml"},"content":{"rendered":"<p>Armaf Ventana Pour Homme EdP \u2013 En ny dag, nye muligheter. Denne Eau de Parfum for menn gir deg en frisk f\u00f8lelse og f\u00e5r deg til \u00e5 f\u00f8lge instinktene dine. Se frem til daglige eventyr.<\/p>\n<p>Toppnoter: Grapefrukt, Sitron, Mandarin<br \/>Hjertenoter: Lavendel, Geranium, Patchouli, Vetiver<br \/>Bunnoter: Sedertre, Amber, Edeltre<\/p>\n<p>100 ml<\/p>\n","protected":false},"excerpt":{"rendered":"<p>Armaf Ventana Pour Homme EdP \u2013 En ny dag, nye muligheter. Denne Eau de Parfum for menn gir deg en frisk f\u00f8lelse og f\u00e5r deg til \u00e5 f\u00f8lge instinktene dine. Se frem til daglige eventyr. Toppnoter: Grapefrukt, Sitron, MandarinHjertenoter: Lavendel, Geranium, Patchouli, VetiverBunnoter: Sedertre, Amber, Edeltre 100 ml<\/p>\n","protected":false},"featured_media":435974,"comment_status":"open","ping_status":"closed","template":"","meta":{"_trash_the_other_posts":false},"product_brand":[],"product_cat":[708,735,1000],"product_tag":[],"berocket_brand":[1989],"class_list":{"0":"post-435978","1":"product","2":"type-product","3":"status-publish","4":"has-post-thumbnail","6":"product_cat-eau-de-parfum-herr","7":"product_cat-kampanje","8":"product_cat-kampanjetilbud-for-ham","9":"pa_brand-armaf","10":"berocket_brand-armaf","12":"first","13":"instock","14":"sale","15":"taxable","16":"shipping-taxable","17":"purchasable","18":"product-type-simple"},"_links":{"self":[{"href":"https:\/\/stylingagenten.com\/no\/wp-json\/wp\/v2\/product\/435978","targetHints":{"allow":["GET"]}}],"collection":[{"href":"https:\/\/stylingagenten.com\/no\/wp-json\/wp\/v2\/product"}],"about":[{"href":"https:\/\/stylingagenten.com\/no\/wp-json\/wp\/v2\/types\/product"}],"replies":[{"embeddable":true,"href":"https:\/\/stylingagenten.com\/no\/wp-json\/wp\/v2\/comments?post=435978"}],"version-history":[{"count":0,"href":"https:\/\/stylingagenten.com\/no\/wp-json\/wp\/v2\/product\/435978\/revisions"}],"wp:featuredmedia":[{"embeddable":true,"href":"https:\/\/stylingagenten.com\/no\/wp-json\/wp\/v2\/media\/435974"}],"wp:attachment":[{"href":"https:\/\/stylingagenten.com\/no\/wp-json\/wp\/v2\/media?parent=435978"}],"wp:term":[{"taxonomy":"product_brand","embeddable":true,"href":"https:\/\/stylingagenten.com\/no\/wp-json\/wp\/v2\/product_brand?post=435978"},{"taxonomy":"product_cat","embeddable":true,"href":"https:\/\/stylingagenten.com\/no\/wp-json\/wp\/v2\/product_cat?post=435978"},{"taxonomy":"product_tag","embeddable":true,"href":"https:\/\/stylingagenten.com\/no\/wp-json\/wp\/v2\/product_tag?post=435978"},{"taxonomy":"berocket_brand","embeddable":true,"href":"https:\/\/stylingagenten.com\/no\/wp-json\/wp\/v2\/berocket_brand?post=435978"}],"curies":[{"name":"wp","href":"https:\/\/api.w.org\/{rel}","templated":true}]}}