{"id":435971,"date":"2025-08-25T10:56:13","date_gmt":"2025-08-25T10:56:13","guid":{"rendered":"https:\/\/staging2.stylingagenten.com\/no\/produkt\/armaf-miss-mystique-edp-100ml\/"},"modified":"2026-03-30T19:58:53","modified_gmt":"2026-03-30T19:58:53","slug":"armaf-miss-mystique-edp-100ml","status":"publish","type":"product","link":"https:\/\/stylingagenten.com\/no\/produkt\/armaf-miss-mystique-edp-100ml\/","title":{"rendered":"Armaf Miss Mystique Edp 100ml"},"content":{"rendered":"<p>Armaf Miss Mystique EdP \u2013 Hvis du elsker frukt, vil du bli fullstendig fortryllet av Armaf Miss Armaf Mystique. De deilige og saftige fruktnotene i denne Eau de Parfum for kvinner er uimotst\u00e5elige og vil lyse opp dagen din.<\/p>\n<p>Toppnoter: Bergamott, Appelsin, P\u00e6re, Mandarin<br \/>Hjertenoter: Jordb\u00e6r, Vanilje, Rose, Pasjonsfrukt, Jasmin, Mimosa, Ylang-Ylang<br \/>Bunnoter: Patchouli, Kaffe, Vetiver, Tonkab\u00f8nner, Vanilje<\/p>\n<p>100ml<\/p>\n","protected":false},"excerpt":{"rendered":"<p>Armaf Miss Mystique EdP \u2013 Hvis du elsker frukt, vil du bli fullstendig fortryllet av Armaf Miss Armaf Mystique. De deilige og saftige fruktnotene i denne Eau de Parfum for kvinner er uimotst\u00e5elige og vil lyse opp dagen din. Toppnoter: Bergamott, Appelsin, P\u00e6re, MandarinHjertenoter: Jordb\u00e6r, Vanilje, Rose, Pasjonsfrukt, Jasmin, Mimosa, Ylang-YlangBunnoter: Patchouli, Kaffe, Vetiver, Tonkab\u00f8nner, [&hellip;]<\/p>\n","protected":false},"featured_media":435969,"comment_status":"open","ping_status":"closed","template":"","meta":{"_trash_the_other_posts":false},"product_brand":[],"product_cat":[706,735,999],"product_tag":[],"berocket_brand":[1989],"class_list":{"0":"post-435971","1":"product","2":"type-product","3":"status-publish","4":"has-post-thumbnail","6":"product_cat-eau-de-parfum-dame","7":"product_cat-kampanje","8":"product_cat-kampanjetilbud-for-henne","9":"pa_brand-armaf","10":"berocket_brand-armaf","12":"first","13":"outofstock","14":"sale","15":"taxable","16":"shipping-taxable","17":"purchasable","18":"product-type-simple"},"_links":{"self":[{"href":"https:\/\/stylingagenten.com\/no\/wp-json\/wp\/v2\/product\/435971","targetHints":{"allow":["GET"]}}],"collection":[{"href":"https:\/\/stylingagenten.com\/no\/wp-json\/wp\/v2\/product"}],"about":[{"href":"https:\/\/stylingagenten.com\/no\/wp-json\/wp\/v2\/types\/product"}],"replies":[{"embeddable":true,"href":"https:\/\/stylingagenten.com\/no\/wp-json\/wp\/v2\/comments?post=435971"}],"version-history":[{"count":0,"href":"https:\/\/stylingagenten.com\/no\/wp-json\/wp\/v2\/product\/435971\/revisions"}],"wp:featuredmedia":[{"embeddable":true,"href":"https:\/\/stylingagenten.com\/no\/wp-json\/wp\/v2\/media\/435969"}],"wp:attachment":[{"href":"https:\/\/stylingagenten.com\/no\/wp-json\/wp\/v2\/media?parent=435971"}],"wp:term":[{"taxonomy":"product_brand","embeddable":true,"href":"https:\/\/stylingagenten.com\/no\/wp-json\/wp\/v2\/product_brand?post=435971"},{"taxonomy":"product_cat","embeddable":true,"href":"https:\/\/stylingagenten.com\/no\/wp-json\/wp\/v2\/product_cat?post=435971"},{"taxonomy":"product_tag","embeddable":true,"href":"https:\/\/stylingagenten.com\/no\/wp-json\/wp\/v2\/product_tag?post=435971"},{"taxonomy":"berocket_brand","embeddable":true,"href":"https:\/\/stylingagenten.com\/no\/wp-json\/wp\/v2\/berocket_brand?post=435971"}],"curies":[{"name":"wp","href":"https:\/\/api.w.org\/{rel}","templated":true}]}}