{"id":435959,"date":"2025-08-25T10:56:06","date_gmt":"2025-08-25T10:56:06","guid":{"rendered":"https:\/\/staging2.stylingagenten.com\/no\/produkt\/armaf-black-saffron-edp-100ml\/"},"modified":"2026-03-11T21:52:12","modified_gmt":"2026-03-11T21:52:12","slug":"armaf-black-saffron-edp-100ml","status":"publish","type":"product","link":"https:\/\/stylingagenten.com\/no\/produkt\/armaf-black-saffron-edp-100ml\/","title":{"rendered":"Armaf Black Saffron Edp 100ml"},"content":{"rendered":"<p>Armaf Black Saffron EdP viser deg Orientens forf\u00f8rende skj\u00f8nnhet i all sin prakt. Den utstr\u00e5ler mystikk og hemmelighetsfullhet, og trekker all oppmerksomhet til deg.<\/p>\n<p>Toppnoter: Patchouli, Vanilje, Musk, Tonkab\u00f8nner<br \/>Hjertenoter: Lavendel, Ingef\u00e6r<br \/>Bunnoter: Rav, Sandeltre, Vetiver<\/p>\n<p>100ml<\/p>\n","protected":false},"excerpt":{"rendered":"<p>Armaf Black Saffron EdP viser deg Orientens forf\u00f8rende skj\u00f8nnhet i all sin prakt. Den utstr\u00e5ler mystikk og hemmelighetsfullhet, og trekker all oppmerksomhet til deg. Toppnoter: Patchouli, Vanilje, Musk, Tonkab\u00f8nnerHjertenoter: Lavendel, Ingef\u00e6rBunnoter: Rav, Sandeltre, Vetiver 100ml<\/p>\n","protected":false},"featured_media":435957,"comment_status":"open","ping_status":"closed","template":"","meta":{"_trash_the_other_posts":false},"product_brand":[],"product_cat":[729,735,1000],"product_tag":[],"berocket_brand":[1989],"class_list":{"0":"post-435959","1":"product","2":"type-product","3":"status-publish","4":"has-post-thumbnail","6":"product_cat-eau-de-parfum-unisex","7":"product_cat-kampanje","8":"product_cat-kampanjetilbud-for-ham","9":"pa_brand-armaf","10":"berocket_brand-armaf","12":"first","13":"instock","14":"sale","15":"taxable","16":"shipping-taxable","17":"purchasable","18":"product-type-simple"},"_links":{"self":[{"href":"https:\/\/stylingagenten.com\/no\/wp-json\/wp\/v2\/product\/435959","targetHints":{"allow":["GET"]}}],"collection":[{"href":"https:\/\/stylingagenten.com\/no\/wp-json\/wp\/v2\/product"}],"about":[{"href":"https:\/\/stylingagenten.com\/no\/wp-json\/wp\/v2\/types\/product"}],"replies":[{"embeddable":true,"href":"https:\/\/stylingagenten.com\/no\/wp-json\/wp\/v2\/comments?post=435959"}],"version-history":[{"count":0,"href":"https:\/\/stylingagenten.com\/no\/wp-json\/wp\/v2\/product\/435959\/revisions"}],"wp:featuredmedia":[{"embeddable":true,"href":"https:\/\/stylingagenten.com\/no\/wp-json\/wp\/v2\/media\/435957"}],"wp:attachment":[{"href":"https:\/\/stylingagenten.com\/no\/wp-json\/wp\/v2\/media?parent=435959"}],"wp:term":[{"taxonomy":"product_brand","embeddable":true,"href":"https:\/\/stylingagenten.com\/no\/wp-json\/wp\/v2\/product_brand?post=435959"},{"taxonomy":"product_cat","embeddable":true,"href":"https:\/\/stylingagenten.com\/no\/wp-json\/wp\/v2\/product_cat?post=435959"},{"taxonomy":"product_tag","embeddable":true,"href":"https:\/\/stylingagenten.com\/no\/wp-json\/wp\/v2\/product_tag?post=435959"},{"taxonomy":"berocket_brand","embeddable":true,"href":"https:\/\/stylingagenten.com\/no\/wp-json\/wp\/v2\/berocket_brand?post=435959"}],"curies":[{"name":"wp","href":"https:\/\/api.w.org\/{rel}","templated":true}]}}