{"id":435938,"date":"2025-08-25T10:55:55","date_gmt":"2025-08-25T10:55:55","guid":{"rendered":"https:\/\/staging2.stylingagenten.com\/no\/produkt\/armaf-desert-night-edp-100ml\/"},"modified":"2026-04-14T11:58:33","modified_gmt":"2026-04-14T11:58:33","slug":"armaf-desert-night-edp-100ml","status":"publish","type":"product","link":"https:\/\/stylingagenten.com\/no\/produkt\/armaf-desert-night-edp-100ml\/","title":{"rendered":"Armaf Desert Night Edp 100ml"},"content":{"rendered":"<p>Armaf Desert Night EdP \u2013 Glem regler, grenser og begrensninger. Den unisex Eau de Parfum Armaf Desert Night passer perfekt for alle som ikke er redd for \u00e5 skille seg ut.<\/p>\n<p>Toppnoter: Appelsinolje, Olibanum, Ros\u00e9pepper<br \/>Hjertenoter: Kanel<br \/>Bunnoter: L\u00e6r, Sedertre, Sandeltre, Patchouli, Rav, Tonkab\u00f8nner<\/p>\n<p>100ml<\/p>\n","protected":false},"excerpt":{"rendered":"<p>Armaf Desert Night EdP \u2013 Glem regler, grenser og begrensninger. Den unisex Eau de Parfum Armaf Desert Night passer perfekt for alle som ikke er redd for \u00e5 skille seg ut. Toppnoter: Appelsinolje, Olibanum, Ros\u00e9pepperHjertenoter: KanelBunnoter: L\u00e6r, Sedertre, Sandeltre, Patchouli, Rav, Tonkab\u00f8nner 100ml<\/p>\n","protected":false},"featured_media":435936,"comment_status":"open","ping_status":"closed","template":"","meta":{"_trash_the_other_posts":false},"product_brand":[],"product_cat":[729,735,999],"product_tag":[],"berocket_brand":[1989],"class_list":{"0":"post-435938","1":"product","2":"type-product","3":"status-publish","4":"has-post-thumbnail","6":"product_cat-eau-de-parfum-unisex","7":"product_cat-kampanje","8":"product_cat-kampanjetilbud-for-henne","9":"pa_brand-armaf","10":"berocket_brand-armaf","12":"first","13":"instock","14":"sale","15":"taxable","16":"shipping-taxable","17":"purchasable","18":"product-type-simple"},"_links":{"self":[{"href":"https:\/\/stylingagenten.com\/no\/wp-json\/wp\/v2\/product\/435938","targetHints":{"allow":["GET"]}}],"collection":[{"href":"https:\/\/stylingagenten.com\/no\/wp-json\/wp\/v2\/product"}],"about":[{"href":"https:\/\/stylingagenten.com\/no\/wp-json\/wp\/v2\/types\/product"}],"replies":[{"embeddable":true,"href":"https:\/\/stylingagenten.com\/no\/wp-json\/wp\/v2\/comments?post=435938"}],"version-history":[{"count":0,"href":"https:\/\/stylingagenten.com\/no\/wp-json\/wp\/v2\/product\/435938\/revisions"}],"wp:featuredmedia":[{"embeddable":true,"href":"https:\/\/stylingagenten.com\/no\/wp-json\/wp\/v2\/media\/435936"}],"wp:attachment":[{"href":"https:\/\/stylingagenten.com\/no\/wp-json\/wp\/v2\/media?parent=435938"}],"wp:term":[{"taxonomy":"product_brand","embeddable":true,"href":"https:\/\/stylingagenten.com\/no\/wp-json\/wp\/v2\/product_brand?post=435938"},{"taxonomy":"product_cat","embeddable":true,"href":"https:\/\/stylingagenten.com\/no\/wp-json\/wp\/v2\/product_cat?post=435938"},{"taxonomy":"product_tag","embeddable":true,"href":"https:\/\/stylingagenten.com\/no\/wp-json\/wp\/v2\/product_tag?post=435938"},{"taxonomy":"berocket_brand","embeddable":true,"href":"https:\/\/stylingagenten.com\/no\/wp-json\/wp\/v2\/berocket_brand?post=435938"}],"curies":[{"name":"wp","href":"https:\/\/api.w.org\/{rel}","templated":true}]}}