{"id":435932,"date":"2025-08-25T10:55:51","date_gmt":"2025-08-25T10:55:51","guid":{"rendered":"https:\/\/staging2.stylingagenten.com\/no\/produkt\/armaf-niche-black-onyx-edp-90ml\/"},"modified":"2026-03-11T21:51:06","modified_gmt":"2026-03-11T21:51:06","slug":"armaf-niche-black-onyx-edp-90ml","status":"publish","type":"product","link":"https:\/\/stylingagenten.com\/no\/produkt\/armaf-niche-black-onyx-edp-90ml\/","title":{"rendered":"Armaf Niche Black Onyx Edp 90ml"},"content":{"rendered":"<p>Armaf Niche Black Onyx EdP legemliggj\u00f8r all kraft og rikdom fra \u00f8st. En krydret maskulin duft designet for \u00e5 gi selvtillit og besluttsomhet, slik at du kan n\u00e5 suksess.<\/p>\n<p>Toppnoter: Kardemomme, Sitron, Kanel<br \/>Hjertenoter: Myrra, Agarwood, Rose<br \/>Bunnoter: Rav, Hvit musk, Patchouli<\/p>\n<p>90ml<\/p>\n","protected":false},"excerpt":{"rendered":"<p>Armaf Niche Black Onyx EdP legemliggj\u00f8r all kraft og rikdom fra \u00f8st. En krydret maskulin duft designet for \u00e5 gi selvtillit og besluttsomhet, slik at du kan n\u00e5 suksess. Toppnoter: Kardemomme, Sitron, KanelHjertenoter: Myrra, Agarwood, RoseBunnoter: Rav, Hvit musk, Patchouli 90ml<\/p>\n","protected":false},"featured_media":435930,"comment_status":"open","ping_status":"closed","template":"","meta":{"_trash_the_other_posts":false},"product_brand":[],"product_cat":[729,735,1000],"product_tag":[],"berocket_brand":[1989],"class_list":{"0":"post-435932","1":"product","2":"type-product","3":"status-publish","4":"has-post-thumbnail","6":"product_cat-eau-de-parfum-unisex","7":"product_cat-kampanje","8":"product_cat-kampanjetilbud-for-ham","9":"pa_brand-armaf","10":"berocket_brand-armaf","12":"first","13":"instock","14":"sale","15":"taxable","16":"shipping-taxable","17":"purchasable","18":"product-type-simple"},"_links":{"self":[{"href":"https:\/\/stylingagenten.com\/no\/wp-json\/wp\/v2\/product\/435932","targetHints":{"allow":["GET"]}}],"collection":[{"href":"https:\/\/stylingagenten.com\/no\/wp-json\/wp\/v2\/product"}],"about":[{"href":"https:\/\/stylingagenten.com\/no\/wp-json\/wp\/v2\/types\/product"}],"replies":[{"embeddable":true,"href":"https:\/\/stylingagenten.com\/no\/wp-json\/wp\/v2\/comments?post=435932"}],"version-history":[{"count":0,"href":"https:\/\/stylingagenten.com\/no\/wp-json\/wp\/v2\/product\/435932\/revisions"}],"wp:featuredmedia":[{"embeddable":true,"href":"https:\/\/stylingagenten.com\/no\/wp-json\/wp\/v2\/media\/435930"}],"wp:attachment":[{"href":"https:\/\/stylingagenten.com\/no\/wp-json\/wp\/v2\/media?parent=435932"}],"wp:term":[{"taxonomy":"product_brand","embeddable":true,"href":"https:\/\/stylingagenten.com\/no\/wp-json\/wp\/v2\/product_brand?post=435932"},{"taxonomy":"product_cat","embeddable":true,"href":"https:\/\/stylingagenten.com\/no\/wp-json\/wp\/v2\/product_cat?post=435932"},{"taxonomy":"product_tag","embeddable":true,"href":"https:\/\/stylingagenten.com\/no\/wp-json\/wp\/v2\/product_tag?post=435932"},{"taxonomy":"berocket_brand","embeddable":true,"href":"https:\/\/stylingagenten.com\/no\/wp-json\/wp\/v2\/berocket_brand?post=435932"}],"curies":[{"name":"wp","href":"https:\/\/api.w.org\/{rel}","templated":true}]}}