{"id":435926,"date":"2025-08-25T10:55:48","date_gmt":"2025-08-25T10:55:48","guid":{"rendered":"https:\/\/staging2.stylingagenten.com\/no\/produkt\/armaf-le-parfait-azure-edp-100ml\/"},"modified":"2026-03-11T21:50:30","modified_gmt":"2026-03-11T21:50:30","slug":"armaf-le-parfait-azure-edp-100ml","status":"publish","type":"product","link":"https:\/\/stylingagenten.com\/no\/produkt\/armaf-le-parfait-azure-edp-100ml\/","title":{"rendered":"Armaf Le Parfait Azure Edp 100ml"},"content":{"rendered":"<p>Armaf Le Parfait Azure EdP \u2013 Hver kvinne legemliggj\u00f8r en blanding av sensitivitet og styrke, noe som ogs\u00e5 gjenspeiles i parfymens verden. Armaf Le Parfait Pour Femme Azure er en Eau de Parfum som avsl\u00f8rer alle sider ved din personlighet og perfekt kompletterer din unike karisma.<\/p>\n<p>Toppnoter: Bergamott, Kardemomme, Fersken, Rose<br \/>Hjertenoter: Osmanthus, Jasmin, Plomme, Eple, Tuberose<br \/>Bunnoter: Sandeltre, Vanilje, Tobakk<\/p>\n<p>100ml<\/p>\n","protected":false},"excerpt":{"rendered":"<p>Armaf Le Parfait Azure EdP \u2013 Hver kvinne legemliggj\u00f8r en blanding av sensitivitet og styrke, noe som ogs\u00e5 gjenspeiles i parfymens verden. Armaf Le Parfait Pour Femme Azure er en Eau de Parfum som avsl\u00f8rer alle sider ved din personlighet og perfekt kompletterer din unike karisma. Toppnoter: Bergamott, Kardemomme, Fersken, RoseHjertenoter: Osmanthus, Jasmin, Plomme, Eple, [&hellip;]<\/p>\n","protected":false},"featured_media":435924,"comment_status":"open","ping_status":"closed","template":"","meta":{"_trash_the_other_posts":false},"product_brand":[],"product_cat":[706,735,999],"product_tag":[],"berocket_brand":[1989],"class_list":{"0":"post-435926","1":"product","2":"type-product","3":"status-publish","4":"has-post-thumbnail","6":"product_cat-eau-de-parfum-dame","7":"product_cat-kampanje","8":"product_cat-kampanjetilbud-for-henne","9":"pa_brand-armaf","10":"berocket_brand-armaf","12":"first","13":"instock","14":"sale","15":"taxable","16":"shipping-taxable","17":"purchasable","18":"product-type-simple"},"_links":{"self":[{"href":"https:\/\/stylingagenten.com\/no\/wp-json\/wp\/v2\/product\/435926","targetHints":{"allow":["GET"]}}],"collection":[{"href":"https:\/\/stylingagenten.com\/no\/wp-json\/wp\/v2\/product"}],"about":[{"href":"https:\/\/stylingagenten.com\/no\/wp-json\/wp\/v2\/types\/product"}],"replies":[{"embeddable":true,"href":"https:\/\/stylingagenten.com\/no\/wp-json\/wp\/v2\/comments?post=435926"}],"version-history":[{"count":0,"href":"https:\/\/stylingagenten.com\/no\/wp-json\/wp\/v2\/product\/435926\/revisions"}],"wp:featuredmedia":[{"embeddable":true,"href":"https:\/\/stylingagenten.com\/no\/wp-json\/wp\/v2\/media\/435924"}],"wp:attachment":[{"href":"https:\/\/stylingagenten.com\/no\/wp-json\/wp\/v2\/media?parent=435926"}],"wp:term":[{"taxonomy":"product_brand","embeddable":true,"href":"https:\/\/stylingagenten.com\/no\/wp-json\/wp\/v2\/product_brand?post=435926"},{"taxonomy":"product_cat","embeddable":true,"href":"https:\/\/stylingagenten.com\/no\/wp-json\/wp\/v2\/product_cat?post=435926"},{"taxonomy":"product_tag","embeddable":true,"href":"https:\/\/stylingagenten.com\/no\/wp-json\/wp\/v2\/product_tag?post=435926"},{"taxonomy":"berocket_brand","embeddable":true,"href":"https:\/\/stylingagenten.com\/no\/wp-json\/wp\/v2\/berocket_brand?post=435926"}],"curies":[{"name":"wp","href":"https:\/\/api.w.org\/{rel}","templated":true}]}}