{"id":435904,"date":"2025-08-25T10:55:38","date_gmt":"2025-08-25T10:55:38","guid":{"rendered":"https:\/\/staging2.stylingagenten.com\/no\/produkt\/britney-spears-jungle-fantasy-edt-30ml\/"},"modified":"2026-04-13T08:30:02","modified_gmt":"2026-04-13T08:30:02","slug":"britney-spears-jungle-fantasy-edt-30ml","status":"publish","type":"product","link":"https:\/\/stylingagenten.com\/no\/produkt\/britney-spears-jungle-fantasy-edt-30ml\/","title":{"rendered":"Britney Spears Jungle Fantasy Edt 30ml"},"content":{"rendered":"<p>Slipp l\u00f8s din villeste fantasi. Fly ut i det ukjente og utforsk duften Jungle Fantasy, inspirert av Britneys livlige energi, ville holdning og frie sjel. Duften best\u00e5r av toppnoter av vannmelonblomster \u2014 en frisk start. Gustavia-blomster vekker entusiasme med sitt blomstrende hjerte og en eksotisk flamme. Tonkab\u00f8nne absolutt tilf\u00f8rer en s\u00f8t tone og gir en avhengighetsskapende finish. Jungle Fantasy, en eksotisk duft fra Britney Spears\u2122.<\/p>\n<p>30ml<\/p>\n","protected":false},"excerpt":{"rendered":"<p>Slipp l\u00f8s din villeste fantasi. Fly ut i det ukjente og utforsk duften Jungle Fantasy, inspirert av Britneys livlige energi, ville holdning og frie sjel. Duften best\u00e5r av toppnoter av vannmelonblomster \u2014 en frisk start. Gustavia-blomster vekker entusiasme med sitt blomstrende hjerte og en eksotisk flamme. Tonkab\u00f8nne absolutt tilf\u00f8rer en s\u00f8t tone og gir en [&hellip;]<\/p>\n","protected":false},"featured_media":435896,"comment_status":"open","ping_status":"closed","template":"","meta":{"_trash_the_other_posts":false},"product_brand":[],"product_cat":[707,735,999],"product_tag":[],"berocket_brand":[1031],"class_list":{"0":"post-435904","1":"product","2":"type-product","3":"status-publish","4":"has-post-thumbnail","6":"product_cat-eau-de-toilette-dame","7":"product_cat-kampanje","8":"product_cat-kampanjetilbud-for-henne","9":"pa_brand-britney-spears","10":"berocket_brand-britney-spears","12":"first","13":"instock","14":"sale","15":"taxable","16":"shipping-taxable","17":"purchasable","18":"product-type-simple"},"_links":{"self":[{"href":"https:\/\/stylingagenten.com\/no\/wp-json\/wp\/v2\/product\/435904","targetHints":{"allow":["GET"]}}],"collection":[{"href":"https:\/\/stylingagenten.com\/no\/wp-json\/wp\/v2\/product"}],"about":[{"href":"https:\/\/stylingagenten.com\/no\/wp-json\/wp\/v2\/types\/product"}],"replies":[{"embeddable":true,"href":"https:\/\/stylingagenten.com\/no\/wp-json\/wp\/v2\/comments?post=435904"}],"version-history":[{"count":0,"href":"https:\/\/stylingagenten.com\/no\/wp-json\/wp\/v2\/product\/435904\/revisions"}],"wp:featuredmedia":[{"embeddable":true,"href":"https:\/\/stylingagenten.com\/no\/wp-json\/wp\/v2\/media\/435896"}],"wp:attachment":[{"href":"https:\/\/stylingagenten.com\/no\/wp-json\/wp\/v2\/media?parent=435904"}],"wp:term":[{"taxonomy":"product_brand","embeddable":true,"href":"https:\/\/stylingagenten.com\/no\/wp-json\/wp\/v2\/product_brand?post=435904"},{"taxonomy":"product_cat","embeddable":true,"href":"https:\/\/stylingagenten.com\/no\/wp-json\/wp\/v2\/product_cat?post=435904"},{"taxonomy":"product_tag","embeddable":true,"href":"https:\/\/stylingagenten.com\/no\/wp-json\/wp\/v2\/product_tag?post=435904"},{"taxonomy":"berocket_brand","embeddable":true,"href":"https:\/\/stylingagenten.com\/no\/wp-json\/wp\/v2\/berocket_brand?post=435904"}],"curies":[{"name":"wp","href":"https:\/\/api.w.org\/{rel}","templated":true}]}}