{"id":435890,"date":"2025-08-25T10:55:29","date_gmt":"2025-08-25T10:55:29","guid":{"rendered":"https:\/\/staging2.stylingagenten.com\/no\/produkt\/marc-jacobs-daisy-love-glow-edt-50ml\/"},"modified":"2026-04-10T18:58:34","modified_gmt":"2026-04-10T18:58:34","slug":"marc-jacobs-daisy-love-glow-edt-50ml","status":"publish","type":"product","link":"https:\/\/stylingagenten.com\/no\/produkt\/marc-jacobs-daisy-love-glow-edt-50ml\/","title":{"rendered":"Marc Jacobs Daisy Love Glow Edt 50ml"},"content":{"rendered":"<p>Ta et eventyr inn i Daisy Glows str\u00e5lende verden, en frisk og blomstrende duft for kvinner. Denne nye begrensede utgaven av Marc Jacobs-duften er en kombinasjon av blomstrende naturlige ingredienser og duftaktiv innovasjon, som sammen skaper et perfekt tilskudd til Daisy Garden. Daisy Glow Loves noter er en feilfri blanding: en toppnote av skarpe essensielle sitronoljer, multer og beroligende bergamot; et hjerte av essensiell nellikolje, jasmin og sitronblomster; og basenoter av varm kashmirmusk og patchouliolje. Marc Jacobs Daisy-dufter kombinerer levende toner, b\u00e5de naturlige og syntetiske, og skaper dufter som er utrolig friske og unike, men ogs\u00e5 holdbare. Bruk duften som en p\u00e5minnelse om at solskinn og natur alltid er en spray unna.<\/p>\n<p>50ml<\/p>\n","protected":false},"excerpt":{"rendered":"<p>Ta et eventyr inn i Daisy Glows str\u00e5lende verden, en frisk og blomstrende duft for kvinner. Denne nye begrensede utgaven av Marc Jacobs-duften er en kombinasjon av blomstrende naturlige ingredienser og duftaktiv innovasjon, som sammen skaper et perfekt tilskudd til Daisy Garden. Daisy Glow Loves noter er en feilfri blanding: en toppnote av skarpe essensielle [&hellip;]<\/p>\n","protected":false},"featured_media":435882,"comment_status":"open","ping_status":"closed","template":"","meta":{"_trash_the_other_posts":false},"product_brand":[],"product_cat":[707,735,999],"product_tag":[],"berocket_brand":[1069],"class_list":{"0":"post-435890","1":"product","2":"type-product","3":"status-publish","4":"has-post-thumbnail","6":"product_cat-eau-de-toilette-dame","7":"product_cat-kampanje","8":"product_cat-kampanjetilbud-for-henne","9":"pa_brand-marc-jacobs","10":"berocket_brand-marc-jacobs","12":"first","13":"outofstock","14":"sale","15":"taxable","16":"shipping-taxable","17":"purchasable","18":"product-type-simple"},"_links":{"self":[{"href":"https:\/\/stylingagenten.com\/no\/wp-json\/wp\/v2\/product\/435890","targetHints":{"allow":["GET"]}}],"collection":[{"href":"https:\/\/stylingagenten.com\/no\/wp-json\/wp\/v2\/product"}],"about":[{"href":"https:\/\/stylingagenten.com\/no\/wp-json\/wp\/v2\/types\/product"}],"replies":[{"embeddable":true,"href":"https:\/\/stylingagenten.com\/no\/wp-json\/wp\/v2\/comments?post=435890"}],"version-history":[{"count":0,"href":"https:\/\/stylingagenten.com\/no\/wp-json\/wp\/v2\/product\/435890\/revisions"}],"wp:featuredmedia":[{"embeddable":true,"href":"https:\/\/stylingagenten.com\/no\/wp-json\/wp\/v2\/media\/435882"}],"wp:attachment":[{"href":"https:\/\/stylingagenten.com\/no\/wp-json\/wp\/v2\/media?parent=435890"}],"wp:term":[{"taxonomy":"product_brand","embeddable":true,"href":"https:\/\/stylingagenten.com\/no\/wp-json\/wp\/v2\/product_brand?post=435890"},{"taxonomy":"product_cat","embeddable":true,"href":"https:\/\/stylingagenten.com\/no\/wp-json\/wp\/v2\/product_cat?post=435890"},{"taxonomy":"product_tag","embeddable":true,"href":"https:\/\/stylingagenten.com\/no\/wp-json\/wp\/v2\/product_tag?post=435890"},{"taxonomy":"berocket_brand","embeddable":true,"href":"https:\/\/stylingagenten.com\/no\/wp-json\/wp\/v2\/berocket_brand?post=435890"}],"curies":[{"name":"wp","href":"https:\/\/api.w.org\/{rel}","templated":true}]}}