{"id":435877,"date":"2025-08-25T10:55:23","date_gmt":"2025-08-25T10:55:23","guid":{"rendered":"https:\/\/staging2.stylingagenten.com\/no\/produkt\/malibu-kids-roll-on-lotion-spf50-50ml\/"},"modified":"2026-04-10T06:59:00","modified_gmt":"2026-04-10T06:59:00","slug":"malibu-kids-roll-on-lotion-spf50-50ml","status":"publish","type":"product","link":"https:\/\/stylingagenten.com\/no\/produkt\/malibu-kids-roll-on-lotion-spf50-50ml\/","title":{"rendered":"Malibu Kids Roll-On Lotion SPF50 50ml"},"content":{"rendered":"<p>Malibu Kids Roll-On Lotion SPF50 50ml er spesielt utviklet for \u00e5 beskytte barns sensitive hud mot skadelige UV-str\u00e5ler.<\/p>\n<p>Den lette og vannfaste formelen gj\u00f8r det enkelt \u00e5 p\u00e5f\u00f8re lotionen, samtidig som den effektivt beskytter mot solbrenthet og forhindrer for tidlig aldring av huden.<\/p>\n<p>50ml<\/p>\n","protected":false},"excerpt":{"rendered":"<p>Malibu Kids Roll-On Lotion SPF50 50ml er spesielt utviklet for \u00e5 beskytte barns sensitive hud mot skadelige UV-str\u00e5ler. Den lette og vannfaste formelen gj\u00f8r det enkelt \u00e5 p\u00e5f\u00f8re lotionen, samtidig som den effektivt beskytter mot solbrenthet og forhindrer for tidlig aldring av huden. 50ml<\/p>\n","protected":false},"featured_media":435876,"comment_status":"open","ping_status":"closed","template":"","meta":{"_trash_the_other_posts":false},"product_brand":[],"product_cat":[573],"product_tag":[],"berocket_brand":[1241],"class_list":{"0":"post-435877","1":"product","2":"type-product","3":"status-publish","4":"has-post-thumbnail","6":"product_cat-solkrem","7":"pa_brand-malibu","8":"berocket_brand-malibu","10":"first","11":"instock","12":"sale","13":"taxable","14":"shipping-taxable","15":"purchasable","16":"product-type-simple"},"_links":{"self":[{"href":"https:\/\/stylingagenten.com\/no\/wp-json\/wp\/v2\/product\/435877","targetHints":{"allow":["GET"]}}],"collection":[{"href":"https:\/\/stylingagenten.com\/no\/wp-json\/wp\/v2\/product"}],"about":[{"href":"https:\/\/stylingagenten.com\/no\/wp-json\/wp\/v2\/types\/product"}],"replies":[{"embeddable":true,"href":"https:\/\/stylingagenten.com\/no\/wp-json\/wp\/v2\/comments?post=435877"}],"version-history":[{"count":0,"href":"https:\/\/stylingagenten.com\/no\/wp-json\/wp\/v2\/product\/435877\/revisions"}],"wp:featuredmedia":[{"embeddable":true,"href":"https:\/\/stylingagenten.com\/no\/wp-json\/wp\/v2\/media\/435876"}],"wp:attachment":[{"href":"https:\/\/stylingagenten.com\/no\/wp-json\/wp\/v2\/media?parent=435877"}],"wp:term":[{"taxonomy":"product_brand","embeddable":true,"href":"https:\/\/stylingagenten.com\/no\/wp-json\/wp\/v2\/product_brand?post=435877"},{"taxonomy":"product_cat","embeddable":true,"href":"https:\/\/stylingagenten.com\/no\/wp-json\/wp\/v2\/product_cat?post=435877"},{"taxonomy":"product_tag","embeddable":true,"href":"https:\/\/stylingagenten.com\/no\/wp-json\/wp\/v2\/product_tag?post=435877"},{"taxonomy":"berocket_brand","embeddable":true,"href":"https:\/\/stylingagenten.com\/no\/wp-json\/wp\/v2\/berocket_brand?post=435877"}],"curies":[{"name":"wp","href":"https:\/\/api.w.org\/{rel}","templated":true}]}}