{"id":435866,"date":"2025-08-25T10:55:11","date_gmt":"2025-08-25T10:55:11","guid":{"rendered":"https:\/\/staging2.stylingagenten.com\/no\/produkt\/gillette-champion-gold-men-antiperspirant-gel-70ml\/"},"modified":"2026-04-10T11:08:34","modified_gmt":"2026-04-10T11:08:34","slug":"gillette-champion-gold-men-antiperspirant-gel-70ml","status":"publish","type":"product","link":"https:\/\/stylingagenten.com\/no\/produkt\/gillette-champion-gold-men-antiperspirant-gel-70ml\/","title":{"rendered":"Gillette Champion Gold Men Antiperspirant Gel 70ml"},"content":{"rendered":"<p>H\u00e5ndter svette som en ekte mester. Gillette Champion Gold antiperspirantgel gir deg beskyttelse mot svette i opptil utrolige 72 timer. Takket v\u00e6re den effektive sammensetningen vil ingen ubehagelig lukt overraske deg i l\u00f8pet av dagen, enten du er hjemme, p\u00e5 jobb eller p\u00e5 treningssenteret. En konstant f\u00f8lelse av renhet og friskhet vil f\u00f8lge deg gjennom alle aktiviteter.<br \/>70ml<\/p>\n","protected":false},"excerpt":{"rendered":"<p>H\u00e5ndter svette som en ekte mester. Gillette Champion Gold antiperspirantgel gir deg beskyttelse mot svette i opptil utrolige 72 timer. Takket v\u00e6re den effektive sammensetningen vil ingen ubehagelig lukt overraske deg i l\u00f8pet av dagen, enten du er hjemme, p\u00e5 jobb eller p\u00e5 treningssenteret. En konstant f\u00f8lelse av renhet og friskhet vil f\u00f8lge deg gjennom [&hellip;]<\/p>\n","protected":false},"featured_media":435861,"comment_status":"open","ping_status":"closed","template":"","meta":{"_trash_the_other_posts":false},"product_brand":[],"product_cat":[720,735,1000],"product_tag":[],"berocket_brand":[1324],"class_list":{"0":"post-435866","1":"product","2":"type-product","3":"status-publish","4":"has-post-thumbnail","6":"product_cat-deostick-herre","7":"product_cat-kampanje","8":"product_cat-kampanjetilbud-for-ham","9":"pa_brand-gillette","10":"berocket_brand-gillette","12":"first","13":"instock","14":"sale","15":"taxable","16":"shipping-taxable","17":"purchasable","18":"product-type-simple"},"_links":{"self":[{"href":"https:\/\/stylingagenten.com\/no\/wp-json\/wp\/v2\/product\/435866","targetHints":{"allow":["GET"]}}],"collection":[{"href":"https:\/\/stylingagenten.com\/no\/wp-json\/wp\/v2\/product"}],"about":[{"href":"https:\/\/stylingagenten.com\/no\/wp-json\/wp\/v2\/types\/product"}],"replies":[{"embeddable":true,"href":"https:\/\/stylingagenten.com\/no\/wp-json\/wp\/v2\/comments?post=435866"}],"version-history":[{"count":0,"href":"https:\/\/stylingagenten.com\/no\/wp-json\/wp\/v2\/product\/435866\/revisions"}],"wp:featuredmedia":[{"embeddable":true,"href":"https:\/\/stylingagenten.com\/no\/wp-json\/wp\/v2\/media\/435861"}],"wp:attachment":[{"href":"https:\/\/stylingagenten.com\/no\/wp-json\/wp\/v2\/media?parent=435866"}],"wp:term":[{"taxonomy":"product_brand","embeddable":true,"href":"https:\/\/stylingagenten.com\/no\/wp-json\/wp\/v2\/product_brand?post=435866"},{"taxonomy":"product_cat","embeddable":true,"href":"https:\/\/stylingagenten.com\/no\/wp-json\/wp\/v2\/product_cat?post=435866"},{"taxonomy":"product_tag","embeddable":true,"href":"https:\/\/stylingagenten.com\/no\/wp-json\/wp\/v2\/product_tag?post=435866"},{"taxonomy":"berocket_brand","embeddable":true,"href":"https:\/\/stylingagenten.com\/no\/wp-json\/wp\/v2\/berocket_brand?post=435866"}],"curies":[{"name":"wp","href":"https:\/\/api.w.org\/{rel}","templated":true}]}}