{"id":435762,"date":"2025-08-25T10:54:17","date_gmt":"2025-08-25T10:54:17","guid":{"rendered":"https:\/\/staging2.stylingagenten.com\/no\/produkt\/wet-n-wild-mega-stay-extreme-hold-brow-gel\/"},"modified":"2026-02-06T14:35:43","modified_gmt":"2026-02-06T14:35:43","slug":"wet-n-wild-mega-stay-extreme-hold-brow-gel","status":"publish","type":"product","link":"https:\/\/stylingagenten.com\/no\/produkt\/wet-n-wild-mega-stay-extreme-hold-brow-gel\/","title":{"rendered":"Wet n Wild Mega Stay Extreme Hold Brow Gel"},"content":{"rendered":"<p>Denne lette gelen skulpterer og former umiddelbart med ekstrem holdbarhet. Gir et ikke-klisset feste med en klar finish, perfekt for \u00e5 oppn\u00e5 en laminert brynlook. Bruk den lille b\u00f8rsten for \u00e5 l\u00f8fte og sette h\u00e5rstr\u00e5ene p\u00e5 plass i opptil 16 timer med feilfri og flakfri holdbarhet!<\/p>\n","protected":false},"excerpt":{"rendered":"<p>Denne lette gelen skulpterer og former umiddelbart med ekstrem holdbarhet. Gir et ikke-klisset feste med en klar finish, perfekt for \u00e5 oppn\u00e5 en laminert brynlook. Bruk den lille b\u00f8rsten for \u00e5 l\u00f8fte og sette h\u00e5rstr\u00e5ene p\u00e5 plass i opptil 16 timer med feilfri og flakfri holdbarhet!<\/p>\n","protected":false},"featured_media":435754,"comment_status":"open","ping_status":"closed","template":"","meta":{"_trash_the_other_posts":false},"product_brand":[],"product_cat":[627],"product_tag":[],"berocket_brand":[1035],"class_list":{"0":"post-435762","1":"product","2":"type-product","3":"status-publish","4":"has-post-thumbnail","6":"product_cat-ogonbryn-gel","7":"pa_brand-wet-n-wild","8":"berocket_brand-wet-n-wild","10":"first","11":"instock","12":"sale","13":"taxable","14":"shipping-taxable","15":"purchasable","16":"product-type-simple"},"_links":{"self":[{"href":"https:\/\/stylingagenten.com\/no\/wp-json\/wp\/v2\/product\/435762","targetHints":{"allow":["GET"]}}],"collection":[{"href":"https:\/\/stylingagenten.com\/no\/wp-json\/wp\/v2\/product"}],"about":[{"href":"https:\/\/stylingagenten.com\/no\/wp-json\/wp\/v2\/types\/product"}],"replies":[{"embeddable":true,"href":"https:\/\/stylingagenten.com\/no\/wp-json\/wp\/v2\/comments?post=435762"}],"version-history":[{"count":0,"href":"https:\/\/stylingagenten.com\/no\/wp-json\/wp\/v2\/product\/435762\/revisions"}],"wp:featuredmedia":[{"embeddable":true,"href":"https:\/\/stylingagenten.com\/no\/wp-json\/wp\/v2\/media\/435754"}],"wp:attachment":[{"href":"https:\/\/stylingagenten.com\/no\/wp-json\/wp\/v2\/media?parent=435762"}],"wp:term":[{"taxonomy":"product_brand","embeddable":true,"href":"https:\/\/stylingagenten.com\/no\/wp-json\/wp\/v2\/product_brand?post=435762"},{"taxonomy":"product_cat","embeddable":true,"href":"https:\/\/stylingagenten.com\/no\/wp-json\/wp\/v2\/product_cat?post=435762"},{"taxonomy":"product_tag","embeddable":true,"href":"https:\/\/stylingagenten.com\/no\/wp-json\/wp\/v2\/product_tag?post=435762"},{"taxonomy":"berocket_brand","embeddable":true,"href":"https:\/\/stylingagenten.com\/no\/wp-json\/wp\/v2\/berocket_brand?post=435762"}],"curies":[{"name":"wp","href":"https:\/\/api.w.org\/{rel}","templated":true}]}}