{"id":435607,"date":"2025-08-18T15:32:42","date_gmt":"2025-08-18T15:32:42","guid":{"rendered":"https:\/\/staging2.stylingagenten.com\/no\/produkt\/milk_shake-silver-shine-shampoo-300ml\/"},"modified":"2026-04-14T15:38:48","modified_gmt":"2026-04-14T15:38:48","slug":"milk_shake-silver-shine-shampoo-300ml","status":"publish","type":"product","link":"https:\/\/stylingagenten.com\/no\/produkt\/milk_shake-silver-shine-shampoo-300ml\/","title":{"rendered":"Milk_Shake Silver Shine Shampoo 300ml"},"content":{"rendered":"<p>S\u00f8lvshampoo som sk\u00e5nsomt renser og motvirker u\u00f8nskede gultoner i h\u00e5ret.&nbsp;<\/p>\n<p>Milk_Shake Silver Shine Shampoo Renser sk\u00e5nsomt med sitt spesifikke fiolette pigment, motvirker u\u00f8nskede gule eller bronsetoner i naturlig blond eller bleket, gr\u00e5tt eller hvitt h\u00e5r. Omstrukturerer h\u00e5ret med sine n\u00e6ringsrike ingredienser som melkeprotein og vitaminer fra bl\u00e5b\u00e6r. Gir h\u00e5ret ditt glans, mykhet og vitalitet.<\/p>\n","protected":false},"excerpt":{"rendered":"<p>S\u00f8lvshampoo som sk\u00e5nsomt renser og motvirker u\u00f8nskede gultoner i h\u00e5ret.&nbsp; Milk_Shake Silver Shine Shampoo Renser sk\u00e5nsomt med sitt spesifikke fiolette pigment, motvirker u\u00f8nskede gule eller bronsetoner i naturlig blond eller bleket, gr\u00e5tt eller hvitt h\u00e5r. Omstrukturerer h\u00e5ret med sine n\u00e6ringsrike ingredienser som melkeprotein og vitaminer fra bl\u00e5b\u00e6r. Gir h\u00e5ret ditt glans, mykhet og vitalitet.<\/p>\n","protected":false},"featured_media":435628,"comment_status":"open","ping_status":"closed","template":"","meta":{"_trash_the_other_posts":false},"product_brand":[],"product_cat":[563],"product_tag":[],"berocket_brand":[1085],"class_list":{"0":"post-435607","1":"product","2":"type-product","3":"status-publish","4":"has-post-thumbnail","6":"product_cat-sjampo","7":"pa_brand-milk_shake","8":"pa_variant-300ml","9":"berocket_brand-milk_shake","11":"first","12":"instock","13":"sale","14":"taxable","15":"shipping-taxable","16":"purchasable","17":"product-type-simple"},"_links":{"self":[{"href":"https:\/\/stylingagenten.com\/no\/wp-json\/wp\/v2\/product\/435607","targetHints":{"allow":["GET"]}}],"collection":[{"href":"https:\/\/stylingagenten.com\/no\/wp-json\/wp\/v2\/product"}],"about":[{"href":"https:\/\/stylingagenten.com\/no\/wp-json\/wp\/v2\/types\/product"}],"replies":[{"embeddable":true,"href":"https:\/\/stylingagenten.com\/no\/wp-json\/wp\/v2\/comments?post=435607"}],"version-history":[{"count":0,"href":"https:\/\/stylingagenten.com\/no\/wp-json\/wp\/v2\/product\/435607\/revisions"}],"wp:featuredmedia":[{"embeddable":true,"href":"https:\/\/stylingagenten.com\/no\/wp-json\/wp\/v2\/media\/435628"}],"wp:attachment":[{"href":"https:\/\/stylingagenten.com\/no\/wp-json\/wp\/v2\/media?parent=435607"}],"wp:term":[{"taxonomy":"product_brand","embeddable":true,"href":"https:\/\/stylingagenten.com\/no\/wp-json\/wp\/v2\/product_brand?post=435607"},{"taxonomy":"product_cat","embeddable":true,"href":"https:\/\/stylingagenten.com\/no\/wp-json\/wp\/v2\/product_cat?post=435607"},{"taxonomy":"product_tag","embeddable":true,"href":"https:\/\/stylingagenten.com\/no\/wp-json\/wp\/v2\/product_tag?post=435607"},{"taxonomy":"berocket_brand","embeddable":true,"href":"https:\/\/stylingagenten.com\/no\/wp-json\/wp\/v2\/berocket_brand?post=435607"}],"curies":[{"name":"wp","href":"https:\/\/api.w.org\/{rel}","templated":true}]}}