{"id":435446,"date":"2025-07-09T16:02:36","date_gmt":"2025-07-09T16:02:36","guid":{"rendered":"https:\/\/staging2.stylingagenten.com\/no\/produkt\/bare-minerals-foundation-warm-tan-8g\/"},"modified":"2026-03-30T07:30:12","modified_gmt":"2026-03-30T07:30:12","slug":"bare-minerals-foundation-warm-tan-8g","status":"publish","type":"product","link":"https:\/\/stylingagenten.com\/no\/produkt\/bare-minerals-foundation-warm-tan-8g\/","title":{"rendered":"Bare Minerals Foundation Warm Tan 8g"},"content":{"rendered":"<p>Bare Minerals Foundation Warm Tan er basert p\u00e5 fjellmineraler som gir en fantastisk gl\u00f8d.<\/p>\n<p>Passer alle hudtyper, ogs\u00e5 perfekt for personer med sensitiv, reaktiv hud eller allergier. Inneholder ikke parfyme eller kjemiske ingredienser. Ideell for \u00e5 skjule arr, rynker eller brune pigmentflekker. 100 % ren mikronisert mineralformel med en kremfinish som er enkel \u00e5 p\u00e5f\u00f8re.<\/p>\n<p>Foundation har SPF15 og reflekterer UV-lys og fungerer som en barriere mot sol, forurensning og frie radikaler samtidig som hudens fuktighet niv\u00e5&aring; bli bevart. P\u00e5f\u00f8r med hjelp av en polerb\u00f8rste eller en kabuki-b\u00f8rste for best resultat. Arbeid i et jevnt lag ved hjelp av b\u00f8rsten.<\/p>\n","protected":false},"excerpt":{"rendered":"<p>Bare Minerals Foundation Warm Tan er basert p\u00e5 fjellmineraler som gir en fantastisk gl\u00f8d. Passer alle hudtyper, ogs\u00e5 perfekt for personer med sensitiv, reaktiv hud eller allergier. Inneholder ikke parfyme eller kjemiske ingredienser. Ideell for \u00e5 skjule arr, rynker eller brune pigmentflekker. 100 % ren mikronisert mineralformel med en kremfinish som er enkel \u00e5 p\u00e5f\u00f8re. [&hellip;]<\/p>\n","protected":false},"featured_media":435443,"comment_status":"open","ping_status":"closed","template":"","meta":{"_trash_the_other_posts":false},"product_brand":[],"product_cat":[579,718],"product_tag":[],"berocket_brand":[1256],"class_list":{"0":"post-435446","1":"product","2":"type-product","3":"status-publish","4":"has-post-thumbnail","6":"product_cat-foundation","7":"product_cat-pudderfoundation","8":"pa_brand-bareminerals","9":"pa_variant-warm-tan","10":"berocket_brand-bareminerals","12":"first","13":"instock","14":"sale","15":"taxable","16":"shipping-taxable","17":"purchasable","18":"product-type-simple"},"_links":{"self":[{"href":"https:\/\/stylingagenten.com\/no\/wp-json\/wp\/v2\/product\/435446","targetHints":{"allow":["GET"]}}],"collection":[{"href":"https:\/\/stylingagenten.com\/no\/wp-json\/wp\/v2\/product"}],"about":[{"href":"https:\/\/stylingagenten.com\/no\/wp-json\/wp\/v2\/types\/product"}],"replies":[{"embeddable":true,"href":"https:\/\/stylingagenten.com\/no\/wp-json\/wp\/v2\/comments?post=435446"}],"version-history":[{"count":0,"href":"https:\/\/stylingagenten.com\/no\/wp-json\/wp\/v2\/product\/435446\/revisions"}],"wp:featuredmedia":[{"embeddable":true,"href":"https:\/\/stylingagenten.com\/no\/wp-json\/wp\/v2\/media\/435443"}],"wp:attachment":[{"href":"https:\/\/stylingagenten.com\/no\/wp-json\/wp\/v2\/media?parent=435446"}],"wp:term":[{"taxonomy":"product_brand","embeddable":true,"href":"https:\/\/stylingagenten.com\/no\/wp-json\/wp\/v2\/product_brand?post=435446"},{"taxonomy":"product_cat","embeddable":true,"href":"https:\/\/stylingagenten.com\/no\/wp-json\/wp\/v2\/product_cat?post=435446"},{"taxonomy":"product_tag","embeddable":true,"href":"https:\/\/stylingagenten.com\/no\/wp-json\/wp\/v2\/product_tag?post=435446"},{"taxonomy":"berocket_brand","embeddable":true,"href":"https:\/\/stylingagenten.com\/no\/wp-json\/wp\/v2\/berocket_brand?post=435446"}],"curies":[{"name":"wp","href":"https:\/\/api.w.org\/{rel}","templated":true}]}}