{"id":435413,"date":"2025-07-09T16:02:03","date_gmt":"2025-07-09T16:02:03","guid":{"rendered":"https:\/\/staging2.stylingagenten.com\/no\/produkt\/kevin-murphy-smooth-again-rinse-conditioner-250ml\/"},"modified":"2026-03-11T21:56:28","modified_gmt":"2026-03-11T21:56:28","slug":"kevin-murphy-smooth-again-rinse-conditioner-250ml","status":"publish","type":"product","link":"https:\/\/stylingagenten.com\/no\/produkt\/kevin-murphy-smooth-again-rinse-conditioner-250ml\/","title":{"rendered":"Kevin Murphy Smooth Again Rinse Conditioner 250ml"},"content":{"rendered":"<p>SMOOTH.AGAIN.RINSE er laget for \u00e5 gi n\u00e6ring og jevne ut tykt, grovt h\u00e5r med ionebasert kationteknologi. Keratinproteiner imiterer strukturen til h\u00e5rets naturlige proteiner for \u00e5 jevne ut og forfine de \u00f8nskede omr\u00e5dene i h\u00e5ret. Denne hardtarbeidende, eksfolierende balsamen gir ogs\u00e5 et beskyttende lag for \u00e5 forsegle flisete tupper og redusere krusing.&nbsp;<\/p>\n<p>Sulfat, paraben og grusomhetsfri.&nbsp;<\/p>\n","protected":false},"excerpt":{"rendered":"<p>SMOOTH.AGAIN.RINSE er laget for \u00e5 gi n\u00e6ring og jevne ut tykt, grovt h\u00e5r med ionebasert kationteknologi. Keratinproteiner imiterer strukturen til h\u00e5rets naturlige proteiner for \u00e5 jevne ut og forfine de \u00f8nskede omr\u00e5dene i h\u00e5ret. Denne hardtarbeidende, eksfolierende balsamen gir ogs\u00e5 et beskyttende lag for \u00e5 forsegle flisete tupper og redusere krusing.&nbsp; Sulfat, paraben og grusomhetsfri.&nbsp;<\/p>\n","protected":false},"featured_media":435412,"comment_status":"open","ping_status":"closed","template":"","meta":{"_trash_the_other_posts":false},"product_brand":[],"product_cat":[587],"product_tag":[],"berocket_brand":[1165],"class_list":{"0":"post-435413","1":"product","2":"type-product","3":"status-publish","4":"has-post-thumbnail","6":"product_cat-balsam","7":"pa_brand-kevin-murphy","8":"pa_variant-250ml","9":"berocket_brand-kevin-murphy","11":"first","12":"instock","13":"sale","14":"taxable","15":"shipping-taxable","16":"purchasable","17":"product-type-simple"},"_links":{"self":[{"href":"https:\/\/stylingagenten.com\/no\/wp-json\/wp\/v2\/product\/435413","targetHints":{"allow":["GET"]}}],"collection":[{"href":"https:\/\/stylingagenten.com\/no\/wp-json\/wp\/v2\/product"}],"about":[{"href":"https:\/\/stylingagenten.com\/no\/wp-json\/wp\/v2\/types\/product"}],"replies":[{"embeddable":true,"href":"https:\/\/stylingagenten.com\/no\/wp-json\/wp\/v2\/comments?post=435413"}],"version-history":[{"count":0,"href":"https:\/\/stylingagenten.com\/no\/wp-json\/wp\/v2\/product\/435413\/revisions"}],"wp:featuredmedia":[{"embeddable":true,"href":"https:\/\/stylingagenten.com\/no\/wp-json\/wp\/v2\/media\/435412"}],"wp:attachment":[{"href":"https:\/\/stylingagenten.com\/no\/wp-json\/wp\/v2\/media?parent=435413"}],"wp:term":[{"taxonomy":"product_brand","embeddable":true,"href":"https:\/\/stylingagenten.com\/no\/wp-json\/wp\/v2\/product_brand?post=435413"},{"taxonomy":"product_cat","embeddable":true,"href":"https:\/\/stylingagenten.com\/no\/wp-json\/wp\/v2\/product_cat?post=435413"},{"taxonomy":"product_tag","embeddable":true,"href":"https:\/\/stylingagenten.com\/no\/wp-json\/wp\/v2\/product_tag?post=435413"},{"taxonomy":"berocket_brand","embeddable":true,"href":"https:\/\/stylingagenten.com\/no\/wp-json\/wp\/v2\/berocket_brand?post=435413"}],"curies":[{"name":"wp","href":"https:\/\/api.w.org\/{rel}","templated":true}]}}