{"id":435411,"date":"2025-07-09T16:02:00","date_gmt":"2025-07-09T16:02:00","guid":{"rendered":"https:\/\/staging2.stylingagenten.com\/no\/produkt\/kevin-murphy-young-again-masque-200ml\/"},"modified":"2025-11-19T08:14:11","modified_gmt":"2025-11-19T08:14:11","slug":"kevin-murphy-young-again-masque-200ml","status":"publish","type":"product","link":"https:\/\/stylingagenten.com\/no\/produkt\/kevin-murphy-young-again-masque-200ml\/","title":{"rendered":"Kevin Murphy Young Again Masque 200ml"},"content":{"rendered":"<p>En n\u00e6rende og foryngende h\u00e5rmaske fra Kevin Murphys ANTI-AGEING-regime.<br \/>YOUNG.AGAIN.MASQUE gir dyp kondisjonering til h\u00e5ret og hodebunnen og etterlater h\u00e5ret fullt av ungdommelig fylde og elastisitet.<br \/>Dens gjenoppbyggende blanding av aminosyrer, essensielle oljer og rike fuktighetsbevarende midler bidrar til \u00e5 gjenopprette og fornye glans og glans til t\u00f8rt, skadet, t\u00f8rt og aldrende h\u00e5r.<\/p>\n<p>Sulfat, paraben og grusomhetsfritt&nbsp;<\/p>\n","protected":false},"excerpt":{"rendered":"<p>En n\u00e6rende og foryngende h\u00e5rmaske fra Kevin Murphys ANTI-AGEING-regime.YOUNG.AGAIN.MASQUE gir dyp kondisjonering til h\u00e5ret og hodebunnen og etterlater h\u00e5ret fullt av ungdommelig fylde og elastisitet.Dens gjenoppbyggende blanding av aminosyrer, essensielle oljer og rike fuktighetsbevarende midler bidrar til \u00e5 gjenopprette og fornye glans og glans til t\u00f8rt, skadet, t\u00f8rt og aldrende h\u00e5r. Sulfat, paraben og grusomhetsfritt&nbsp;<\/p>\n","protected":false},"featured_media":435410,"comment_status":"open","ping_status":"closed","template":"","meta":{"_trash_the_other_posts":false},"product_brand":[],"product_cat":[620],"product_tag":[],"berocket_brand":[1165],"class_list":{"0":"post-435411","1":"product","2":"type-product","3":"status-publish","4":"has-post-thumbnail","6":"product_cat-harmaske","7":"pa_brand-kevin-murphy","8":"pa_variant-200ml","9":"berocket_brand-kevin-murphy","11":"first","12":"instock","13":"sale","14":"taxable","15":"shipping-taxable","16":"purchasable","17":"product-type-simple"},"_links":{"self":[{"href":"https:\/\/stylingagenten.com\/no\/wp-json\/wp\/v2\/product\/435411","targetHints":{"allow":["GET"]}}],"collection":[{"href":"https:\/\/stylingagenten.com\/no\/wp-json\/wp\/v2\/product"}],"about":[{"href":"https:\/\/stylingagenten.com\/no\/wp-json\/wp\/v2\/types\/product"}],"replies":[{"embeddable":true,"href":"https:\/\/stylingagenten.com\/no\/wp-json\/wp\/v2\/comments?post=435411"}],"version-history":[{"count":0,"href":"https:\/\/stylingagenten.com\/no\/wp-json\/wp\/v2\/product\/435411\/revisions"}],"wp:featuredmedia":[{"embeddable":true,"href":"https:\/\/stylingagenten.com\/no\/wp-json\/wp\/v2\/media\/435410"}],"wp:attachment":[{"href":"https:\/\/stylingagenten.com\/no\/wp-json\/wp\/v2\/media?parent=435411"}],"wp:term":[{"taxonomy":"product_brand","embeddable":true,"href":"https:\/\/stylingagenten.com\/no\/wp-json\/wp\/v2\/product_brand?post=435411"},{"taxonomy":"product_cat","embeddable":true,"href":"https:\/\/stylingagenten.com\/no\/wp-json\/wp\/v2\/product_cat?post=435411"},{"taxonomy":"product_tag","embeddable":true,"href":"https:\/\/stylingagenten.com\/no\/wp-json\/wp\/v2\/product_tag?post=435411"},{"taxonomy":"berocket_brand","embeddable":true,"href":"https:\/\/stylingagenten.com\/no\/wp-json\/wp\/v2\/berocket_brand?post=435411"}],"curies":[{"name":"wp","href":"https:\/\/api.w.org\/{rel}","templated":true}]}}