{"id":435401,"date":"2025-07-09T16:01:48","date_gmt":"2025-07-09T16:01:48","guid":{"rendered":"https:\/\/staging2.stylingagenten.com\/no\/produkt\/kevin-murphy-young-again-wash-shampoo-250ml\/"},"modified":"2026-03-11T21:58:00","modified_gmt":"2026-03-11T21:58:00","slug":"kevin-murphy-young-again-wash-shampoo-250ml","status":"publish","type":"product","link":"https:\/\/stylingagenten.com\/no\/produkt\/kevin-murphy-young-again-wash-shampoo-250ml\/","title":{"rendered":"Kevin Murphy Young Again Wash Shampoo 250ml"},"content":{"rendered":"<p>Legg til ungdommelig fylde og sprett tilbake fra aldrende, skadet h\u00e5r med en n\u00e6rende boost av <strong>YOUNG.AGAIN.WASH.&nbsp;<\/strong><br \/>Denne &aring;terst&auml; llande-sjampoen er en viktig del av Kevin Murphys anti-aldringskur og leverer et ern\u00e6ringskompleks av aminosyrer sammen med ingredienser spesielt utvalgt for deres anti-aldringsfordeler. Resultatet er en fornyet, ungdommelig gl\u00f8d og h\u00e5r som ser og f\u00f8les ungt ut igjen.&nbsp;<\/p>\n<p>Sulfat, paraben og grusomhetsfritt<\/p><\/p>\n","protected":false},"excerpt":{"rendered":"<p>Legg til ungdommelig fylde og sprett tilbake fra aldrende, skadet h\u00e5r med en n\u00e6rende boost av YOUNG.AGAIN.WASH.&nbsp;Denne &aring;terst&auml; llande-sjampoen er en viktig del av Kevin Murphys anti-aldringskur og leverer et ern\u00e6ringskompleks av aminosyrer sammen med ingredienser spesielt utvalgt for deres anti-aldringsfordeler. Resultatet er en fornyet, ungdommelig gl\u00f8d og h\u00e5r som ser og f\u00f8les ungt ut [&hellip;]<\/p>\n","protected":false},"featured_media":435400,"comment_status":"open","ping_status":"closed","template":"","meta":{"_trash_the_other_posts":false},"product_brand":[],"product_cat":[563],"product_tag":[],"berocket_brand":[1165],"class_list":{"0":"post-435401","1":"product","2":"type-product","3":"status-publish","4":"has-post-thumbnail","6":"product_cat-sjampo","7":"pa_brand-kevin-murphy","8":"pa_variant-250ml","9":"berocket_brand-kevin-murphy","11":"first","12":"instock","13":"sale","14":"taxable","15":"shipping-taxable","16":"purchasable","17":"product-type-simple"},"_links":{"self":[{"href":"https:\/\/stylingagenten.com\/no\/wp-json\/wp\/v2\/product\/435401","targetHints":{"allow":["GET"]}}],"collection":[{"href":"https:\/\/stylingagenten.com\/no\/wp-json\/wp\/v2\/product"}],"about":[{"href":"https:\/\/stylingagenten.com\/no\/wp-json\/wp\/v2\/types\/product"}],"replies":[{"embeddable":true,"href":"https:\/\/stylingagenten.com\/no\/wp-json\/wp\/v2\/comments?post=435401"}],"version-history":[{"count":0,"href":"https:\/\/stylingagenten.com\/no\/wp-json\/wp\/v2\/product\/435401\/revisions"}],"wp:featuredmedia":[{"embeddable":true,"href":"https:\/\/stylingagenten.com\/no\/wp-json\/wp\/v2\/media\/435400"}],"wp:attachment":[{"href":"https:\/\/stylingagenten.com\/no\/wp-json\/wp\/v2\/media?parent=435401"}],"wp:term":[{"taxonomy":"product_brand","embeddable":true,"href":"https:\/\/stylingagenten.com\/no\/wp-json\/wp\/v2\/product_brand?post=435401"},{"taxonomy":"product_cat","embeddable":true,"href":"https:\/\/stylingagenten.com\/no\/wp-json\/wp\/v2\/product_cat?post=435401"},{"taxonomy":"product_tag","embeddable":true,"href":"https:\/\/stylingagenten.com\/no\/wp-json\/wp\/v2\/product_tag?post=435401"},{"taxonomy":"berocket_brand","embeddable":true,"href":"https:\/\/stylingagenten.com\/no\/wp-json\/wp\/v2\/berocket_brand?post=435401"}],"curies":[{"name":"wp","href":"https:\/\/api.w.org\/{rel}","templated":true}]}}