{"id":435399,"date":"2025-07-09T16:01:45","date_gmt":"2025-07-09T16:01:45","guid":{"rendered":"https:\/\/staging2.stylingagenten.com\/no\/produkt\/kevin-murphy-motion-lotion-150ml\/"},"modified":"2026-03-11T21:57:02","modified_gmt":"2026-03-11T21:57:02","slug":"kevin-murphy-motion-lotion-150ml","status":"publish","type":"product","link":"https:\/\/stylingagenten.com\/no\/produkt\/kevin-murphy-motion-lotion-150ml\/","title":{"rendered":"Kevin Murphy Motion Lotion 150ml"},"content":{"rendered":"<p>Uthev kr\u00f8ller og f&aring; krus under kontroll med MOTION.LOTION.<br \/>Denne vektl\u00f8se, sv\u00e6rt absorberende lotionen er fylt med nyttige ingredienser for \u00e5 gi fleksibelt hold og naturlig glans.<\/p>\n<p>sulfat, paraben og grusomhetsfri<\/p>\n","protected":false},"excerpt":{"rendered":"<p>Uthev kr\u00f8ller og f&aring; krus under kontroll med MOTION.LOTION.Denne vektl\u00f8se, sv\u00e6rt absorberende lotionen er fylt med nyttige ingredienser for \u00e5 gi fleksibelt hold og naturlig glans. sulfat, paraben og grusomhetsfri<\/p>\n","protected":false},"featured_media":435397,"comment_status":"open","ping_status":"closed","template":"","meta":{"_trash_the_other_posts":false},"product_brand":[],"product_cat":[546],"product_tag":[],"berocket_brand":[1165],"class_list":{"0":"post-435399","1":"product","2":"type-product","3":"status-publish","4":"has-post-thumbnail","6":"product_cat-harstyling","7":"pa_brand-kevin-murphy","8":"pa_variant-150ml","9":"berocket_brand-kevin-murphy","11":"first","12":"instock","13":"sale","14":"taxable","15":"shipping-taxable","16":"purchasable","17":"product-type-simple"},"_links":{"self":[{"href":"https:\/\/stylingagenten.com\/no\/wp-json\/wp\/v2\/product\/435399","targetHints":{"allow":["GET"]}}],"collection":[{"href":"https:\/\/stylingagenten.com\/no\/wp-json\/wp\/v2\/product"}],"about":[{"href":"https:\/\/stylingagenten.com\/no\/wp-json\/wp\/v2\/types\/product"}],"replies":[{"embeddable":true,"href":"https:\/\/stylingagenten.com\/no\/wp-json\/wp\/v2\/comments?post=435399"}],"version-history":[{"count":0,"href":"https:\/\/stylingagenten.com\/no\/wp-json\/wp\/v2\/product\/435399\/revisions"}],"wp:featuredmedia":[{"embeddable":true,"href":"https:\/\/stylingagenten.com\/no\/wp-json\/wp\/v2\/media\/435397"}],"wp:attachment":[{"href":"https:\/\/stylingagenten.com\/no\/wp-json\/wp\/v2\/media?parent=435399"}],"wp:term":[{"taxonomy":"product_brand","embeddable":true,"href":"https:\/\/stylingagenten.com\/no\/wp-json\/wp\/v2\/product_brand?post=435399"},{"taxonomy":"product_cat","embeddable":true,"href":"https:\/\/stylingagenten.com\/no\/wp-json\/wp\/v2\/product_cat?post=435399"},{"taxonomy":"product_tag","embeddable":true,"href":"https:\/\/stylingagenten.com\/no\/wp-json\/wp\/v2\/product_tag?post=435399"},{"taxonomy":"berocket_brand","embeddable":true,"href":"https:\/\/stylingagenten.com\/no\/wp-json\/wp\/v2\/berocket_brand?post=435399"}],"curies":[{"name":"wp","href":"https:\/\/api.w.org\/{rel}","templated":true}]}}