{"id":435360,"date":"2025-07-09T16:00:36","date_gmt":"2025-07-09T16:00:36","guid":{"rendered":"https:\/\/staging2.stylingagenten.com\/no\/produkt\/kevin-murphy-blonde-angel-treatment-250ml\/"},"modified":"2025-11-19T08:14:20","modified_gmt":"2025-11-19T08:14:20","slug":"kevin-murphy-blonde-angel-treatment-250ml","status":"publish","type":"product","link":"https:\/\/stylingagenten.com\/no\/produkt\/kevin-murphy-blonde-angel-treatment-250ml\/","title":{"rendered":"Kevin Murphy Blonde Angel Treatment 250ml"},"content":{"rendered":"<p>Kevin Murphy Blonde Angel Treatment er en n\u00e6rende innpakning og balsam i ett som bidrar til \u00e5 fukte og myke opp blondt, kr\u00f8llete eller gr\u00e5tt h\u00e5r, samtidig som det ser ut til \u00e5 lysne og redusere u\u00f8nskede gule toner i h\u00e5ret.<\/p>\n<p>Fri sulfat og parabener.&nbsp;<\/p>\n","protected":false},"excerpt":{"rendered":"<p>Kevin Murphy Blonde Angel Treatment er en n\u00e6rende innpakning og balsam i ett som bidrar til \u00e5 fukte og myke opp blondt, kr\u00f8llete eller gr\u00e5tt h\u00e5r, samtidig som det ser ut til \u00e5 lysne og redusere u\u00f8nskede gule toner i h\u00e5ret. Fri sulfat og parabener.&nbsp;<\/p>\n","protected":false},"featured_media":435359,"comment_status":"open","ping_status":"closed","template":"","meta":{"_trash_the_other_posts":false},"product_brand":[],"product_cat":[620],"product_tag":[],"berocket_brand":[1165],"class_list":{"0":"post-435360","1":"product","2":"type-product","3":"status-publish","4":"has-post-thumbnail","6":"product_cat-harmaske","7":"pa_brand-kevin-murphy","8":"berocket_brand-kevin-murphy","10":"first","11":"instock","12":"sale","13":"taxable","14":"shipping-taxable","15":"purchasable","16":"product-type-simple"},"_links":{"self":[{"href":"https:\/\/stylingagenten.com\/no\/wp-json\/wp\/v2\/product\/435360","targetHints":{"allow":["GET"]}}],"collection":[{"href":"https:\/\/stylingagenten.com\/no\/wp-json\/wp\/v2\/product"}],"about":[{"href":"https:\/\/stylingagenten.com\/no\/wp-json\/wp\/v2\/types\/product"}],"replies":[{"embeddable":true,"href":"https:\/\/stylingagenten.com\/no\/wp-json\/wp\/v2\/comments?post=435360"}],"version-history":[{"count":0,"href":"https:\/\/stylingagenten.com\/no\/wp-json\/wp\/v2\/product\/435360\/revisions"}],"wp:featuredmedia":[{"embeddable":true,"href":"https:\/\/stylingagenten.com\/no\/wp-json\/wp\/v2\/media\/435359"}],"wp:attachment":[{"href":"https:\/\/stylingagenten.com\/no\/wp-json\/wp\/v2\/media?parent=435360"}],"wp:term":[{"taxonomy":"product_brand","embeddable":true,"href":"https:\/\/stylingagenten.com\/no\/wp-json\/wp\/v2\/product_brand?post=435360"},{"taxonomy":"product_cat","embeddable":true,"href":"https:\/\/stylingagenten.com\/no\/wp-json\/wp\/v2\/product_cat?post=435360"},{"taxonomy":"product_tag","embeddable":true,"href":"https:\/\/stylingagenten.com\/no\/wp-json\/wp\/v2\/product_tag?post=435360"},{"taxonomy":"berocket_brand","embeddable":true,"href":"https:\/\/stylingagenten.com\/no\/wp-json\/wp\/v2\/berocket_brand?post=435360"}],"curies":[{"name":"wp","href":"https:\/\/api.w.org\/{rel}","templated":true}]}}