{"id":435340,"date":"2025-07-09T15:59:52","date_gmt":"2025-07-09T15:59:52","guid":{"rendered":"https:\/\/staging2.stylingagenten.com\/no\/produkt\/gucci-guilty-pour-femme-edp-30ml\/"},"modified":"2026-03-31T12:58:50","modified_gmt":"2026-03-31T12:58:50","slug":"gucci-guilty-pour-femme-edp-30ml","status":"publish","type":"product","link":"https:\/\/stylingagenten.com\/no\/produkt\/gucci-guilty-pour-femme-edp-30ml\/","title":{"rendered":"Gucci Guilty Pour Femme Edp 30ml"},"content":{"rendered":"<p>Gucci Guilty-kolleksjonen presenterer et nytt kapittel, der den originale Pour Femme-duften introduseres som en rik eau de parfum som kombinerer ekstra blomstertoner og intensiverte naturlige dufter.<\/p>\n<p>Toppnoter: Mandora &#8211; en frukt funnet p\u00e5&aring; Kypros mykgj\u00f8res av bergamott og rosepepper<br \/>Hjertenoter: Syrin kontrastert med rosenr\u00f8de og fiolette toner, og lagdelt med geraniumolje, resulterer i en nyansert blanding.<br \/>Basenoter: Patchouli blander seg med rav for \u00e5 gi en sillage. <\/p>\n","protected":false},"excerpt":{"rendered":"<p>Gucci Guilty-kolleksjonen presenterer et nytt kapittel, der den originale Pour Femme-duften introduseres som en rik eau de parfum som kombinerer ekstra blomstertoner og intensiverte naturlige dufter. Toppnoter: Mandora &#8211; en frukt funnet p\u00e5&aring; Kypros mykgj\u00f8res av bergamott og rosepepperHjertenoter: Syrin kontrastert med rosenr\u00f8de og fiolette toner, og lagdelt med geraniumolje, resulterer i en nyansert blanding.Basenoter: [&hellip;]<\/p>\n","protected":false},"featured_media":435339,"comment_status":"open","ping_status":"closed","template":"","meta":{"_trash_the_other_posts":false},"product_brand":[],"product_cat":[706,735,999],"product_tag":[],"berocket_brand":[1329],"class_list":{"0":"post-435340","1":"product","2":"type-product","3":"status-publish","4":"has-post-thumbnail","6":"product_cat-eau-de-parfum-dame","7":"product_cat-kampanje","8":"product_cat-kampanjetilbud-for-henne","9":"pa_brand-gucci","10":"pa_variant-30ml","11":"berocket_brand-gucci","13":"first","14":"instock","15":"sale","16":"taxable","17":"shipping-taxable","18":"purchasable","19":"product-type-simple"},"_links":{"self":[{"href":"https:\/\/stylingagenten.com\/no\/wp-json\/wp\/v2\/product\/435340","targetHints":{"allow":["GET"]}}],"collection":[{"href":"https:\/\/stylingagenten.com\/no\/wp-json\/wp\/v2\/product"}],"about":[{"href":"https:\/\/stylingagenten.com\/no\/wp-json\/wp\/v2\/types\/product"}],"replies":[{"embeddable":true,"href":"https:\/\/stylingagenten.com\/no\/wp-json\/wp\/v2\/comments?post=435340"}],"version-history":[{"count":0,"href":"https:\/\/stylingagenten.com\/no\/wp-json\/wp\/v2\/product\/435340\/revisions"}],"wp:featuredmedia":[{"embeddable":true,"href":"https:\/\/stylingagenten.com\/no\/wp-json\/wp\/v2\/media\/435339"}],"wp:attachment":[{"href":"https:\/\/stylingagenten.com\/no\/wp-json\/wp\/v2\/media?parent=435340"}],"wp:term":[{"taxonomy":"product_brand","embeddable":true,"href":"https:\/\/stylingagenten.com\/no\/wp-json\/wp\/v2\/product_brand?post=435340"},{"taxonomy":"product_cat","embeddable":true,"href":"https:\/\/stylingagenten.com\/no\/wp-json\/wp\/v2\/product_cat?post=435340"},{"taxonomy":"product_tag","embeddable":true,"href":"https:\/\/stylingagenten.com\/no\/wp-json\/wp\/v2\/product_tag?post=435340"},{"taxonomy":"berocket_brand","embeddable":true,"href":"https:\/\/stylingagenten.com\/no\/wp-json\/wp\/v2\/berocket_brand?post=435340"}],"curies":[{"name":"wp","href":"https:\/\/api.w.org\/{rel}","templated":true}]}}