{"id":413026,"date":"2025-05-18T23:42:06","date_gmt":"2025-05-18T23:42:06","guid":{"rendered":"https:\/\/staging2.stylingagenten.com\/no\/produkt\/beauty-uk-eyeshadow-palette-no-5-green-with-envy\/"},"modified":"2026-04-11T19:58:46","modified_gmt":"2026-04-11T19:58:46","slug":"beauty-uk-eyeshadow-palette-no-5-green-with-envy","status":"publish","type":"product","link":"https:\/\/stylingagenten.com\/no\/produkt\/beauty-uk-eyeshadow-palette-no-5-green-with-envy\/","title":{"rendered":"Beauty UK Eyeshadow Palette no.5 &#8211; Green with Envy"},"content":{"rendered":"<p>Denne \u00f8yenskyggekolleksjonen har et fantastisk utvalg av n\u00f8ye utvalgte paletter for \u00e5 skape det feilfrie utseendet du \u00f8nsker.<br data-reactid=\"93\"><br data-reactid=\"94\">Hver palett inneholder en kombinasjon av ti vakre nyanser og den eksklusive kremete formelen gir en fyldig farge med intens varig kraft.<\/p>\n","protected":false},"excerpt":{"rendered":"<p>Denne \u00f8yenskyggekolleksjonen har et fantastisk utvalg av n\u00f8ye utvalgte paletter for \u00e5 skape det feilfrie utseendet du \u00f8nsker.Hver palett inneholder en kombinasjon av ti vakre nyanser og den eksklusive kremete formelen gir en fyldig farge med intens varig kraft.<\/p>\n","protected":false},"featured_media":413024,"comment_status":"open","ping_status":"closed","template":"","meta":{"_trash_the_other_posts":false},"product_brand":[],"product_cat":[581],"product_tag":[2490],"berocket_brand":[1059],"class_list":{"0":"post-413026","1":"product","2":"type-product","3":"status-publish","4":"has-post-thumbnail","6":"product_cat-oyenskygge","7":"product_tag-beauty-uk-eyeshadow-palette","8":"pa_brand-beautyuk","9":"pa_variant-no-5-green-with-envy","10":"berocket_brand-beautyuk","12":"first","13":"instock","14":"sale","15":"taxable","16":"shipping-taxable","17":"purchasable","18":"product-type-simple"},"_links":{"self":[{"href":"https:\/\/stylingagenten.com\/no\/wp-json\/wp\/v2\/product\/413026","targetHints":{"allow":["GET"]}}],"collection":[{"href":"https:\/\/stylingagenten.com\/no\/wp-json\/wp\/v2\/product"}],"about":[{"href":"https:\/\/stylingagenten.com\/no\/wp-json\/wp\/v2\/types\/product"}],"replies":[{"embeddable":true,"href":"https:\/\/stylingagenten.com\/no\/wp-json\/wp\/v2\/comments?post=413026"}],"version-history":[{"count":0,"href":"https:\/\/stylingagenten.com\/no\/wp-json\/wp\/v2\/product\/413026\/revisions"}],"wp:featuredmedia":[{"embeddable":true,"href":"https:\/\/stylingagenten.com\/no\/wp-json\/wp\/v2\/media\/413024"}],"wp:attachment":[{"href":"https:\/\/stylingagenten.com\/no\/wp-json\/wp\/v2\/media?parent=413026"}],"wp:term":[{"taxonomy":"product_brand","embeddable":true,"href":"https:\/\/stylingagenten.com\/no\/wp-json\/wp\/v2\/product_brand?post=413026"},{"taxonomy":"product_cat","embeddable":true,"href":"https:\/\/stylingagenten.com\/no\/wp-json\/wp\/v2\/product_cat?post=413026"},{"taxonomy":"product_tag","embeddable":true,"href":"https:\/\/stylingagenten.com\/no\/wp-json\/wp\/v2\/product_tag?post=413026"},{"taxonomy":"berocket_brand","embeddable":true,"href":"https:\/\/stylingagenten.com\/no\/wp-json\/wp\/v2\/berocket_brand?post=413026"}],"curies":[{"name":"wp","href":"https:\/\/api.w.org\/{rel}","templated":true}]}}