{"id":412997,"date":"2025-05-18T23:42:01","date_gmt":"2025-05-18T23:42:01","guid":{"rendered":"https:\/\/staging2.stylingagenten.com\/no\/produkt\/bellapierre-shimmer-powder-068-penny-2-35g\/"},"modified":"2025-12-18T21:38:15","modified_gmt":"2025-12-18T21:38:15","slug":"bellapierre-shimmer-powder-068-penny-2-35g","status":"publish","type":"product","link":"https:\/\/stylingagenten.com\/no\/produkt\/bellapierre-shimmer-powder-068-penny-2-35g\/","title":{"rendered":"Bellapierre Shimmer Powder &#8211; 068 Penny 2.35g"},"content":{"rendered":"<p>Shimmer Powder Eyeshadow fra Bellapierre Cosmetics har en innovativ formel som best\u00e5r av mineraler og er designet for \u00e5 gi deg en vakker finish som varer lenge. Denne \u00f8yenskyggen inneholder glimmer, et glitrende mineral som skaper en uimotst\u00e5elig skimmer.<\/p>\n","protected":false},"excerpt":{"rendered":"<p>Shimmer Powder Eyeshadow fra Bellapierre Cosmetics har en innovativ formel som best\u00e5r av mineraler og er designet for \u00e5 gi deg en vakker finish som varer lenge. Denne \u00f8yenskyggen inneholder glimmer, et glitrende mineral som skaper en uimotst\u00e5elig skimmer.<\/p>\n","protected":false},"featured_media":412990,"comment_status":"open","ping_status":"closed","template":"","meta":{"_trash_the_other_posts":false},"product_brand":[],"product_cat":[1005,581],"product_tag":[2531],"berocket_brand":[1113],"class_list":{"0":"post-412997","1":"product","2":"type-product","3":"status-publish","4":"has-post-thumbnail","6":"product_cat-outlet","7":"product_cat-oyenskygge","8":"product_tag-bellapierre-shimmer-powder-2-35g","9":"pa_brand-bellapierre","10":"pa_variant-068-penny","11":"berocket_brand-bellapierre","13":"first","14":"instock","15":"sale","16":"taxable","17":"shipping-taxable","18":"purchasable","19":"product-type-simple"},"_links":{"self":[{"href":"https:\/\/stylingagenten.com\/no\/wp-json\/wp\/v2\/product\/412997","targetHints":{"allow":["GET"]}}],"collection":[{"href":"https:\/\/stylingagenten.com\/no\/wp-json\/wp\/v2\/product"}],"about":[{"href":"https:\/\/stylingagenten.com\/no\/wp-json\/wp\/v2\/types\/product"}],"replies":[{"embeddable":true,"href":"https:\/\/stylingagenten.com\/no\/wp-json\/wp\/v2\/comments?post=412997"}],"version-history":[{"count":0,"href":"https:\/\/stylingagenten.com\/no\/wp-json\/wp\/v2\/product\/412997\/revisions"}],"wp:featuredmedia":[{"embeddable":true,"href":"https:\/\/stylingagenten.com\/no\/wp-json\/wp\/v2\/media\/412990"}],"wp:attachment":[{"href":"https:\/\/stylingagenten.com\/no\/wp-json\/wp\/v2\/media?parent=412997"}],"wp:term":[{"taxonomy":"product_brand","embeddable":true,"href":"https:\/\/stylingagenten.com\/no\/wp-json\/wp\/v2\/product_brand?post=412997"},{"taxonomy":"product_cat","embeddable":true,"href":"https:\/\/stylingagenten.com\/no\/wp-json\/wp\/v2\/product_cat?post=412997"},{"taxonomy":"product_tag","embeddable":true,"href":"https:\/\/stylingagenten.com\/no\/wp-json\/wp\/v2\/product_tag?post=412997"},{"taxonomy":"berocket_brand","embeddable":true,"href":"https:\/\/stylingagenten.com\/no\/wp-json\/wp\/v2\/berocket_brand?post=412997"}],"curies":[{"name":"wp","href":"https:\/\/api.w.org\/{rel}","templated":true}]}}