{"id":412976,"date":"2025-05-18T23:41:58","date_gmt":"2025-05-18T23:41:58","guid":{"rendered":"https:\/\/staging2.stylingagenten.com\/no\/produkt\/bellapierre-9-stack-shimmer-astrid-15-75g\/"},"modified":"2025-12-18T21:38:49","modified_gmt":"2025-12-18T21:38:49","slug":"bellapierre-9-stack-shimmer-astrid-15-75g","status":"publish","type":"product","link":"https:\/\/stylingagenten.com\/no\/produkt\/bellapierre-9-stack-shimmer-astrid-15-75g\/","title":{"rendered":"Bellapierre 9-Stack Shimmer &#8211; Astrid 15.75g"},"content":{"rendered":"<p>Bellapierre 9-Stack inneholder 9 fantastiske kosmetiske glitter stablet opp\u00e5 hverandre. en veldig innovativ m\u00e5te.<\/p>\n<p>Shimmer Powder Eyeshadow fra Bellapierre Cosmetics har en innovativ formel som best\u00e5r av mineraler og er designet for \u00e5 gi deg en vakker finish som varer lenger gi. Denne \u00f8yenskyggen inneholder glimmer, et glitrende mineral som skaper en uimotst\u00e5elig skimmer.<\/p>\n","protected":false},"excerpt":{"rendered":"<p>Bellapierre 9-Stack inneholder 9 fantastiske kosmetiske glitter stablet opp\u00e5 hverandre. en veldig innovativ m\u00e5te. Shimmer Powder Eyeshadow fra Bellapierre Cosmetics har en innovativ formel som best\u00e5r av mineraler og er designet for \u00e5 gi deg en vakker finish som varer lenger gi. Denne \u00f8yenskyggen inneholder glimmer, et glitrende mineral som skaper en uimotst\u00e5elig skimmer.<\/p>\n","protected":false},"featured_media":412961,"comment_status":"open","ping_status":"closed","template":"","meta":{"_trash_the_other_posts":false},"product_brand":[],"product_cat":[1005,581],"product_tag":[2522],"berocket_brand":[1113],"class_list":{"0":"post-412976","1":"product","2":"type-product","3":"status-publish","4":"has-post-thumbnail","6":"product_cat-outlet","7":"product_cat-oyenskygge","8":"product_tag-bellapierre-9-stack-shimmer-15-75g","9":"pa_brand-bellapierre","10":"pa_variant-astrid","11":"berocket_brand-bellapierre","13":"first","14":"instock","15":"sale","16":"taxable","17":"shipping-taxable","18":"purchasable","19":"product-type-simple"},"_links":{"self":[{"href":"https:\/\/stylingagenten.com\/no\/wp-json\/wp\/v2\/product\/412976","targetHints":{"allow":["GET"]}}],"collection":[{"href":"https:\/\/stylingagenten.com\/no\/wp-json\/wp\/v2\/product"}],"about":[{"href":"https:\/\/stylingagenten.com\/no\/wp-json\/wp\/v2\/types\/product"}],"replies":[{"embeddable":true,"href":"https:\/\/stylingagenten.com\/no\/wp-json\/wp\/v2\/comments?post=412976"}],"version-history":[{"count":0,"href":"https:\/\/stylingagenten.com\/no\/wp-json\/wp\/v2\/product\/412976\/revisions"}],"wp:featuredmedia":[{"embeddable":true,"href":"https:\/\/stylingagenten.com\/no\/wp-json\/wp\/v2\/media\/412961"}],"wp:attachment":[{"href":"https:\/\/stylingagenten.com\/no\/wp-json\/wp\/v2\/media?parent=412976"}],"wp:term":[{"taxonomy":"product_brand","embeddable":true,"href":"https:\/\/stylingagenten.com\/no\/wp-json\/wp\/v2\/product_brand?post=412976"},{"taxonomy":"product_cat","embeddable":true,"href":"https:\/\/stylingagenten.com\/no\/wp-json\/wp\/v2\/product_cat?post=412976"},{"taxonomy":"product_tag","embeddable":true,"href":"https:\/\/stylingagenten.com\/no\/wp-json\/wp\/v2\/product_tag?post=412976"},{"taxonomy":"berocket_brand","embeddable":true,"href":"https:\/\/stylingagenten.com\/no\/wp-json\/wp\/v2\/berocket_brand?post=412976"}],"curies":[{"name":"wp","href":"https:\/\/api.w.org\/{rel}","templated":true}]}}