{"id":412925,"date":"2025-05-18T23:41:50","date_gmt":"2025-05-18T23:41:50","guid":{"rendered":"https:\/\/staging2.stylingagenten.com\/no\/produkt\/wet-n-wild-color-icon-10-pan-eyeshadow-palette-comfort-zone\/"},"modified":"2026-04-11T17:58:56","modified_gmt":"2026-04-11T17:58:56","slug":"wet-n-wild-color-icon-10-pan-eyeshadow-palette-comfort-zone","status":"publish","type":"product","link":"https:\/\/stylingagenten.com\/no\/produkt\/wet-n-wild-color-icon-10-pan-eyeshadow-palette-comfort-zone\/","title":{"rendered":"Wet n Wild Color Icon 10-Pan Eyeshadow Palette Comfort Zone"},"content":{"rendered":"<p>Klassikeren fra Wet n Wild har f\u00e5tt et nytt utseende og ny formel!<br \/>H\u00f8ypigmentert Color Icon Eyeshadow p\u00e5f\u00f8res; Lokket er glatt og mykt og hver palett inneholder en blanding av matte og skinnende skygger.<\/p>\n","protected":false},"excerpt":{"rendered":"<p>Klassikeren fra Wet n Wild har f\u00e5tt et nytt utseende og ny formel!H\u00f8ypigmentert Color Icon Eyeshadow p\u00e5f\u00f8res; Lokket er glatt og mykt og hver palett inneholder en blanding av matte og skinnende skygger.<\/p>\n","protected":false},"featured_media":412923,"comment_status":"open","ping_status":"closed","template":"","meta":{"_trash_the_other_posts":false},"product_brand":[],"product_cat":[581],"product_tag":[4079],"berocket_brand":[1035],"class_list":{"0":"post-412925","1":"product","2":"type-product","3":"status-publish","4":"has-post-thumbnail","6":"product_cat-oyenskygge","7":"product_tag-wet-n-wild-color-icon-10-pan-eyeshadow-palette","8":"pa_brand-wet-n-wild","9":"pa_variant-comfort-zone","10":"berocket_brand-wet-n-wild","12":"first","13":"outofstock","14":"sale","15":"taxable","16":"shipping-taxable","17":"purchasable","18":"product-type-simple"},"_links":{"self":[{"href":"https:\/\/stylingagenten.com\/no\/wp-json\/wp\/v2\/product\/412925","targetHints":{"allow":["GET"]}}],"collection":[{"href":"https:\/\/stylingagenten.com\/no\/wp-json\/wp\/v2\/product"}],"about":[{"href":"https:\/\/stylingagenten.com\/no\/wp-json\/wp\/v2\/types\/product"}],"replies":[{"embeddable":true,"href":"https:\/\/stylingagenten.com\/no\/wp-json\/wp\/v2\/comments?post=412925"}],"version-history":[{"count":0,"href":"https:\/\/stylingagenten.com\/no\/wp-json\/wp\/v2\/product\/412925\/revisions"}],"wp:featuredmedia":[{"embeddable":true,"href":"https:\/\/stylingagenten.com\/no\/wp-json\/wp\/v2\/media\/412923"}],"wp:attachment":[{"href":"https:\/\/stylingagenten.com\/no\/wp-json\/wp\/v2\/media?parent=412925"}],"wp:term":[{"taxonomy":"product_brand","embeddable":true,"href":"https:\/\/stylingagenten.com\/no\/wp-json\/wp\/v2\/product_brand?post=412925"},{"taxonomy":"product_cat","embeddable":true,"href":"https:\/\/stylingagenten.com\/no\/wp-json\/wp\/v2\/product_cat?post=412925"},{"taxonomy":"product_tag","embeddable":true,"href":"https:\/\/stylingagenten.com\/no\/wp-json\/wp\/v2\/product_tag?post=412925"},{"taxonomy":"berocket_brand","embeddable":true,"href":"https:\/\/stylingagenten.com\/no\/wp-json\/wp\/v2\/berocket_brand?post=412925"}],"curies":[{"name":"wp","href":"https:\/\/api.w.org\/{rel}","templated":true}]}}